{"id":13823,"date":"2025-09-04T09:52:05","date_gmt":"2025-09-04T09:52:05","guid":{"rendered":"https:\/\/olivia.es\/?page_id=13823"},"modified":"2025-09-04T10:03:33","modified_gmt":"2025-09-04T10:03:33","slug":"power-bi","status":"publish","type":"page","link":"https:\/\/olivia.es\/ca\/accelera-les-vendes\/power-bi\/","title":{"rendered":"Power BI"},"content":{"rendered":"\t\t<div data-elementor-type=\"wp-page\" data-elementor-id=\"13823\" class=\"elementor elementor-13823\" data-elementor-post-type=\"page\">\n\t\t\t\t<div class=\"elementor-element elementor-element-2097668 e-flex e-con-boxed e-con e-parent\" data-id=\"2097668\" data-element_type=\"container\" data-e-type=\"container\">\n\t\t\t\t\t<div class=\"e-con-inner\">\n\t\t<div class=\"elementor-element elementor-element-07c17a5 e-con-full e-flex e-con e-child\" data-id=\"07c17a5\" data-element_type=\"container\" data-e-type=\"container\">\n\t\t\t\t<div class=\"elementor-element elementor-element-08a3d05 elementor-widget__width-inherit elementor-widget elementor-widget-heading\" data-id=\"08a3d05\" data-element_type=\"widget\" data-e-type=\"widget\" data-widget_type=\"heading.default\">\n\t\t\t\t<div class=\"elementor-widget-container\">\n\t\t\t\t\t<h1 class=\"elementor-heading-title elementor-size-default\">Vendre millor, decidir millor, amb Power BI<\/h1>\t\t\t\t<\/div>\n\t\t\t\t<\/div>\n\t\t\t\t<div class=\"elementor-element elementor-element-584480a elementor-widget__width-initial elementor-widget-tablet__width-inherit elementor-widget elementor-widget-text-editor\" data-id=\"584480a\" data-element_type=\"widget\" data-e-type=\"widget\" data-widget_type=\"text-editor.default\">\n\t\t\t\t<div class=\"elementor-widget-container\">\n\t\t\t\t\t\t\t\t\t<p data-start=\"219\" data-end=\"471\">Power BI converteix les teves dades comercials en informaci\u00f3 accionable: pipeline, conversi\u00f3, previsi\u00f3 i rendibilitat per canal en un sol lloc. Amb Olivia t\u2019ajudem a posar llum al proc\u00e9s de venda perqu\u00e8 prenguis decisions m\u00e9s r\u00e0pides i amb m\u00e9s criteri.<\/p>\t\t\t\t\t\t\t\t<\/div>\n\t\t\t\t<\/div>\n\t\t\t\t<div class=\"elementor-element elementor-element-8b05bfb elementor-widget__width-initial elementor-button-align-stretch elementor-widget elementor-widget-form\" data-id=\"8b05bfb\" data-element_type=\"widget\" data-e-type=\"widget\" data-settings=\"{&quot;button_width&quot;:&quot;40&quot;,&quot;button_width_mobile&quot;:&quot;50&quot;,&quot;step_next_label&quot;:&quot;Next&quot;,&quot;step_previous_label&quot;:&quot;Previous&quot;,&quot;step_type&quot;:&quot;number_text&quot;,&quot;step_icon_shape&quot;:&quot;circle&quot;}\" data-widget_type=\"form.default\">\n\t\t\t\t<div class=\"elementor-widget-container\">\n\t\t\t\t\t\t\t<form class=\"elementor-form\" method=\"post\" name=\"New Form\" aria-label=\"New Form\">\n\t\t\t<input type=\"hidden\" name=\"post_id\" value=\"13823\"\/>\n\t\t\t<input type=\"hidden\" name=\"form_id\" value=\"8b05bfb\"\/>\n\t\t\t<input type=\"hidden\" name=\"referer_title\" value=\"Power BI per accelerar les vendes | Olivia\" \/>\n\n\t\t\t\t\t\t\t<input type=\"hidden\" name=\"queried_id\" value=\"13823\"\/>\n\t\t\t\n\t\t\t<div class=\"elementor-form-fields-wrapper elementor-labels-\">\n\t\t\t\t\t\t\t\t<div class=\"elementor-field-type-tel elementor-field-group elementor-column elementor-field-group-email elementor-col-60 elementor-sm-50 elementor-field-required\">\n\t\t\t\t\t\t\t\t\t\t\t\t<label for=\"form-field-email\" class=\"elementor-field-label elementor-screen-only\">\n\t\t\t\t\t\t\t\tDeixa\u2019ns el teu tel\u00e8fon\t\t\t\t\t\t\t<\/label>\n\t\t\t\t\t\t\t\t<input size=\"1\" type=\"tel\" name=\"form_fields[email]\" id=\"form-field-email\" class=\"elementor-field elementor-size-sm  elementor-field-textual\" placeholder=\"Deixa\u2019ns el teu tel\u00e8fon\" required=\"required\" pattern=\"[0-9()#&amp;+*-=.]+\" title=\"Only numbers and phone characters (#, -, *, etc) are accepted.\">\n\n\t\t\t\t\t\t<\/div>\n\t\t\t\t\t\t\t\t<div class=\"elementor-field-group elementor-column elementor-field-type-submit elementor-col-40 e-form__buttons elementor-sm-50\">\n\t\t\t\t\t<button class=\"elementor-button elementor-size-sm\" type=\"submit\">\n\t\t\t\t\t\t<span class=\"elementor-button-content-wrapper\">\n\t\t\t\t\t\t\t\t\t\t\t\t\t\t\t\t\t\t\t\t\t\t<span class=\"elementor-button-text\">Et truquem<\/span>\n\t\t\t\t\t\t\t\t\t\t\t\t\t<\/span>\n\t\t\t\t\t<\/button>\n\t\t\t\t<\/div>\n\t\t\t<\/div>\n\t\t<\/form>\n\t\t\t\t\t\t<\/div>\n\t\t\t\t<\/div>\n\t\t\t\t<\/div>\n\t\t<div class=\"elementor-element elementor-element-01972da e-con-full e-flex e-con e-child\" data-id=\"01972da\" data-element_type=\"container\" data-e-type=\"container\" data-settings=\"{&quot;background_background&quot;:&quot;classic&quot;}\">\n\t\t\t\t<div class=\"elementor-element elementor-element-9f58582 elementor-widget__width-inherit elementor-widget elementor-widget-image\" data-id=\"9f58582\" data-element_type=\"widget\" data-e-type=\"widget\" data-widget_type=\"image.default\">\n\t\t\t\t<div class=\"elementor-widget-container\">\n\t\t\t\t\t\t\t\t\t\t\t\t\t\t\t<img fetchpriority=\"high\" decoding=\"async\" width=\"2560\" height=\"1842\" src=\"https:\/\/olivia.es\/wp-content\/uploads\/2025\/04\/stephen-dawson-qwtCeJ5cLYs-unsplash-scaled.jpg\" class=\"attachment-full size-full wp-image-3220\" alt=\"\" srcset=\"https:\/\/olivia.es\/wp-content\/uploads\/2025\/04\/stephen-dawson-qwtCeJ5cLYs-unsplash-scaled.jpg 2560w, https:\/\/olivia.es\/wp-content\/uploads\/2025\/04\/stephen-dawson-qwtCeJ5cLYs-unsplash-300x216.jpg 300w, https:\/\/olivia.es\/wp-content\/uploads\/2025\/04\/stephen-dawson-qwtCeJ5cLYs-unsplash-1024x737.jpg 1024w, https:\/\/olivia.es\/wp-content\/uploads\/2025\/04\/stephen-dawson-qwtCeJ5cLYs-unsplash-768x553.jpg 768w, https:\/\/olivia.es\/wp-content\/uploads\/2025\/04\/stephen-dawson-qwtCeJ5cLYs-unsplash-1536x1105.jpg 1536w, https:\/\/olivia.es\/wp-content\/uploads\/2025\/04\/stephen-dawson-qwtCeJ5cLYs-unsplash-2048x1474.jpg 2048w\" sizes=\"(max-width: 2560px) 100vw, 2560px\" \/>\t\t\t\t\t\t\t\t\t\t\t\t\t\t\t<\/div>\n\t\t\t\t<\/div>\n\t\t\t\t<\/div>\n\t\t\t\t\t<\/div>\n\t\t\t\t<\/div>\n\t\t<div class=\"elementor-element elementor-element-c410041 e-flex e-con-boxed e-con e-parent\" data-id=\"c410041\" data-element_type=\"container\" data-e-type=\"container\">\n\t\t\t\t\t<div class=\"e-con-inner\">\n\t\t<div class=\"elementor-element elementor-element-bde8ba5 e-con-full e-flex e-con e-child\" data-id=\"bde8ba5\" data-element_type=\"container\" data-e-type=\"container\" data-settings=\"{&quot;background_background&quot;:&quot;classic&quot;}\">\n\t\t<div class=\"elementor-element elementor-element-23e07cb e-con-full e-flex e-con e-child\" data-id=\"23e07cb\" data-element_type=\"container\" data-e-type=\"container\">\n\t\t\t\t<div class=\"elementor-element elementor-element-bd93fa4 elementor-widget elementor-widget-heading\" data-id=\"bd93fa4\" data-element_type=\"widget\" data-e-type=\"widget\" data-widget_type=\"heading.default\">\n\t\t\t\t<div class=\"elementor-widget-container\">\n\t\t\t\t\t<h1 class=\"elementor-heading-title elementor-size-default\">Dades alineades per impulsar el creixement<\/h1>\t\t\t\t<\/div>\n\t\t\t\t<\/div>\n\t\t\t\t<div class=\"elementor-element elementor-element-bbb7c24 elementor-widget__width-initial elementor-widget-tablet__width-inherit elementor-widget elementor-widget-text-editor\" data-id=\"bbb7c24\" data-element_type=\"widget\" data-e-type=\"widget\" data-widget_type=\"text-editor.default\">\n\t\t\t\t<div class=\"elementor-widget-container\">\n\t\t\t\t\t\t\t\t\t<p data-start=\"526\" data-end=\"617\">Centralitza la informaci\u00f3 clau i comparteix una \u00fanica versi\u00f3 de la veritat amb tot l\u2019equip.<\/p>\t\t\t\t\t\t\t\t<\/div>\n\t\t\t\t<\/div>\n\t\t\t\t<div class=\"elementor-element elementor-element-b63bb76 elementor-widget__width-initial elementor-widget elementor-widget-text-editor\" data-id=\"b63bb76\" data-element_type=\"widget\" data-e-type=\"widget\" data-widget_type=\"text-editor.default\">\n\t\t\t\t<div class=\"elementor-widget-container\">\n\t\t\t\t\t\t\t\t\t<p data-start=\"619\" data-end=\"758\">Power BI connecta ERP, CRM i fulls de c\u00e0lcul per donar visibilitat real del negoci i coordinar millor comptes, oportunitats i pressupostos.<\/p>\t\t\t\t\t\t\t\t<\/div>\n\t\t\t\t<\/div>\n\t\t\t\t<div class=\"elementor-element elementor-element-64b0b2d elementor-widget elementor-widget-text-editor\" data-id=\"64b0b2d\" data-element_type=\"widget\" data-e-type=\"widget\" data-widget_type=\"text-editor.default\">\n\t\t\t\t<div class=\"elementor-widget-container\">\n\t\t\t\t\t\t\t\t\t<ul><li data-start=\"760\" data-end=\"851\"><p data-start=\"762\" data-end=\"851\">Integraci\u00f3 amb Business Central i Dynamics 365 CRM per treballar amb dades fiables.<\/p><\/li><li data-start=\"852\" data-end=\"941\"><p data-start=\"854\" data-end=\"941\">KPIs en temps real: pipeline, taxa de conversi\u00f3, win rate, cobertura d\u2019objectius.<\/p><\/li><li data-start=\"942\" data-end=\"1019\"><p data-start=\"944\" data-end=\"1019\">Segmentaci\u00f3 avan\u00e7ada per comercial, canal, zona, producte o campanya.<\/p><\/li><li data-start=\"1020\" data-end=\"1101\"><p data-start=\"1022\" data-end=\"1101\">Alertes i objectius per detectar desviacions i actuar abans que sigui tard.<\/p><\/li><\/ul>\t\t\t\t\t\t\t\t<\/div>\n\t\t\t\t<\/div>\n\t\t\t\t<\/div>\n\t\t<div class=\"elementor-element elementor-element-f25e8c4 e-con-full e-flex e-con e-child\" data-id=\"f25e8c4\" data-element_type=\"container\" data-e-type=\"container\" data-settings=\"{&quot;background_background&quot;:&quot;classic&quot;}\">\n\t\t\t\t<div class=\"elementor-element elementor-element-6fadb3f elementor-widget__width-inherit elementor-widget elementor-widget-image\" data-id=\"6fadb3f\" data-element_type=\"widget\" data-e-type=\"widget\" data-widget_type=\"image.default\">\n\t\t\t\t<div class=\"elementor-widget-container\">\n\t\t\t\t\t\t\t\t\t\t\t\t\t\t\t<img decoding=\"async\" width=\"2560\" height=\"1707\" src=\"https:\/\/olivia.es\/wp-content\/uploads\/2025\/05\/Olivia-Fotos-3-scaled.jpg\" class=\"attachment-full size-full wp-image-13266\" alt=\"\" srcset=\"https:\/\/olivia.es\/wp-content\/uploads\/2025\/05\/Olivia-Fotos-3-scaled.jpg 2560w, https:\/\/olivia.es\/wp-content\/uploads\/2025\/05\/Olivia-Fotos-3-300x200.jpg 300w, https:\/\/olivia.es\/wp-content\/uploads\/2025\/05\/Olivia-Fotos-3-1024x683.jpg 1024w, https:\/\/olivia.es\/wp-content\/uploads\/2025\/05\/Olivia-Fotos-3-768x512.jpg 768w, https:\/\/olivia.es\/wp-content\/uploads\/2025\/05\/Olivia-Fotos-3-1536x1024.jpg 1536w, https:\/\/olivia.es\/wp-content\/uploads\/2025\/05\/Olivia-Fotos-3-2048x1365.jpg 2048w\" sizes=\"(max-width: 2560px) 100vw, 2560px\" \/>\t\t\t\t\t\t\t\t\t\t\t\t\t\t\t<\/div>\n\t\t\t\t<\/div>\n\t\t\t\t<\/div>\n\t\t\t\t<\/div>\n\t\t<div class=\"elementor-element elementor-element-675235f e-con-full e-flex e-con e-child\" data-id=\"675235f\" data-element_type=\"container\" data-e-type=\"container\" data-settings=\"{&quot;background_background&quot;:&quot;classic&quot;}\">\n\t\t<div class=\"elementor-element elementor-element-1a361e2 e-con-full e-flex e-con e-child\" data-id=\"1a361e2\" data-element_type=\"container\" data-e-type=\"container\" data-settings=\"{&quot;background_background&quot;:&quot;classic&quot;}\">\n\t\t\t\t<div class=\"elementor-element elementor-element-d7f9975 elementor-widget__width-inherit elementor-widget elementor-widget-image\" data-id=\"d7f9975\" data-element_type=\"widget\" data-e-type=\"widget\" data-widget_type=\"image.default\">\n\t\t\t\t<div class=\"elementor-widget-container\">\n\t\t\t\t\t\t\t\t\t\t\t\t\t\t\t<img decoding=\"async\" width=\"1000\" height=\"1000\" src=\"https:\/\/olivia.es\/wp-content\/uploads\/2025\/04\/Diseno-sin-titulo-2.jpg\" class=\"attachment-full size-full wp-image-3193\" alt=\"\" srcset=\"https:\/\/olivia.es\/wp-content\/uploads\/2025\/04\/Diseno-sin-titulo-2.jpg 1000w, https:\/\/olivia.es\/wp-content\/uploads\/2025\/04\/Diseno-sin-titulo-2-300x300.jpg 300w, https:\/\/olivia.es\/wp-content\/uploads\/2025\/04\/Diseno-sin-titulo-2-150x150.jpg 150w, https:\/\/olivia.es\/wp-content\/uploads\/2025\/04\/Diseno-sin-titulo-2-768x768.jpg 768w\" sizes=\"(max-width: 1000px) 100vw, 1000px\" \/>\t\t\t\t\t\t\t\t\t\t\t\t\t\t\t<\/div>\n\t\t\t\t<\/div>\n\t\t\t\t<\/div>\n\t\t<div class=\"elementor-element elementor-element-076aab9 e-con-full e-flex e-con e-child\" data-id=\"076aab9\" data-element_type=\"container\" data-e-type=\"container\">\n\t\t\t\t<div class=\"elementor-element elementor-element-2ea865f elementor-widget elementor-widget-heading\" data-id=\"2ea865f\" data-element_type=\"widget\" data-e-type=\"widget\" data-widget_type=\"heading.default\">\n\t\t\t\t<div class=\"elementor-widget-container\">\n\t\t\t\t\t<h1 class=\"elementor-heading-title elementor-size-default\">M\u00e9s visibilitat, menys fricci\u00f3 a cada pas del proc\u00e9s<\/h1>\t\t\t\t<\/div>\n\t\t\t\t<\/div>\n\t\t\t\t<div class=\"elementor-element elementor-element-e940038 elementor-widget__width-initial elementor-widget-tablet__width-inherit elementor-widget elementor-widget-text-editor\" data-id=\"e940038\" data-element_type=\"widget\" data-e-type=\"widget\" data-widget_type=\"text-editor.default\">\n\t\t\t\t<div class=\"elementor-widget-container\">\n\t\t\t\t\t\t\t\t\t<p data-start=\"1166\" data-end=\"1228\">De l\u2019oportunitat al tancament, amb menys passos i m\u00e9s control.<\/p>\t\t\t\t\t\t\t\t<\/div>\n\t\t\t\t<\/div>\n\t\t\t\t<div class=\"elementor-element elementor-element-790d417 elementor-widget__width-initial elementor-widget elementor-widget-text-editor\" data-id=\"790d417\" data-element_type=\"widget\" data-e-type=\"widget\" data-widget_type=\"text-editor.default\">\n\t\t\t\t<div class=\"elementor-widget-container\">\n\t\t\t\t\t\t\t\t\t<p data-start=\"1230\" data-end=\"1438\">Amb l\u2019ecosistema Microsoft, comparteixes informes a Teams, treballes dades a Excel i automatitzes seguiments amb Power Automate. I amb Copilot, formules preguntes al teu model de dades i accelerees l\u2019an\u00e0lisi.<\/p>\t\t\t\t\t\t\t\t<\/div>\n\t\t\t\t<\/div>\n\t\t\t\t<div class=\"elementor-element elementor-element-82bece2 elementor-widget elementor-widget-text-editor\" data-id=\"82bece2\" data-element_type=\"widget\" data-e-type=\"widget\" data-widget_type=\"text-editor.default\">\n\t\t\t\t<div class=\"elementor-widget-container\">\n\t\t\t\t\t\t\t\t\t<ul><li data-start=\"1442\" data-end=\"1531\">Quadres de comandament per rol (direcci\u00f3 comercial, vendes, m\u00e0rqueting i finances).<\/li><li data-start=\"1534\" data-end=\"1600\">Previsi\u00f3 de vendes basada en dades hist\u00f2riques i tend\u00e8ncies.<\/li><li data-start=\"1603\" data-end=\"1685\">An\u00e0lisi de l\u2019embut i del cicle de venda per identificar colls d\u2019ampolla.<\/li><li data-start=\"1688\" data-end=\"1782\">Publicaci\u00f3 i compartici\u00f3 segures amb control d\u2019acc\u00e9s i RLS (seguretat a nivell de fila).<\/li><\/ul>\t\t\t\t\t\t\t\t<\/div>\n\t\t\t\t<\/div>\n\t\t\t\t<\/div>\n\t\t\t\t<\/div>\n\t\t<div class=\"elementor-element elementor-element-71ae831 e-con-full box1 e-flex e-con e-child\" data-id=\"71ae831\" data-element_type=\"container\" data-e-type=\"container\" data-settings=\"{&quot;background_background&quot;:&quot;classic&quot;}\">\n\t\t\t\t<div class=\"elementor-element elementor-element-8f4138f elementor-widget elementor-widget-heading\" data-id=\"8f4138f\" data-element_type=\"widget\" data-e-type=\"widget\" data-widget_type=\"heading.default\">\n\t\t\t\t<div class=\"elementor-widget-container\">\n\t\t\t\t\t<h3 class=\"elementor-heading-title elementor-size-default\">M\u00e9s que gr\u00e0fics. KPIs, alertes i acci\u00f3 integrada amb Teams.<\/h3>\t\t\t\t<\/div>\n\t\t\t\t<\/div>\n\t\t\t\t<\/div>\n\t\t\t\t\t<\/div>\n\t\t\t\t<\/div>\n\t\t<div class=\"elementor-element elementor-element-c9dff9d e-flex e-con-boxed e-con e-parent\" data-id=\"c9dff9d\" data-element_type=\"container\" data-e-type=\"container\" data-settings=\"{&quot;background_background&quot;:&quot;classic&quot;}\">\n\t\t\t\t\t<div class=\"e-con-inner\">\n\t\t\t\t<div class=\"elementor-element elementor-element-212798c elementor-widget elementor-widget-template\" data-id=\"212798c\" data-element_type=\"widget\" data-e-type=\"widget\" data-widget_type=\"template.default\">\n\t\t\t\t<div class=\"elementor-widget-container\">\n\t\t\t\t\t\t\t<div class=\"elementor-template\">\n\t\t\t\t\t<div data-elementor-type=\"container\" data-elementor-id=\"1500\" class=\"elementor elementor-1500\" data-elementor-post-type=\"elementor_library\">\n\t\t\t\t<div class=\"elementor-element elementor-element-2200c322 e-con-full e-flex e-con e-child\" data-id=\"2200c322\" data-element_type=\"container\" data-e-type=\"container\">\n\t\t<div class=\"elementor-element elementor-element-1b682318 e-con-full e-flex e-con e-child\" data-id=\"1b682318\" data-element_type=\"container\" data-e-type=\"container\">\n\t\t\t\t<div class=\"elementor-element elementor-element-51fccbe4 elementor-widget elementor-widget-heading\" data-id=\"51fccbe4\" data-element_type=\"widget\" data-e-type=\"widget\" data-widget_type=\"heading.default\">\n\t\t\t\t<div class=\"elementor-widget-container\">\n\t\t\t\t\t<h2 class=\"elementor-heading-title elementor-size-default\">Parlem?<\/h2>\t\t\t\t<\/div>\n\t\t\t\t<\/div>\n\t\t\t\t<div class=\"elementor-element elementor-element-752d88ac elementor-widget elementor-widget-text-editor\" data-id=\"752d88ac\" data-element_type=\"widget\" data-e-type=\"widget\" data-widget_type=\"text-editor.default\">\n\t\t\t\t<div class=\"elementor-widget-container\">\n\t\t\t\t\t\t\t\t\t<p>Et convidem a que ens facilitis les teves dades de contacte, i et trucarem per assessorar-te en la soluci\u00f3 que necessita el teu negoci.<\/p><p>\u00a0<\/p><p>Envia&#8217;ns un mail a <span style=\"text-decoration: underline;\"><a href=\"mailtohola@olivia.es\">hola@olivia.es<\/a><\/span><br \/>O truca&#8217;ns al: <span style=\"text-decoration: underline;\"><a href=\"tel:932380132\">932 380 132<\/a><\/span><\/p>\t\t\t\t\t\t\t\t<\/div>\n\t\t\t\t<\/div>\n\t\t\t\t<\/div>\n\t\t<div class=\"elementor-element elementor-element-7481f687 e-con-full e-flex e-con e-child\" data-id=\"7481f687\" data-element_type=\"container\" data-e-type=\"container\" data-settings=\"{&quot;background_background&quot;:&quot;classic&quot;}\">\n\t\t\t\t<div class=\"elementor-element elementor-element-3f096e87 elementor-button-align-stretch elementor-widget elementor-widget-form\" data-id=\"3f096e87\" data-element_type=\"widget\" data-e-type=\"widget\" data-settings=\"{&quot;step_next_label&quot;:&quot;Next&quot;,&quot;step_previous_label&quot;:&quot;Previous&quot;,&quot;button_width&quot;:&quot;100&quot;,&quot;step_type&quot;:&quot;number_text&quot;,&quot;step_icon_shape&quot;:&quot;circle&quot;}\" data-widget_type=\"form.default\">\n\t\t\t\t<div class=\"elementor-widget-container\">\n\t\t\t\t\t\t\t<form class=\"elementor-form\" method=\"post\" name=\"New Form\" aria-label=\"New Form\">\n\t\t\t<input type=\"hidden\" name=\"post_id\" value=\"1500\"\/>\n\t\t\t<input type=\"hidden\" name=\"form_id\" value=\"3f096e87\"\/>\n\t\t\t<input type=\"hidden\" name=\"referer_title\" value=\"Olivia | Dynamics 365 Business Central i CRM\" \/>\n\n\t\t\t\t\t\t\t<input type=\"hidden\" name=\"queried_id\" value=\"99\"\/>\n\t\t\t\n\t\t\t<div class=\"elementor-form-fields-wrapper elementor-labels-above\">\n\t\t\t\t\t\t\t\t<div class=\"elementor-field-type-text elementor-field-group elementor-column elementor-field-group-name elementor-col-50\">\n\t\t\t\t\t\t\t\t\t\t\t\t<label for=\"form-field-name\" class=\"elementor-field-label\">\n\t\t\t\t\t\t\t\tNom\t\t\t\t\t\t\t<\/label>\n\t\t\t\t\t\t\t\t\t\t\t\t\t\t<input size=\"1\" type=\"text\" name=\"form_fields[name]\" id=\"form-field-name\" class=\"elementor-field elementor-size-sm  elementor-field-textual\" placeholder=\"Maria\">\n\t\t\t\t\t\t\t\t\t\t\t<\/div>\n\t\t\t\t\t\t\t\t<div class=\"elementor-field-type-text elementor-field-group elementor-column elementor-field-group-field_4457459 elementor-col-50\">\n\t\t\t\t\t\t\t\t\t\t\t\t<label for=\"form-field-field_4457459\" class=\"elementor-field-label\">\n\t\t\t\t\t\t\t\tCognoms\t\t\t\t\t\t\t<\/label>\n\t\t\t\t\t\t\t\t\t\t\t\t\t\t<input size=\"1\" type=\"text\" name=\"form_fields[field_4457459]\" id=\"form-field-field_4457459\" class=\"elementor-field elementor-size-sm  elementor-field-textual\" placeholder=\"Garc\u00eda Alegre\">\n\t\t\t\t\t\t\t\t\t\t\t<\/div>\n\t\t\t\t\t\t\t\t<div class=\"elementor-field-type-email elementor-field-group elementor-column elementor-field-group-email elementor-col-50 elementor-field-required\">\n\t\t\t\t\t\t\t\t\t\t\t\t<label for=\"form-field-email\" class=\"elementor-field-label\">\n\t\t\t\t\t\t\t\tCorreu\t\t\t\t\t\t\t<\/label>\n\t\t\t\t\t\t\t\t\t\t\t\t\t\t<input size=\"1\" type=\"email\" name=\"form_fields[email]\" id=\"form-field-email\" class=\"elementor-field elementor-size-sm  elementor-field-textual\" placeholder=\"mariagarcia@exemple.com\" required=\"required\">\n\t\t\t\t\t\t\t\t\t\t\t<\/div>\n\t\t\t\t\t\t\t\t<div class=\"elementor-field-type-text elementor-field-group elementor-column elementor-field-group-field_32b53de elementor-col-50\">\n\t\t\t\t\t\t\t\t\t\t\t\t<label for=\"form-field-field_32b53de\" class=\"elementor-field-label\">\n\t\t\t\t\t\t\t\tNom de la teva empresa\t\t\t\t\t\t\t<\/label>\n\t\t\t\t\t\t\t\t\t\t\t\t\t\t<input size=\"1\" type=\"text\" name=\"form_fields[field_32b53de]\" id=\"form-field-field_32b53de\" class=\"elementor-field elementor-size-sm  elementor-field-textual\" placeholder=\"Nom Empresa\">\n\t\t\t\t\t\t\t\t\t\t\t<\/div>\n\t\t\t\t\t\t\t\t<div class=\"elementor-field-type-select elementor-field-group elementor-column elementor-field-group-field_bc845b9 elementor-col-50 elementor-field-required\">\n\t\t\t\t\t\t\t\t\t\t\t\t<label for=\"form-field-field_bc845b9\" class=\"elementor-field-label\">\n\t\t\t\t\t\t\t\tPa\u00eds\/Regi\u00f3\t\t\t\t\t\t\t<\/label>\n\t\t\t\t\t\t\t\t<div class=\"elementor-field elementor-select-wrapper remove-before \">\n\t\t\t<div class=\"select-caret-down-wrapper\">\n\t\t\t\t<svg aria-hidden=\"true\" class=\"e-font-icon-svg e-eicon-caret-down\" viewBox=\"0 0 571.4 571.4\" xmlns=\"http:\/\/www.w3.org\/2000\/svg\"><path d=\"M571 393Q571 407 561 418L311 668Q300 679 286 679T261 668L11 418Q0 407 0 393T11 368 36 357H536Q550 357 561 368T571 393Z\"><\/path><\/svg>\t\t\t<\/div>\n\t\t\t<select name=\"form_fields[field_bc845b9]\" id=\"form-field-field_bc845b9\" class=\"elementor-field-textual elementor-size-sm\" required=\"required\">\n\t\t\t\t\t\t\t\t\t<option value=\"Espanya\">Espanya<\/option>\n\t\t\t\t\t\t\t\t\t<option value=\"Andorra\">Andorra<\/option>\n\t\t\t\t\t\t\t\t\t<option value=\"Europa\">Europa<\/option>\n\t\t\t\t\t\t\t\t\t<option value=\"\u00c0sia Pac\u00edfic\">\u00c0sia Pac\u00edfic<\/option>\n\t\t\t\t\t\t\t\t\t<option value=\"Am\u00e8rica\">Am\u00e8rica<\/option>\n\t\t\t\t\t\t\t\t\t<option value=\"\u00c0sia\">\u00c0sia<\/option>\n\t\t\t\t\t\t\t<\/select>\n\t\t<\/div>\n\t\t\t\t\t\t<\/div>\n\t\t\t\t\t\t\t\t<div class=\"elementor-field-type-tel elementor-field-group elementor-column elementor-field-group-field_85d8e81 elementor-col-50 elementor-field-required\">\n\t\t\t\t\t\t\t\t\t\t\t\t<label for=\"form-field-field_85d8e81\" class=\"elementor-field-label\">\n\t\t\t\t\t\t\t\tTel\u00e8fon\t\t\t\t\t\t\t<\/label>\n\t\t\t\t\t\t\t\t<input size=\"1\" type=\"tel\" name=\"form_fields[field_85d8e81]\" id=\"form-field-field_85d8e81\" class=\"elementor-field elementor-size-sm  elementor-field-textual\" placeholder=\"+00 000 00 00 00\" required=\"required\" pattern=\"[0-9()#&amp;+*-=.]+\" title=\"Only numbers and phone characters (#, -, *, etc) are accepted.\">\n\n\t\t\t\t\t\t<\/div>\n\t\t\t\t\t\t\t\t<div class=\"elementor-field-type-acceptance elementor-field-group elementor-column elementor-field-group-field_31de459 elementor-col-100 elementor-field-required\">\n\t\t\t\t\t\t\t<div class=\"elementor-field-subgroup\">\n\t\t\t<span class=\"elementor-field-option\">\n\t\t\t\t<input type=\"checkbox\" name=\"form_fields[field_31de459]\" id=\"form-field-field_31de459\" class=\"elementor-field elementor-size-sm  elementor-acceptance-field\" required=\"required\">\n\t\t\t\t<label for=\"form-field-field_31de459\"><span class=\"box11\">Estic d\u2019acord amb la <u><a target=\"_blank\" rel=\"noopener noreferrer\" href=\"https:\/\/olivia.es\/politica-de-privacitat\/\">Pol\u00edtica de Privacitat<\/a><\/u><\/span><\/label>\t\t\t<\/span>\n\t\t<\/div>\n\t\t\t\t\t\t<\/div>\n\t\t\t\t\t\t\t\t<div class=\"elementor-field-type-recaptcha_v3 elementor-field-group elementor-column elementor-field-group-field_edf1630 elementor-col-100 recaptcha_v3-bottomright\">\n\t\t\t\t\t<div class=\"elementor-field\" id=\"form-field-field_edf1630\"><div class=\"elementor-g-recaptcha\" data-sitekey=\"6LexRcwrAAAAAFnzNzUXvzA2ayp1Z6GLbfEdPaho\" data-type=\"v3\" data-action=\"Form\" data-badge=\"bottomright\" data-size=\"invisible\"><\/div><\/div>\t\t\t\t<\/div>\n\t\t\t\t\t\t\t\t<div class=\"elementor-field-group elementor-column elementor-field-type-submit elementor-col-100 e-form__buttons\">\n\t\t\t\t\t<button class=\"elementor-button elementor-size-sm\" type=\"submit\">\n\t\t\t\t\t\t<span class=\"elementor-button-content-wrapper\">\n\t\t\t\t\t\t\t\t\t\t\t\t\t\t\t\t\t\t\t\t\t\t<span class=\"elementor-button-text\">Et truquem<\/span>\n\t\t\t\t\t\t\t\t\t\t\t\t\t<\/span>\n\t\t\t\t\t<\/button>\n\t\t\t\t<\/div>\n\t\t\t<\/div>\n\t\t<\/form>\n\t\t\t\t\t\t<\/div>\n\t\t\t\t<\/div>\n\t\t\t\t<\/div>\n\t\t\t\t<\/div>\n\t\t\t\t<\/div>\n\t\t\t\t<\/div>\n\t\t\t\t\t\t<\/div>\n\t\t\t\t<\/div>\n\t\t\t\t\t<\/div>\n\t\t\t\t<\/div>\n\t\t\t\t<\/div>\n\t\t","protected":false},"excerpt":{"rendered":"<p>Vendre millor, decidir millor, amb Power BI Power BI converteix les teves dades comercials en informaci\u00f3 accionable: pipeline, conversi\u00f3, previsi\u00f3 i rendibilitat per canal en un sol lloc. Amb Olivia t\u2019ajudem a posar llum al proc\u00e9s de venda perqu\u00e8 prenguis decisions m\u00e9s r\u00e0pides i amb m\u00e9s criteri. Dades alineades per impulsar el creixement Centralitza la [&hellip;]<\/p>\n","protected":false},"author":1,"featured_media":0,"parent":2396,"menu_order":0,"comment_status":"closed","ping_status":"closed","template":"","meta":{"_acf_changed":false,"footnotes":""},"class_list":["post-13823","page","type-page","status-publish","hentry"],"acf":[],"_links":{"self":[{"href":"https:\/\/olivia.es\/ca\/wp-json\/wp\/v2\/pages\/13823","targetHints":{"allow":["GET"]}}],"collection":[{"href":"https:\/\/olivia.es\/ca\/wp-json\/wp\/v2\/pages"}],"about":[{"href":"https:\/\/olivia.es\/ca\/wp-json\/wp\/v2\/types\/page"}],"author":[{"embeddable":true,"href":"https:\/\/olivia.es\/ca\/wp-json\/wp\/v2\/users\/1"}],"replies":[{"embeddable":true,"href":"https:\/\/olivia.es\/ca\/wp-json\/wp\/v2\/comments?post=13823"}],"version-history":[{"count":7,"href":"https:\/\/olivia.es\/ca\/wp-json\/wp\/v2\/pages\/13823\/revisions"}],"predecessor-version":[{"id":13832,"href":"https:\/\/olivia.es\/ca\/wp-json\/wp\/v2\/pages\/13823\/revisions\/13832"}],"up":[{"embeddable":true,"href":"https:\/\/olivia.es\/ca\/wp-json\/wp\/v2\/pages\/2396"}],"wp:attachment":[{"href":"https:\/\/olivia.es\/ca\/wp-json\/wp\/v2\/media?parent=13823"}],"curies":[{"name":"wp","href":"https:\/\/api.w.org\/{rel}","templated":true}]}}