{"id":2413,"date":"2025-04-07T08:47:00","date_gmt":"2025-04-07T08:47:00","guid":{"rendered":"https:\/\/olivia.es\/?page_id=2413"},"modified":"2025-06-11T10:00:59","modified_gmt":"2025-06-11T10:00:59","slug":"microsoft-teams","status":"publish","type":"page","link":"https:\/\/olivia.es\/ca\/accelera-les-vendes\/microsoft-teams\/","title":{"rendered":"Microsoft Teams"},"content":{"rendered":"\t\t<div data-elementor-type=\"wp-page\" data-elementor-id=\"2413\" class=\"elementor elementor-2413\" data-elementor-post-type=\"page\">\n\t\t\t\t<div class=\"elementor-element elementor-element-d8e61ed e-flex e-con-boxed e-con e-parent\" data-id=\"d8e61ed\" data-element_type=\"container\" data-e-type=\"container\">\n\t\t\t\t\t<div class=\"e-con-inner\">\n\t\t<div class=\"elementor-element elementor-element-9ecf856 e-con-full e-flex e-con e-child\" data-id=\"9ecf856\" data-element_type=\"container\" data-e-type=\"container\">\n\t\t\t\t<div class=\"elementor-element elementor-element-7deb587 elementor-widget__width-inherit elementor-widget elementor-widget-heading\" data-id=\"7deb587\" data-element_type=\"widget\" data-e-type=\"widget\" data-widget_type=\"heading.default\">\n\t\t\t\t<div class=\"elementor-widget-container\">\n\t\t\t\t\t<h1 class=\"elementor-heading-title elementor-size-default\">Vendre millor, connectar millor, amb Microsoft Teams\n\n<\/h1>\t\t\t\t<\/div>\n\t\t\t\t<\/div>\n\t\t\t\t<div class=\"elementor-element elementor-element-438c554 elementor-widget__width-initial elementor-widget-tablet__width-inherit elementor-widget elementor-widget-text-editor\" data-id=\"438c554\" data-element_type=\"widget\" data-e-type=\"widget\" data-widget_type=\"text-editor.default\">\n\t\t\t\t<div class=\"elementor-widget-container\">\n\t\t\t\t\t\t\t\t\t<p class=\"\" data-start=\"518\" data-end=\"774\">Teams \u00e9s molt m\u00e9s que videotrucades. \u00c9s un espai de treball digital que connecta equips, eines i informaci\u00f3 per tancar vendes o gestionar projectes amb m\u00e9s agilitat. Amb Olivia t\u2019ajudem a convertir Teams en una eina clau per al teu equip.<\/p>\t\t\t\t\t\t\t\t<\/div>\n\t\t\t\t<\/div>\n\t\t\t\t<div class=\"elementor-element elementor-element-7bf9aee elementor-widget__width-initial elementor-button-align-stretch elementor-widget elementor-widget-form\" data-id=\"7bf9aee\" data-element_type=\"widget\" data-e-type=\"widget\" data-settings=\"{&quot;button_width&quot;:&quot;40&quot;,&quot;button_width_mobile&quot;:&quot;50&quot;,&quot;step_next_label&quot;:&quot;Next&quot;,&quot;step_previous_label&quot;:&quot;Previous&quot;,&quot;step_type&quot;:&quot;number_text&quot;,&quot;step_icon_shape&quot;:&quot;circle&quot;}\" data-widget_type=\"form.default\">\n\t\t\t\t<div class=\"elementor-widget-container\">\n\t\t\t\t\t\t\t<form class=\"elementor-form\" method=\"post\" name=\"New Form\" aria-label=\"New Form\">\n\t\t\t<input type=\"hidden\" name=\"post_id\" value=\"2413\"\/>\n\t\t\t<input type=\"hidden\" name=\"form_id\" value=\"7bf9aee\"\/>\n\t\t\t<input type=\"hidden\" name=\"referer_title\" value=\"Microsoft Teams per a vendes i projectes | Olivia\" \/>\n\n\t\t\t\t\t\t\t<input type=\"hidden\" name=\"queried_id\" value=\"2413\"\/>\n\t\t\t\n\t\t\t<div class=\"elementor-form-fields-wrapper elementor-labels-\">\n\t\t\t\t\t\t\t\t<div class=\"elementor-field-type-tel elementor-field-group elementor-column elementor-field-group-email elementor-col-60 elementor-sm-50 elementor-field-required\">\n\t\t\t\t\t\t\t\t\t\t\t\t<label for=\"form-field-email\" class=\"elementor-field-label elementor-screen-only\">\n\t\t\t\t\t\t\t\tDeixa\u2019ns el teu tel\u00e8fon\t\t\t\t\t\t\t<\/label>\n\t\t\t\t\t\t\t\t<input size=\"1\" type=\"tel\" name=\"form_fields[email]\" id=\"form-field-email\" class=\"elementor-field elementor-size-sm  elementor-field-textual\" placeholder=\"Deixa\u2019ns el teu tel\u00e8fon\" required=\"required\" pattern=\"[0-9()#&amp;+*-=.]+\" title=\"Only numbers and phone characters (#, -, *, etc) are accepted.\">\n\n\t\t\t\t\t\t<\/div>\n\t\t\t\t\t\t\t\t<div class=\"elementor-field-group elementor-column elementor-field-type-submit elementor-col-40 e-form__buttons elementor-sm-50\">\n\t\t\t\t\t<button class=\"elementor-button elementor-size-sm\" type=\"submit\">\n\t\t\t\t\t\t<span class=\"elementor-button-content-wrapper\">\n\t\t\t\t\t\t\t\t\t\t\t\t\t\t\t\t\t\t\t\t\t\t<span class=\"elementor-button-text\">Et truquem<\/span>\n\t\t\t\t\t\t\t\t\t\t\t\t\t<\/span>\n\t\t\t\t\t<\/button>\n\t\t\t\t<\/div>\n\t\t\t<\/div>\n\t\t<\/form>\n\t\t\t\t\t\t<\/div>\n\t\t\t\t<\/div>\n\t\t\t\t<\/div>\n\t\t<div class=\"elementor-element elementor-element-3fa41a7 e-con-full e-flex e-con e-child\" data-id=\"3fa41a7\" data-element_type=\"container\" data-e-type=\"container\" data-settings=\"{&quot;background_background&quot;:&quot;classic&quot;}\">\n\t\t\t\t<div class=\"elementor-element elementor-element-853497f elementor-widget__width-inherit elementor-widget elementor-widget-image\" data-id=\"853497f\" data-element_type=\"widget\" data-e-type=\"widget\" data-widget_type=\"image.default\">\n\t\t\t\t<div class=\"elementor-widget-container\">\n\t\t\t\t\t\t\t\t\t\t\t\t\t\t\t<img fetchpriority=\"high\" decoding=\"async\" width=\"2560\" height=\"2560\" src=\"https:\/\/olivia.es\/wp-content\/uploads\/2025\/04\/sunder-muthukumaran-Fx7Ybi2w3cA-unsplash-scaled.jpg\" class=\"attachment-full size-full wp-image-3185\" alt=\"\" srcset=\"https:\/\/olivia.es\/wp-content\/uploads\/2025\/04\/sunder-muthukumaran-Fx7Ybi2w3cA-unsplash-scaled.jpg 2560w, https:\/\/olivia.es\/wp-content\/uploads\/2025\/04\/sunder-muthukumaran-Fx7Ybi2w3cA-unsplash-300x300.jpg 300w, https:\/\/olivia.es\/wp-content\/uploads\/2025\/04\/sunder-muthukumaran-Fx7Ybi2w3cA-unsplash-1024x1024.jpg 1024w, https:\/\/olivia.es\/wp-content\/uploads\/2025\/04\/sunder-muthukumaran-Fx7Ybi2w3cA-unsplash-150x150.jpg 150w, https:\/\/olivia.es\/wp-content\/uploads\/2025\/04\/sunder-muthukumaran-Fx7Ybi2w3cA-unsplash-768x768.jpg 768w, https:\/\/olivia.es\/wp-content\/uploads\/2025\/04\/sunder-muthukumaran-Fx7Ybi2w3cA-unsplash-1536x1536.jpg 1536w, https:\/\/olivia.es\/wp-content\/uploads\/2025\/04\/sunder-muthukumaran-Fx7Ybi2w3cA-unsplash-2048x2048.jpg 2048w\" sizes=\"(max-width: 2560px) 100vw, 2560px\" \/>\t\t\t\t\t\t\t\t\t\t\t\t\t\t\t<\/div>\n\t\t\t\t<\/div>\n\t\t\t\t<\/div>\n\t\t\t\t\t<\/div>\n\t\t\t\t<\/div>\n\t\t<div class=\"elementor-element elementor-element-96eb124 e-flex e-con-boxed e-con e-parent\" data-id=\"96eb124\" data-element_type=\"container\" data-e-type=\"container\">\n\t\t\t\t\t<div class=\"e-con-inner\">\n\t\t<div class=\"elementor-element elementor-element-a5d1d1f e-con-full e-flex e-con e-child\" data-id=\"a5d1d1f\" data-element_type=\"container\" data-e-type=\"container\" data-settings=\"{&quot;background_background&quot;:&quot;classic&quot;}\">\n\t\t<div class=\"elementor-element elementor-element-6a58ce3 e-con-full e-flex e-con e-child\" data-id=\"6a58ce3\" data-element_type=\"container\" data-e-type=\"container\">\n\t\t\t\t<div class=\"elementor-element elementor-element-a9bb8ca elementor-widget elementor-widget-heading\" data-id=\"a9bb8ca\" data-element_type=\"widget\" data-e-type=\"widget\" data-widget_type=\"heading.default\">\n\t\t\t\t<div class=\"elementor-widget-container\">\n\t\t\t\t\t<h1 class=\"elementor-heading-title elementor-size-default\">Un espai on tot l\u2019equip treballa alineat<\/h1>\t\t\t\t<\/div>\n\t\t\t\t<\/div>\n\t\t\t\t<div class=\"elementor-element elementor-element-0747278 elementor-widget__width-initial elementor-widget-tablet__width-inherit elementor-widget elementor-widget-text-editor\" data-id=\"0747278\" data-element_type=\"widget\" data-e-type=\"widget\" data-widget_type=\"text-editor.default\">\n\t\t\t\t<div class=\"elementor-widget-container\">\n\t\t\t\t\t\t\t\t\t<p class=\"\" data-start=\"962\" data-end=\"1035\">Centralitza la informaci\u00f3 i la comunicaci\u00f3 en un sol entorn<\/p>\t\t\t\t\t\t\t\t<\/div>\n\t\t\t\t<\/div>\n\t\t\t\t<div class=\"elementor-element elementor-element-61f104b elementor-widget__width-initial elementor-widget elementor-widget-text-editor\" data-id=\"61f104b\" data-element_type=\"widget\" data-e-type=\"widget\" data-widget_type=\"text-editor.default\">\n\t\t\t\t<div class=\"elementor-widget-container\">\n\t\t\t\t\t\t\t\t\t<p class=\"\" data-start=\"1037\" data-end=\"1292\">Teams permet que els equips de treball col\u00b7laborin en temps real, comparteixin informaci\u00f3 clau sobre clients i facin seguiment de projectes i tasques sense perdre temps entre correus, arxius i trucades. Tot passa dins d\u2019un mateix espai de treball.<\/p>\t\t\t\t\t\t\t\t<\/div>\n\t\t\t\t<\/div>\n\t\t\t\t<div class=\"elementor-element elementor-element-b698ffe elementor-widget elementor-widget-text-editor\" data-id=\"b698ffe\" data-element_type=\"widget\" data-e-type=\"widget\" data-widget_type=\"text-editor.default\">\n\t\t\t\t<div class=\"elementor-widget-container\">\n\t\t\t\t\t\t\t\t\t<ul><li data-start=\"1388\" data-end=\"1467\">Integraci\u00f3 amb CRM i ERP per accedir a dades de negoci sense sortir de Teams<\/li><li class=\"\" data-start=\"1468\" data-end=\"1532\"><p class=\"\" data-start=\"1470\" data-end=\"1532\">Notes i accions compartides durant i despr\u00e9s de les reunions<\/p><\/li><li class=\"\" data-start=\"1533\" data-end=\"1595\"><p class=\"\" data-start=\"1535\" data-end=\"1595\">Comunicaci\u00f3 m\u00e9s clara amb clients, equips interns i partners<\/p><\/li><\/ul>\t\t\t\t\t\t\t\t<\/div>\n\t\t\t\t<\/div>\n\t\t\t\t<\/div>\n\t\t<div class=\"elementor-element elementor-element-cff5970 e-con-full e-flex e-con e-child\" data-id=\"cff5970\" data-element_type=\"container\" data-e-type=\"container\" data-settings=\"{&quot;background_background&quot;:&quot;classic&quot;}\">\n\t\t\t\t<div class=\"elementor-element elementor-element-609257c elementor-widget__width-inherit elementor-widget elementor-widget-image\" data-id=\"609257c\" data-element_type=\"widget\" data-e-type=\"widget\" data-widget_type=\"image.default\">\n\t\t\t\t<div class=\"elementor-widget-container\">\n\t\t\t\t\t\t\t\t\t\t\t\t\t\t\t<img decoding=\"async\" width=\"576\" height=\"527\" src=\"https:\/\/olivia.es\/wp-content\/uploads\/2025\/06\/Frame-134445158.png\" class=\"attachment-full size-full wp-image-13398\" alt=\"\" srcset=\"https:\/\/olivia.es\/wp-content\/uploads\/2025\/06\/Frame-134445158.png 576w, https:\/\/olivia.es\/wp-content\/uploads\/2025\/06\/Frame-134445158-300x274.png 300w\" sizes=\"(max-width: 576px) 100vw, 576px\" \/>\t\t\t\t\t\t\t\t\t\t\t\t\t\t\t<\/div>\n\t\t\t\t<\/div>\n\t\t\t\t<\/div>\n\t\t\t\t<\/div>\n\t\t<div class=\"elementor-element elementor-element-58bae09 e-con-full e-flex e-con e-child\" data-id=\"58bae09\" data-element_type=\"container\" data-e-type=\"container\" data-settings=\"{&quot;background_background&quot;:&quot;classic&quot;}\">\n\t\t<div class=\"elementor-element elementor-element-f596cce e-con-full e-flex e-con e-child\" data-id=\"f596cce\" data-element_type=\"container\" data-e-type=\"container\" data-settings=\"{&quot;background_background&quot;:&quot;classic&quot;}\">\n\t\t\t\t<div class=\"elementor-element elementor-element-5e7a55d elementor-widget__width-inherit elementor-widget elementor-widget-image\" data-id=\"5e7a55d\" data-element_type=\"widget\" data-e-type=\"widget\" data-widget_type=\"image.default\">\n\t\t\t\t<div class=\"elementor-widget-container\">\n\t\t\t\t\t\t\t\t\t\t\t\t\t\t\t<img decoding=\"async\" width=\"1000\" height=\"1000\" src=\"https:\/\/olivia.es\/wp-content\/uploads\/2025\/04\/Diseno-sin-titulo-3.jpg\" class=\"attachment-full size-full wp-image-3194\" alt=\"\" srcset=\"https:\/\/olivia.es\/wp-content\/uploads\/2025\/04\/Diseno-sin-titulo-3.jpg 1000w, https:\/\/olivia.es\/wp-content\/uploads\/2025\/04\/Diseno-sin-titulo-3-300x300.jpg 300w, https:\/\/olivia.es\/wp-content\/uploads\/2025\/04\/Diseno-sin-titulo-3-150x150.jpg 150w, https:\/\/olivia.es\/wp-content\/uploads\/2025\/04\/Diseno-sin-titulo-3-768x768.jpg 768w\" sizes=\"(max-width: 1000px) 100vw, 1000px\" \/>\t\t\t\t\t\t\t\t\t\t\t\t\t\t\t<\/div>\n\t\t\t\t<\/div>\n\t\t\t\t<\/div>\n\t\t<div class=\"elementor-element elementor-element-c43a3d4 e-con-full e-flex e-con e-child\" data-id=\"c43a3d4\" data-element_type=\"container\" data-e-type=\"container\">\n\t\t\t\t<div class=\"elementor-element elementor-element-d8aace8 elementor-widget elementor-widget-heading\" data-id=\"d8aace8\" data-element_type=\"widget\" data-e-type=\"widget\" data-widget_type=\"heading.default\">\n\t\t\t\t<div class=\"elementor-widget-container\">\n\t\t\t\t\t<h1 class=\"elementor-heading-title elementor-size-default\">M\u00e9s rapidesa, menys fricci\u00f3 en cada pas del proc\u00e9s \n\n<\/h1>\t\t\t\t<\/div>\n\t\t\t\t<\/div>\n\t\t\t\t<div class=\"elementor-element elementor-element-afc8036 elementor-widget__width-initial elementor-widget-tablet__width-inherit elementor-widget elementor-widget-text-editor\" data-id=\"afc8036\" data-element_type=\"widget\" data-e-type=\"widget\" data-widget_type=\"text-editor.default\">\n\t\t\t\t<div class=\"elementor-widget-container\">\n\t\t\t\t\t\t\t\t\t<p class=\"\" data-start=\"1715\" data-end=\"1802\">Optimitza el proc\u00e9s en tot el circuit.\u00a0<\/p>\t\t\t\t\t\t\t\t<\/div>\n\t\t\t\t<\/div>\n\t\t\t\t<div class=\"elementor-element elementor-element-0b8fc8f elementor-widget__width-initial elementor-widget elementor-widget-text-editor\" data-id=\"0b8fc8f\" data-element_type=\"widget\" data-e-type=\"widget\" data-widget_type=\"text-editor.default\">\n\t\t\t\t<div class=\"elementor-widget-container\">\n\t\t\t\t\t\t\t\t\t<p class=\"\" data-start=\"1804\" data-end=\"2077\">Amb les eines de Microsoft 365 integrades dins Teams, pots gestionar documents, compartir propostes, revisar pressupostos i automatitzar seguiments en menys passos. I amb l\u2019ajuda de Copilot, tamb\u00e9 pots generar continguts, resums i informes amb IA.<\/p>\t\t\t\t\t\t\t\t<\/div>\n\t\t\t\t<\/div>\n\t\t\t\t<div class=\"elementor-element elementor-element-457cd12 elementor-widget elementor-widget-text-editor\" data-id=\"457cd12\" data-element_type=\"widget\" data-e-type=\"widget\" data-widget_type=\"text-editor.default\">\n\t\t\t\t<div class=\"elementor-widget-container\">\n\t\t\t\t\t\t\t\t\t<ul><li class=\"\" data-start=\"2104\" data-end=\"2158\"><p class=\"\" data-start=\"2106\" data-end=\"2158\">Fluxos de treball automatitzats amb Power Automate<\/p><\/li><li class=\"\" data-start=\"2159\" data-end=\"2224\"><p class=\"\" data-start=\"2161\" data-end=\"2224\">Documents en coedici\u00f3 des de SharePoint\/Word\/Excel<\/p><\/li><li class=\"\" data-start=\"2225\" data-end=\"2270\"><p class=\"\" data-start=\"2227\" data-end=\"2270\">Resums autom\u00e0tics de reunions amb Copilot<\/p><\/li><li class=\"\" data-start=\"2271\" data-end=\"2346\"><p class=\"\" data-start=\"2273\" data-end=\"2346\">Col\u00b7laboraci\u00f3 transversal amb altres departaments (finances, legal, etc.)<\/p><\/li><\/ul>\t\t\t\t\t\t\t\t<\/div>\n\t\t\t\t<\/div>\n\t\t\t\t<\/div>\n\t\t\t\t<\/div>\n\t\t<div class=\"elementor-element elementor-element-3711840 e-con-full box1 e-flex e-con e-child\" data-id=\"3711840\" data-element_type=\"container\" data-e-type=\"container\" data-settings=\"{&quot;background_background&quot;:&quot;classic&quot;}\">\n\t\t\t\t<div class=\"elementor-element elementor-element-94cc421 elementor-widget elementor-widget-heading\" data-id=\"94cc421\" data-element_type=\"widget\" data-e-type=\"widget\" data-widget_type=\"heading.default\">\n\t\t\t\t<div class=\"elementor-widget-container\">\n\t\t\t\t\t<h3 class=\"elementor-heading-title elementor-size-default\">M\u00e9s que videotrucades. Automatitza processos i treballa de forma col\u00b7laborativa<\/h3>\t\t\t\t<\/div>\n\t\t\t\t<\/div>\n\t\t\t\t<\/div>\n\t\t\t\t\t<\/div>\n\t\t\t\t<\/div>\n\t\t<div class=\"elementor-element elementor-element-91d632c e-flex e-con-boxed e-con e-parent\" data-id=\"91d632c\" data-element_type=\"container\" data-e-type=\"container\" id=\"parlem\" data-settings=\"{&quot;background_background&quot;:&quot;classic&quot;}\">\n\t\t\t\t\t<div class=\"e-con-inner\">\n\t\t\t\t<div class=\"elementor-element elementor-element-718e16e elementor-widget elementor-widget-template\" data-id=\"718e16e\" data-element_type=\"widget\" data-e-type=\"widget\" data-widget_type=\"template.default\">\n\t\t\t\t<div class=\"elementor-widget-container\">\n\t\t\t\t\t\t\t<div class=\"elementor-template\">\n\t\t\t\t\t<div data-elementor-type=\"container\" data-elementor-id=\"1500\" class=\"elementor elementor-1500\" data-elementor-post-type=\"elementor_library\">\n\t\t\t\t<div class=\"elementor-element elementor-element-2200c322 e-con-full e-flex e-con e-child\" data-id=\"2200c322\" data-element_type=\"container\" data-e-type=\"container\">\n\t\t<div class=\"elementor-element elementor-element-1b682318 e-con-full e-flex e-con e-child\" data-id=\"1b682318\" data-element_type=\"container\" data-e-type=\"container\">\n\t\t\t\t<div class=\"elementor-element elementor-element-51fccbe4 elementor-widget elementor-widget-heading\" data-id=\"51fccbe4\" data-element_type=\"widget\" data-e-type=\"widget\" data-widget_type=\"heading.default\">\n\t\t\t\t<div class=\"elementor-widget-container\">\n\t\t\t\t\t<h2 class=\"elementor-heading-title elementor-size-default\">Parlem?<\/h2>\t\t\t\t<\/div>\n\t\t\t\t<\/div>\n\t\t\t\t<div class=\"elementor-element elementor-element-752d88ac elementor-widget elementor-widget-text-editor\" data-id=\"752d88ac\" data-element_type=\"widget\" data-e-type=\"widget\" data-widget_type=\"text-editor.default\">\n\t\t\t\t<div class=\"elementor-widget-container\">\n\t\t\t\t\t\t\t\t\t<p>Et convidem a que ens facilitis les teves dades de contacte, i et trucarem per assessorar-te en la soluci\u00f3 que necessita el teu negoci.<\/p><p>\u00a0<\/p><p>Envia&#8217;ns un mail a <span style=\"text-decoration: underline;\"><a href=\"mailtohola@olivia.es\">hola@olivia.es<\/a><\/span><br \/>O truca&#8217;ns al: <span style=\"text-decoration: underline;\"><a href=\"tel:932380132\">932 380 132<\/a><\/span><\/p>\t\t\t\t\t\t\t\t<\/div>\n\t\t\t\t<\/div>\n\t\t\t\t<\/div>\n\t\t<div class=\"elementor-element elementor-element-7481f687 e-con-full e-flex e-con e-child\" data-id=\"7481f687\" data-element_type=\"container\" data-e-type=\"container\" data-settings=\"{&quot;background_background&quot;:&quot;classic&quot;}\">\n\t\t\t\t<div class=\"elementor-element elementor-element-3f096e87 elementor-button-align-stretch elementor-widget elementor-widget-form\" data-id=\"3f096e87\" data-element_type=\"widget\" data-e-type=\"widget\" data-settings=\"{&quot;step_next_label&quot;:&quot;Next&quot;,&quot;step_previous_label&quot;:&quot;Previous&quot;,&quot;button_width&quot;:&quot;100&quot;,&quot;step_type&quot;:&quot;number_text&quot;,&quot;step_icon_shape&quot;:&quot;circle&quot;}\" data-widget_type=\"form.default\">\n\t\t\t\t<div class=\"elementor-widget-container\">\n\t\t\t\t\t\t\t<form class=\"elementor-form\" method=\"post\" name=\"New Form\" aria-label=\"New Form\">\n\t\t\t<input type=\"hidden\" name=\"post_id\" value=\"1500\"\/>\n\t\t\t<input type=\"hidden\" name=\"form_id\" value=\"3f096e87\"\/>\n\t\t\t<input type=\"hidden\" name=\"referer_title\" value=\"Olivia | Dynamics 365 Business Central i CRM\" \/>\n\n\t\t\t\t\t\t\t<input type=\"hidden\" name=\"queried_id\" value=\"99\"\/>\n\t\t\t\n\t\t\t<div class=\"elementor-form-fields-wrapper elementor-labels-above\">\n\t\t\t\t\t\t\t\t<div class=\"elementor-field-type-text elementor-field-group elementor-column elementor-field-group-name elementor-col-50\">\n\t\t\t\t\t\t\t\t\t\t\t\t<label for=\"form-field-name\" class=\"elementor-field-label\">\n\t\t\t\t\t\t\t\tNom\t\t\t\t\t\t\t<\/label>\n\t\t\t\t\t\t\t\t\t\t\t\t\t\t<input size=\"1\" type=\"text\" name=\"form_fields[name]\" id=\"form-field-name\" class=\"elementor-field elementor-size-sm  elementor-field-textual\" placeholder=\"Maria\">\n\t\t\t\t\t\t\t\t\t\t\t<\/div>\n\t\t\t\t\t\t\t\t<div class=\"elementor-field-type-text elementor-field-group elementor-column elementor-field-group-field_4457459 elementor-col-50\">\n\t\t\t\t\t\t\t\t\t\t\t\t<label for=\"form-field-field_4457459\" class=\"elementor-field-label\">\n\t\t\t\t\t\t\t\tCognoms\t\t\t\t\t\t\t<\/label>\n\t\t\t\t\t\t\t\t\t\t\t\t\t\t<input size=\"1\" type=\"text\" name=\"form_fields[field_4457459]\" id=\"form-field-field_4457459\" class=\"elementor-field elementor-size-sm  elementor-field-textual\" placeholder=\"Garc\u00eda Alegre\">\n\t\t\t\t\t\t\t\t\t\t\t<\/div>\n\t\t\t\t\t\t\t\t<div class=\"elementor-field-type-email elementor-field-group elementor-column elementor-field-group-email elementor-col-50 elementor-field-required\">\n\t\t\t\t\t\t\t\t\t\t\t\t<label for=\"form-field-email\" class=\"elementor-field-label\">\n\t\t\t\t\t\t\t\tCorreu\t\t\t\t\t\t\t<\/label>\n\t\t\t\t\t\t\t\t\t\t\t\t\t\t<input size=\"1\" type=\"email\" name=\"form_fields[email]\" id=\"form-field-email\" class=\"elementor-field elementor-size-sm  elementor-field-textual\" placeholder=\"mariagarcia@exemple.com\" required=\"required\">\n\t\t\t\t\t\t\t\t\t\t\t<\/div>\n\t\t\t\t\t\t\t\t<div class=\"elementor-field-type-text elementor-field-group elementor-column elementor-field-group-field_32b53de elementor-col-50\">\n\t\t\t\t\t\t\t\t\t\t\t\t<label for=\"form-field-field_32b53de\" class=\"elementor-field-label\">\n\t\t\t\t\t\t\t\tNom de la teva empresa\t\t\t\t\t\t\t<\/label>\n\t\t\t\t\t\t\t\t\t\t\t\t\t\t<input size=\"1\" type=\"text\" name=\"form_fields[field_32b53de]\" id=\"form-field-field_32b53de\" class=\"elementor-field elementor-size-sm  elementor-field-textual\" placeholder=\"Nom Empresa\">\n\t\t\t\t\t\t\t\t\t\t\t<\/div>\n\t\t\t\t\t\t\t\t<div class=\"elementor-field-type-select elementor-field-group elementor-column elementor-field-group-field_bc845b9 elementor-col-50 elementor-field-required\">\n\t\t\t\t\t\t\t\t\t\t\t\t<label for=\"form-field-field_bc845b9\" class=\"elementor-field-label\">\n\t\t\t\t\t\t\t\tPa\u00eds\/Regi\u00f3\t\t\t\t\t\t\t<\/label>\n\t\t\t\t\t\t\t\t<div class=\"elementor-field elementor-select-wrapper remove-before \">\n\t\t\t<div class=\"select-caret-down-wrapper\">\n\t\t\t\t<svg aria-hidden=\"true\" class=\"e-font-icon-svg e-eicon-caret-down\" viewBox=\"0 0 571.4 571.4\" xmlns=\"http:\/\/www.w3.org\/2000\/svg\"><path d=\"M571 393Q571 407 561 418L311 668Q300 679 286 679T261 668L11 418Q0 407 0 393T11 368 36 357H536Q550 357 561 368T571 393Z\"><\/path><\/svg>\t\t\t<\/div>\n\t\t\t<select name=\"form_fields[field_bc845b9]\" id=\"form-field-field_bc845b9\" class=\"elementor-field-textual elementor-size-sm\" required=\"required\">\n\t\t\t\t\t\t\t\t\t<option value=\"Espanya\">Espanya<\/option>\n\t\t\t\t\t\t\t\t\t<option value=\"Andorra\">Andorra<\/option>\n\t\t\t\t\t\t\t\t\t<option value=\"Europa\">Europa<\/option>\n\t\t\t\t\t\t\t\t\t<option value=\"\u00c0sia Pac\u00edfic\">\u00c0sia Pac\u00edfic<\/option>\n\t\t\t\t\t\t\t\t\t<option value=\"Am\u00e8rica\">Am\u00e8rica<\/option>\n\t\t\t\t\t\t\t\t\t<option value=\"\u00c0sia\">\u00c0sia<\/option>\n\t\t\t\t\t\t\t<\/select>\n\t\t<\/div>\n\t\t\t\t\t\t<\/div>\n\t\t\t\t\t\t\t\t<div class=\"elementor-field-type-tel elementor-field-group elementor-column elementor-field-group-field_85d8e81 elementor-col-50 elementor-field-required\">\n\t\t\t\t\t\t\t\t\t\t\t\t<label for=\"form-field-field_85d8e81\" class=\"elementor-field-label\">\n\t\t\t\t\t\t\t\tTel\u00e8fon\t\t\t\t\t\t\t<\/label>\n\t\t\t\t\t\t\t\t<input size=\"1\" type=\"tel\" name=\"form_fields[field_85d8e81]\" id=\"form-field-field_85d8e81\" class=\"elementor-field elementor-size-sm  elementor-field-textual\" placeholder=\"+00 000 00 00 00\" required=\"required\" pattern=\"[0-9()#&amp;+*-=.]+\" title=\"Only numbers and phone characters (#, -, *, etc) are accepted.\">\n\n\t\t\t\t\t\t<\/div>\n\t\t\t\t\t\t\t\t<div class=\"elementor-field-type-acceptance elementor-field-group elementor-column elementor-field-group-field_31de459 elementor-col-100 elementor-field-required\">\n\t\t\t\t\t\t\t<div class=\"elementor-field-subgroup\">\n\t\t\t<span class=\"elementor-field-option\">\n\t\t\t\t<input type=\"checkbox\" name=\"form_fields[field_31de459]\" id=\"form-field-field_31de459\" class=\"elementor-field elementor-size-sm  elementor-acceptance-field\" required=\"required\">\n\t\t\t\t<label for=\"form-field-field_31de459\"><span class=\"box11\">Estic d\u2019acord amb la <u><a target=\"_blank\" rel=\"noopener noreferrer\" href=\"https:\/\/olivia.es\/politica-de-privacitat\/\">Pol\u00edtica de Privacitat<\/a><\/u><\/span><\/label>\t\t\t<\/span>\n\t\t<\/div>\n\t\t\t\t\t\t<\/div>\n\t\t\t\t\t\t\t\t<div class=\"elementor-field-type-recaptcha_v3 elementor-field-group elementor-column elementor-field-group-field_edf1630 elementor-col-100 recaptcha_v3-bottomright\">\n\t\t\t\t\t<div class=\"elementor-field\" id=\"form-field-field_edf1630\"><div class=\"elementor-g-recaptcha\" data-sitekey=\"6LexRcwrAAAAAFnzNzUXvzA2ayp1Z6GLbfEdPaho\" data-type=\"v3\" data-action=\"Form\" data-badge=\"bottomright\" data-size=\"invisible\"><\/div><\/div>\t\t\t\t<\/div>\n\t\t\t\t\t\t\t\t<div class=\"elementor-field-group elementor-column elementor-field-type-submit elementor-col-100 e-form__buttons\">\n\t\t\t\t\t<button class=\"elementor-button elementor-size-sm\" type=\"submit\">\n\t\t\t\t\t\t<span class=\"elementor-button-content-wrapper\">\n\t\t\t\t\t\t\t\t\t\t\t\t\t\t\t\t\t\t\t\t\t\t<span class=\"elementor-button-text\">Et truquem<\/span>\n\t\t\t\t\t\t\t\t\t\t\t\t\t<\/span>\n\t\t\t\t\t<\/button>\n\t\t\t\t<\/div>\n\t\t\t<\/div>\n\t\t<\/form>\n\t\t\t\t\t\t<\/div>\n\t\t\t\t<\/div>\n\t\t\t\t<\/div>\n\t\t\t\t<\/div>\n\t\t\t\t<\/div>\n\t\t\t\t<\/div>\n\t\t\t\t\t\t<\/div>\n\t\t\t\t<\/div>\n\t\t\t\t\t<\/div>\n\t\t\t\t<\/div>\n\t\t\t\t<\/div>\n\t\t","protected":false},"excerpt":{"rendered":"<p>Vendre millor, connectar millor, amb Microsoft Teams Teams \u00e9s molt m\u00e9s que videotrucades. \u00c9s un espai de treball digital que connecta equips, eines i informaci\u00f3 per tancar vendes o gestionar projectes amb m\u00e9s agilitat. Amb Olivia t\u2019ajudem a convertir Teams en una eina clau per al teu equip. Un espai on tot l\u2019equip treballa alineat [&hellip;]<\/p>\n","protected":false},"author":1,"featured_media":0,"parent":2396,"menu_order":0,"comment_status":"closed","ping_status":"closed","template":"elementor_header_footer","meta":{"_acf_changed":false,"footnotes":""},"class_list":["post-2413","page","type-page","status-publish","hentry"],"acf":[],"_links":{"self":[{"href":"https:\/\/olivia.es\/ca\/wp-json\/wp\/v2\/pages\/2413","targetHints":{"allow":["GET"]}}],"collection":[{"href":"https:\/\/olivia.es\/ca\/wp-json\/wp\/v2\/pages"}],"about":[{"href":"https:\/\/olivia.es\/ca\/wp-json\/wp\/v2\/types\/page"}],"author":[{"embeddable":true,"href":"https:\/\/olivia.es\/ca\/wp-json\/wp\/v2\/users\/1"}],"replies":[{"embeddable":true,"href":"https:\/\/olivia.es\/ca\/wp-json\/wp\/v2\/comments?post=2413"}],"version-history":[{"count":34,"href":"https:\/\/olivia.es\/ca\/wp-json\/wp\/v2\/pages\/2413\/revisions"}],"predecessor-version":[{"id":13564,"href":"https:\/\/olivia.es\/ca\/wp-json\/wp\/v2\/pages\/2413\/revisions\/13564"}],"up":[{"embeddable":true,"href":"https:\/\/olivia.es\/ca\/wp-json\/wp\/v2\/pages\/2396"}],"wp:attachment":[{"href":"https:\/\/olivia.es\/ca\/wp-json\/wp\/v2\/media?parent=2413"}],"curies":[{"name":"wp","href":"https:\/\/api.w.org\/{rel}","templated":true}]}}