{"id":3290,"date":"2025-04-18T09:24:13","date_gmt":"2025-04-18T09:24:13","guid":{"rendered":"https:\/\/olivia.es\/?page_id=3290"},"modified":"2025-12-07T10:35:05","modified_gmt":"2025-12-07T10:35:05","slug":"avis-legal","status":"publish","type":"page","link":"https:\/\/olivia.es\/ca\/avis-legal\/","title":{"rendered":"Av\u00eds Legal"},"content":{"rendered":"\t\t<div data-elementor-type=\"wp-page\" data-elementor-id=\"3290\" class=\"elementor elementor-3290\" data-elementor-post-type=\"page\">\n\t\t\t\t<div class=\"elementor-element elementor-element-42599e6 e-flex e-con-boxed e-con e-parent\" data-id=\"42599e6\" data-element_type=\"container\" data-e-type=\"container\">\n\t\t\t\t\t<div class=\"e-con-inner\">\n\t\t<div class=\"elementor-element elementor-element-8f4bc68 e-con-full e-flex e-con e-child\" data-id=\"8f4bc68\" data-element_type=\"container\" data-e-type=\"container\">\n\t\t\t\t<div class=\"elementor-element elementor-element-266221d elementor-widget__width-inherit elementor-widget elementor-widget-heading\" data-id=\"266221d\" data-element_type=\"widget\" data-e-type=\"widget\" data-widget_type=\"heading.default\">\n\t\t\t\t<div class=\"elementor-widget-container\">\n\t\t\t\t\t<h1 class=\"elementor-heading-title elementor-size-default\">Av\u00eds Legal\n<\/h1>\t\t\t\t<\/div>\n\t\t\t\t<\/div>\n\t\t\t\t<div class=\"elementor-element elementor-element-99c7046 elementor-widget elementor-widget-text-editor\" data-id=\"99c7046\" data-element_type=\"widget\" data-e-type=\"widget\" data-widget_type=\"text-editor.default\">\n\t\t\t\t<div class=\"elementor-widget-container\">\n\t\t\t\t\t\t\t\t\t<p data-start=\"67\" data-end=\"123\"><strong data-start=\"84\" data-end=\"123\">INFORMACI\u00d3 DEL TITULAR DEL LLOC WEB<\/strong><\/p><p data-start=\"67\" data-end=\"123\">En conformitat amb all\u00f2 establert a l\u2019art. 10 de la Llei 34\/2002, d\u201911 de juliol, de serveis de la societat de la informaci\u00f3 i de comer\u00e7 electr\u00f2nic, us informem que aquest lloc web pertany a:<\/p><p data-start=\"67\" data-end=\"123\">\u00a0<\/p><p data-start=\"67\" data-end=\"123\"><strong data-start=\"316\" data-end=\"341\">OLIVIA SISTEMAS, S.L.<\/strong>, amb domicili a l\u2019Avinguda Diagonal, n\u00fam. 441, Planta 3, de Barcelona (d\u2019ara endavant en aquest text tamb\u00e9 i indistintament \u201cEL TITULAR\u201d o \u201cel titular\u201d).<br data-start=\"495\" data-end=\"498\" \/>L\u2019adre\u00e7a electr\u00f2nica de l\u2019empresa \u00e9s la seg\u00fcent: <a class=\"decorated-link\" href=\"https:\/\/olivia.es\/\" target=\"_new\" rel=\"noopener\" data-start=\"547\" data-end=\"565\">https:\/\/olivia.es\/<\/a><\/p><p data-start=\"67\" data-end=\"123\">OLIVIA SISTEMAS, S.L. est\u00e0 inscrita al Registre Mercantil de Barcelona.<\/p><p data-start=\"67\" data-end=\"123\">El CIF\/NIF de l\u2019entitat \u00e9s: <strong data-start=\"670\" data-end=\"683\">B60394566<\/strong>.<\/p><p data-start=\"125\" data-end=\"821\"><br data-start=\"684\" data-end=\"687\" \/>Aquesta entitat es dedica a la consultoria inform\u00e0tica per a tota mena de clients.<br data-start=\"769\" data-end=\"772\" \/>Correu electr\u00f2nic de contacte: <strong data-start=\"803\" data-end=\"821\"><a class=\"decorated-link cursor-pointer\" rel=\"noopener\" data-start=\"805\" data-end=\"819\">gdpr@olivia.es<\/a><\/strong><\/p><p data-start=\"828\" data-end=\"869\">\u00a0<\/p><p data-start=\"828\" data-end=\"869\"><strong data-start=\"828\" data-end=\"869\">TERMES I CONDICIONS D\u2019\u00daS DE LA P\u00c0GINA<\/strong><\/p><p data-start=\"871\" data-end=\"952\">Per accedir al nostre lloc web no cal registrar-s\u2019hi ni obrir cap compte privada.<\/p><p data-start=\"954\" data-end=\"1540\">En qualsevol cas, ens reservem el dret a suspendre temporalment, i sense necessitat d\u2019av\u00eds previ als usuaris, l\u2019acc\u00e9s al nostre web en cas d\u2019efectuar operacions de manteniment, reparaci\u00f3, actualitzaci\u00f3 o millora dels serveis, informacions i continguts, aix\u00ed com a modificar o actualitzar les informacions, els continguts i les condicions d\u2019acc\u00e9s del mateix. Sempre que sigui raonablement possible, les actualitzacions de manteniment es programaran en horaris de baixa aflu\u00e8ncia a la xarxa, sense perjudici de la facultat discrecional del TITULAR per dur-les a terme en qualsevol moment.<\/p><p data-start=\"1547\" data-end=\"1587\">\u00a0<\/p><p data-start=\"1547\" data-end=\"1587\"><strong data-start=\"1547\" data-end=\"1587\">PROPIETAT INTEL\u00b7LECTUAL I INDUSTRIAL<\/strong><\/p><p data-start=\"1589\" data-end=\"1836\">El disseny del portal i els seus codis font, aix\u00ed com els logotips, marques i altres signes distintius que hi apareixen, pertanyen a l\u2019empresa titular de la p\u00e0gina i estan protegits pels corresponents drets de propietat intel\u00b7lectual i industrial.<\/p><p data-start=\"1838\" data-end=\"2177\">Aix\u00ed mateix, s\u2019informa que queda prohibida la reproducci\u00f3 total o parcial de qualsevol contingut publicat en aquest portal sense l\u2019autoritzaci\u00f3 pr\u00e8via de l\u2019empresa. Igualment, les dades i els formularis que es puguin publicar al lloc s\u00f3n propietat del titular i estan protegits pels drets d\u2019autor i\/o de propietat intel\u00b7lectual aplicables.<\/p><p data-start=\"2179\" data-end=\"2355\">EL TITULAR formula reserva expressa davant els usuaris i tercers de l\u2019exercici de totes les accions que emparen els seus leg\u00edtims drets de propietat intel\u00b7lectual i industrial.<\/p><p data-start=\"2362\" data-end=\"2397\">\u00a0<\/p><p data-start=\"2362\" data-end=\"2397\"><strong data-start=\"2362\" data-end=\"2397\">RESPONSABILITAT DELS CONTINGUTS<\/strong><\/p><p data-start=\"2399\" data-end=\"2534\">OLIVIA SISTEMAS, S.L. no es fa responsable de la legalitat d\u2019altres llocs web de tercers des dels quals es pugui accedir al seu portal.<\/p><p data-start=\"2536\" data-end=\"2667\">L\u2019empresa es reserva el dret a fer canvis al lloc web sense av\u00eds previ, amb l\u2019objectiu de mantenir la seva informaci\u00f3 actualitzada.<\/p><p data-start=\"2669\" data-end=\"2769\">L\u2019empresa no ser\u00e0 responsable de l\u2019\u00fas que tercers facin de la informaci\u00f3 publicada en el seu portal.<\/p><p data-start=\"2776\" data-end=\"2831\">\u00a0<\/p><p data-start=\"2776\" data-end=\"2831\"><strong data-start=\"2776\" data-end=\"2831\">DADES DE CAR\u00c0CTER PERSONAL \u2013 POL\u00cdTICA DE PRIVACITAT<\/strong><\/p><p data-start=\"2833\" data-end=\"3063\">D\u2019acord amb all\u00f2 disposat a la normativa europea de Protecci\u00f3 de Dades Personals, Reglament (UE) 2016\/679 i LO 3\/2018 de 5 de desembre, podeu consultar la nostra pol\u00edtica de privacitat a:<br data-start=\"3020\" data-end=\"3023\" \/><a class=\"decorated-link\" href=\"https:\/\/olivia.es\/politica-de-privacidad\" target=\"_new\" rel=\"noopener\" data-start=\"3023\" data-end=\"3063\">https:\/\/olivia.es\/politica-de-privacidad<\/a><\/p><p data-start=\"3070\" data-end=\"3108\">\u00a0<\/p><p data-start=\"3070\" data-end=\"3108\"><strong data-start=\"3070\" data-end=\"3108\">LEGISLACI\u00d3 I JURISDICCI\u00d3 APLICABLE<\/strong><\/p><p data-start=\"3110\" data-end=\"3585\">Els possibles conflictes en relaci\u00f3 amb aquest av\u00eds legal es resoldran exclusivament conforme al dret de l\u2019Estat espanyol i de la Comunitat Aut\u00f2noma de Catalunya, essent els <strong data-start=\"3284\" data-end=\"3308\">Jutjats de Barcelona<\/strong> els \u00fanics competents per al seu coneixement. Tota persona usu\u00e0ria del web, independentment de la jurisdicci\u00f3 territorial des de la qual s\u2019hi accedeixi, accepta el compliment i respecte d\u2019aquesta cl\u00e0usula, amb ren\u00fancia expressa a qualsevol altre fur que li pogu\u00e9s correspondre.<\/p><p data-start=\"3587\" data-end=\"3631\"><strong data-start=\"3587\" data-end=\"3631\">\u00daltima actualitzaci\u00f3: 17 de juny de 2025<\/strong><\/p><p data-start=\"3633\" data-end=\"3685\">\u00a9 2025 OLIVIA SISTEMAS S.L. Tots els drets reservats<\/p>\t\t\t\t\t\t\t\t<\/div>\n\t\t\t\t<\/div>\n\t\t\t\t<\/div>\n\t\t<div class=\"elementor-element elementor-element-b9a7220 e-con-full e-flex e-con e-child\" data-id=\"b9a7220\" data-element_type=\"container\" data-e-type=\"container\" data-settings=\"{&quot;background_background&quot;:&quot;classic&quot;}\">\n\t\t\t\t<\/div>\n\t\t\t\t\t<\/div>\n\t\t\t\t<\/div>\n\t\t\t\t<\/div>\n\t\t","protected":false},"excerpt":{"rendered":"<p>Av\u00eds Legal INFORMACI\u00d3 DEL TITULAR DEL LLOC WEB En conformitat amb all\u00f2 establert a l\u2019art. 10 de la Llei 34\/2002, d\u201911 de juliol, de serveis de la societat de la informaci\u00f3 i de comer\u00e7 electr\u00f2nic, us informem que aquest lloc web pertany a: \u00a0 OLIVIA SISTEMAS, S.L., amb domicili a l\u2019Avinguda Diagonal, n\u00fam. 441, Planta [&hellip;]<\/p>\n","protected":false},"author":1,"featured_media":0,"parent":0,"menu_order":0,"comment_status":"closed","ping_status":"closed","template":"","meta":{"_acf_changed":false,"footnotes":""},"class_list":["post-3290","page","type-page","status-publish","hentry"],"acf":[],"_links":{"self":[{"href":"https:\/\/olivia.es\/ca\/wp-json\/wp\/v2\/pages\/3290","targetHints":{"allow":["GET"]}}],"collection":[{"href":"https:\/\/olivia.es\/ca\/wp-json\/wp\/v2\/pages"}],"about":[{"href":"https:\/\/olivia.es\/ca\/wp-json\/wp\/v2\/types\/page"}],"author":[{"embeddable":true,"href":"https:\/\/olivia.es\/ca\/wp-json\/wp\/v2\/users\/1"}],"replies":[{"embeddable":true,"href":"https:\/\/olivia.es\/ca\/wp-json\/wp\/v2\/comments?post=3290"}],"version-history":[{"count":7,"href":"https:\/\/olivia.es\/ca\/wp-json\/wp\/v2\/pages\/3290\/revisions"}],"predecessor-version":[{"id":14885,"href":"https:\/\/olivia.es\/ca\/wp-json\/wp\/v2\/pages\/3290\/revisions\/14885"}],"wp:attachment":[{"href":"https:\/\/olivia.es\/ca\/wp-json\/wp\/v2\/media?parent=3290"}],"curies":[{"name":"wp","href":"https:\/\/api.w.org\/{rel}","templated":true}]}}