{"id":19371,"date":"2022-07-20T08:19:17","date_gmt":"2022-07-20T07:19:17","guid":{"rendered":"http:\/\/express.olivia.es\/avis-legal\/"},"modified":"2022-12-16T13:09:44","modified_gmt":"2022-12-16T12:09:44","slug":"avis-legal","status":"publish","type":"page","link":"https:\/\/olivia.es\/express\/ca\/avis-legal\/","title":{"rendered":"Av\u00eds Legal"},"content":{"rendered":"\t\t<div data-elementor-type=\"wp-page\" data-elementor-id=\"19371\" class=\"elementor elementor-19371 elementor-17627\" data-elementor-post-type=\"page\">\n\t\t\t\t\t\t<section class=\"elementor-section elementor-top-section elementor-element elementor-element-f06289e elementor-section-boxed elementor-section-gap-beside-yes elementor-section-height-default elementor-section-height-default elementor-section-column-vertical-align-stretch\" data-id=\"f06289e\" data-element_type=\"section\" data-e-type=\"section\">\n\t\t\t\t\t\t<div class=\"elementor-container elementor-column-gap-extended\">\n\t\t\t\t\t<div class=\"elementor-column elementor-col-100 elementor-top-column elementor-element elementor-element-f68114a\" data-id=\"f68114a\" data-element_type=\"column\" data-e-type=\"column\">\n\t\t\t<div class=\"elementor-widget-wrap\">\n\t\t\t\t\t\t\t<\/div>\n\t\t<\/div>\n\t\t\t\t\t<\/div>\n\t\t<\/section>\n\t\t\t\t<section class=\"elementor-section elementor-top-section elementor-element elementor-element-e8b4d8d elementor-section-boxed elementor-section-gap-beside-yes elementor-section-height-default elementor-section-height-default elementor-section-content-align-center elementor-section-column-vertical-align-stretch\" data-id=\"e8b4d8d\" data-element_type=\"section\" data-e-type=\"section\">\n\t\t\t\t\t\t<div class=\"elementor-container elementor-column-gap-extended\">\n\t\t\t\t\t<div class=\"elementor-column elementor-col-100 elementor-top-column elementor-element elementor-element-45d4f1f\" data-id=\"45d4f1f\" data-element_type=\"column\" data-e-type=\"column\">\n\t\t\t<div class=\"elementor-widget-wrap elementor-element-populated\">\n\t\t\t\t\t\t<div class=\"elementor-element elementor-element-d2d53be elementor-widget elementor-widget-heading\" data-id=\"d2d53be\" data-element_type=\"widget\" data-e-type=\"widget\" data-widget_type=\"heading.default\">\n\t\t\t\t<div class=\"elementor-widget-container\">\n\t\t\t\t\t<h2 class=\"elementor-heading-title elementor-size-default\">Av\u00eds Legal<\/h2>\t\t\t\t<\/div>\n\t\t\t\t<\/div>\n\t\t\t\t\t<\/div>\n\t\t<\/div>\n\t\t\t\t\t<\/div>\n\t\t<\/section>\n\t\t\t\t<section class=\"elementor-section elementor-top-section elementor-element elementor-element-dae1977 elementor-section-boxed elementor-section-gap-beside-yes elementor-section-height-default elementor-section-height-default elementor-section-content-align-center elementor-section-column-vertical-align-stretch\" data-id=\"dae1977\" data-element_type=\"section\" data-e-type=\"section\">\n\t\t\t\t\t\t<div class=\"elementor-container elementor-column-gap-extended\">\n\t\t\t\t\t<div class=\"elementor-column elementor-col-100 elementor-top-column elementor-element elementor-element-101cd2f\" data-id=\"101cd2f\" data-element_type=\"column\" data-e-type=\"column\">\n\t\t\t<div class=\"elementor-widget-wrap elementor-element-populated\">\n\t\t\t\t\t\t<div class=\"elementor-element elementor-element-a14ce1f elementor-widget elementor-widget-text-editor\" data-id=\"a14ce1f\" data-element_type=\"widget\" data-e-type=\"widget\" data-widget_type=\"text-editor.default\">\n\t\t\t\t<div class=\"elementor-widget-container\">\n\t\t\t\t\t\t\t\t\t<h5><strong>INFORMACI\u00d3 DEL TITULAR DEL LLOC WEB.<\/strong><\/h5><p>Aquest lloc web pertany a OLIVIA SISTEMAS, S.L., domiciliada a l&#8217;Av. Diagonal, n\u00ba 441, Planta 3 de Barcelona.<\/p><p>L&#8217;adre\u00e7a electr\u00f2nica de l&#8217;empresa \u00e9s la seg\u00fcent: <a href=\"https:\/\/www.olivia.es\/\">https:\/\/www.olivia.cat\/<\/a><\/p><p>OLIVIA SISTEMAS, S.L. est\u00e0 inscrita en el Registre Mercantil de Barcelona.<\/p><p>El CIF\/NIF de l&#8217;entitat \u00e9s el seg\u00fcent: B60394566.<\/p><p>Aquesta entitat es dedica a la consultoria inform\u00e0tica a tota mena de clients.<\/p><h5><strong>TERMES I CONDICIONS D&#8217;\u00daS DE LA P\u00c0GINA.<\/strong><\/h5><p>A la nostra p\u00e0gina web, no \u00e9s necessari registrar-se per a accedir a ella, ni es requereix obrir cap compte privat.<\/p><h5><strong>PROPIETAT INTEL\u00b7LECTUAL I INDUSTRIAL.<\/strong><\/h5><p>El disseny del portal i dels seus codis-font, i tamb\u00e9 els logos, marques i altres signes distintius que apareixen en aquest pertanyen a l&#8217;empresa titular de la p\u00e0gina, i estan protegits pels corresponents drets de propietat intel\u00b7lectual i industrial.<\/p><p>Aix\u00ed mateix, s&#8217;informa que est\u00e0 prohibida la reproducci\u00f3 total o parcial de qualsevol contingut publicat en aquest portal, sense la pr\u00e8via autoritzaci\u00f3 de l&#8217;empresa. D&#8217;igual manera, les dades i els formularis que es puguin publicar en el lloc s\u00f3n propietat del titular, i estan protegits pels corresponents drets d&#8217;autor i\/o de propietat intel\u00b7lectual.<\/p><h5><strong>RESPONSABILITAT DELS CONTINGUTS.<\/strong><\/h5><p>OLIVIA SISTEMAS S.L. no es fa responsable de la legalitat d&#8217;altres llocs web de tercers des dels quals es pugui accedir al seu portal.<\/p><p>L&#8217;empresa es reserva el dret a realitzar canvis en el lloc web sense previ av\u00eds, amb l&#8217;objectiu de mantenir actualitzada la seva informaci\u00f3.<\/p><p>L&#8217;empresa no es far\u00e0 responsable de l&#8217;\u00fas que facin tercers de la informaci\u00f3 publicada en el seu portal.<\/p>\t\t\t\t\t\t\t\t<\/div>\n\t\t\t\t<\/div>\n\t\t\t\t\t<\/div>\n\t\t<\/div>\n\t\t\t\t\t<\/div>\n\t\t<\/section>\n\t\t\t\t<section class=\"elementor-section elementor-top-section elementor-element elementor-element-2dd33e43 elementor-section-stretched border-01 elementor-section-boxed elementor-section-gap-beside-yes elementor-section-height-default elementor-section-height-default elementor-section-column-vertical-align-stretch\" data-id=\"2dd33e43\" data-element_type=\"section\" data-e-type=\"section\" data-settings=\"{&quot;stretch_section&quot;:&quot;section-stretched&quot;}\">\n\t\t\t\t\t\t<div class=\"elementor-container elementor-column-gap-extended\">\n\t\t\t\t\t<div class=\"elementor-column elementor-col-25 elementor-top-column elementor-element elementor-element-6b44ceea\" data-id=\"6b44ceea\" data-element_type=\"column\" data-e-type=\"column\">\n\t\t\t<div class=\"elementor-widget-wrap elementor-element-populated\">\n\t\t\t\t\t\t<div class=\"elementor-element elementor-element-57f6dbdf elementor-widget elementor-widget-sala-site-logo\" data-id=\"57f6dbdf\" data-element_type=\"widget\" data-e-type=\"widget\" data-widget_type=\"sala-site-logo.default\">\n\t\t\t\t<div class=\"elementor-widget-container\">\n\t\t\t\t\t\t\t<div class=\"site-logo ux-element\" data-id=\"site-logo\">\r\n\t\t\t\t\t\t\t<a href=\"https:\/\/olivia.es\/express\/ca\/\" title=\"Olivia Express\">\r\n\t\t\t\t\t<img decoding=\"async\" class=\"site-main-logo\" src=\"https:\/\/olivia.es\/express\/wp-content\/uploads\/2022\/07\/logo_express2022_dark.png\" data-retina=\"http:\/\/express.olivia.es\/wp-content\/uploads\/2022\/07\/logo_express2022_dark_retina.png\" alt=\"Olivia Express\">\r\n\t\t\t\t\t<img decoding=\"async\" class=\"site-dark-logo hide\" src=\"http:\/\/express.olivia.es\/wp-content\/uploads\/2022\/07\/logo_express2022_light.png\" data-retina=\"http:\/\/express.olivia.es\/wp-content\/uploads\/2022\/07\/logo_express2022_light_retina.png\" alt=\"Olivia Express\">\r\n\t\t\t\t<\/a>\r\n\t\t\t\t\t<\/div>\r\n\t\t\t\t\t\t<\/div>\n\t\t\t\t<\/div>\n\t\t\t\t<div class=\"elementor-element elementor-element-2a1b1fe1 elementor-widget elementor-widget-text-editor\" data-id=\"2a1b1fe1\" data-element_type=\"widget\" data-e-type=\"widget\" data-widget_type=\"text-editor.default\">\n\t\t\t\t<div class=\"elementor-widget-container\">\n\t\t\t\t\t\t\t\t\t<p>Implantaci\u00f3 de Microsoft Dynamics 365 Business Central d&#8217;una manera r\u00e0pida i senzilla<\/p>\t\t\t\t\t\t\t\t<\/div>\n\t\t\t\t<\/div>\n\t\t\t\t<div class=\"elementor-element elementor-element-2173df5d elementor-widget elementor-widget-heading\" data-id=\"2173df5d\" data-element_type=\"widget\" data-e-type=\"widget\" data-widget_type=\"heading.default\">\n\t\t\t\t<div class=\"elementor-widget-container\">\n\t\t\t\t\t<h2 class=\"elementor-heading-title elementor-size-default\">Powered by<\/h2>\t\t\t\t<\/div>\n\t\t\t\t<\/div>\n\t\t\t\t<div class=\"elementor-element elementor-element-13a5d911 elementor-widget elementor-widget-image\" data-id=\"13a5d911\" data-element_type=\"widget\" data-e-type=\"widget\" data-widget_type=\"image.default\">\n\t\t\t\t<div class=\"elementor-widget-container\">\n\t\t\t\t\t\t\t\t\t\t\t\t\t\t\t<img fetchpriority=\"high\" decoding=\"async\" width=\"933\" height=\"307\" src=\"https:\/\/olivia.es\/express\/wp-content\/uploads\/2022\/07\/Logo-Olivia-2018.png\" class=\"attachment-large size-large wp-image-17729\" alt=\"\" srcset=\"https:\/\/olivia.es\/express\/wp-content\/uploads\/2022\/07\/Logo-Olivia-2018.png 933w, https:\/\/olivia.es\/express\/wp-content\/uploads\/2022\/07\/Logo-Olivia-2018-300x99.png 300w, https:\/\/olivia.es\/express\/wp-content\/uploads\/2022\/07\/Logo-Olivia-2018-768x253.png 768w\" sizes=\"(max-width: 933px) 100vw, 933px\" \/>\t\t\t\t\t\t\t\t\t\t\t\t\t\t\t<\/div>\n\t\t\t\t<\/div>\n\t\t\t\t\t<\/div>\n\t\t<\/div>\n\t\t\t\t<div class=\"elementor-column elementor-col-25 elementor-top-column elementor-element elementor-element-3c182111\" data-id=\"3c182111\" data-element_type=\"column\" data-e-type=\"column\">\n\t\t\t<div class=\"elementor-widget-wrap elementor-element-populated\">\n\t\t\t\t\t\t<div class=\"elementor-element elementor-element-3cbc7170 elementor-widget elementor-widget-heading\" data-id=\"3cbc7170\" data-element_type=\"widget\" data-e-type=\"widget\" data-widget_type=\"heading.default\">\n\t\t\t\t<div class=\"elementor-widget-container\">\n\t\t\t\t\t<h4 class=\"elementor-heading-title elementor-size-default\">Olivia Express<\/h4>\t\t\t\t<\/div>\n\t\t\t\t<\/div>\n\t\t\t\t<div class=\"elementor-element elementor-element-4ba784d sala-list-layout-block elementor-widget elementor-widget-global elementor-global-21077 elementor-widget-sala-list\" data-id=\"4ba784d\" data-element_type=\"widget\" data-e-type=\"widget\" data-widget_type=\"sala-list.default\">\n\t\t\t\t<div class=\"elementor-widget-container\">\n\t\t\t\t\t\t\t<div class=\"sala-list\" data-id=\"\">\r\n\t\t\t\t\t\t\t\t<div class=\"item\">\r\n\r\n\t\t\t\t\t\t<a class=\"link\" href=\"https:\/\/express.olivia.es\/ca\/preus\/\">\r\n\t\t\t\t\t\t<div class=\"list-header\">\r\n\t\t\t\t\t\t\t\t\t\t\t\t\t\t\t\t\t\t\t\t\t\t\r\n\t\t\t\t\t\t\t<div class=\"text-wrap\">\r\n\t\t\t\t\t\t\t\t\t\t\t\t\t\t\t\t\t<div class=\"text\">\r\n\t\t\t\t\t\t\t\t\t\tPlans\t\t\t\t\t\t\t\t\t<\/div>\r\n\t\t\t\t\t\t\t\t\t\t\t\t\t\t\t<\/div>\r\n\r\n\t\t\t\t\t\t\t\t\t\t\t\t\t<\/div>\r\n\r\n\t\t\t\t\t\t<\/a>\r\n\t\t\t\t\t<\/div>\r\n\t\t\t\t\t\t\t\t\t\t<div class=\"item\">\r\n\r\n\t\t\t\t\t\t<a class=\"link\" href=\"https:\/\/express.olivia.es\/ca\/preus\/\">\r\n\t\t\t\t\t\t<div class=\"list-header\">\r\n\t\t\t\t\t\t\t\t\t\t\t\t\t\t\t\t\t\t\t\t\t\t\r\n\t\t\t\t\t\t\t<div class=\"text-wrap\">\r\n\t\t\t\t\t\t\t\t\t\t\t\t\t\t\t\t\t<div class=\"text\">\r\n\t\t\t\t\t\t\t\t\t\tPreus\t\t\t\t\t\t\t\t\t<\/div>\r\n\t\t\t\t\t\t\t\t\t\t\t\t\t\t\t<\/div>\r\n\r\n\t\t\t\t\t\t\t\t\t\t\t\t\t<\/div>\r\n\r\n\t\t\t\t\t\t<\/a>\r\n\t\t\t\t\t<\/div>\r\n\t\t\t\t\t\t\t\t\t\t<div class=\"item\">\r\n\r\n\t\t\t\t\t\t<a class=\"link\" href=\"https:\/\/express.olivia.es\/ca\/bc-cat\/\">\r\n\t\t\t\t\t\t<div class=\"list-header\">\r\n\t\t\t\t\t\t\t\t\t\t\t\t\t\t\t\t\t\t\t\t\t\t\r\n\t\t\t\t\t\t\t<div class=\"text-wrap\">\r\n\t\t\t\t\t\t\t\t\t\t\t\t\t\t\t\t\t<div class=\"text\">\r\n\t\t\t\t\t\t\t\t\t\tBC CAT\t\t\t\t\t\t\t\t\t<\/div>\r\n\t\t\t\t\t\t\t\t\t\t\t\t\t\t\t<\/div>\r\n\r\n\t\t\t\t\t\t\t\t\t\t\t\t\t<\/div>\r\n\r\n\t\t\t\t\t\t<\/a>\r\n\t\t\t\t\t<\/div>\r\n\t\t\t\t\t\t\t<\/div>\r\n\t\t\t\t\t\t<\/div>\n\t\t\t\t<\/div>\n\t\t\t\t\t<\/div>\n\t\t<\/div>\n\t\t\t\t<div class=\"elementor-column elementor-col-25 elementor-top-column elementor-element elementor-element-646dc3bd\" data-id=\"646dc3bd\" data-element_type=\"column\" data-e-type=\"column\">\n\t\t\t<div class=\"elementor-widget-wrap elementor-element-populated\">\n\t\t\t\t\t\t<div class=\"elementor-element elementor-element-76932154 elementor-widget elementor-widget-heading\" data-id=\"76932154\" data-element_type=\"widget\" data-e-type=\"widget\" data-widget_type=\"heading.default\">\n\t\t\t\t<div class=\"elementor-widget-container\">\n\t\t\t\t\t<h4 class=\"elementor-heading-title elementor-size-default\">Legals<\/h4>\t\t\t\t<\/div>\n\t\t\t\t<\/div>\n\t\t\t\t<div class=\"elementor-element elementor-element-5f632c66 sala-list-layout-block elementor-widget elementor-widget-sala-list\" data-id=\"5f632c66\" data-element_type=\"widget\" data-e-type=\"widget\" data-widget_type=\"sala-list.default\">\n\t\t\t\t<div class=\"elementor-widget-container\">\n\t\t\t\t\t\t\t<div class=\"sala-list\" data-id=\"\">\r\n\t\t\t\t\t\t\t\t<div class=\"item\">\r\n\r\n\t\t\t\t\t\t<a class=\"link\" href=\"http:\/\/express.olivia.es\/ca\/avis-legal\/\">\r\n\t\t\t\t\t\t<div class=\"list-header\">\r\n\t\t\t\t\t\t\t\t\t\t\t\t\t\t\t\t\t\t\t\t\t\t\r\n\t\t\t\t\t\t\t<div class=\"text-wrap\">\r\n\t\t\t\t\t\t\t\t\t\t\t\t\t\t\t\t\t<div class=\"text\">\r\n\t\t\t\t\t\t\t\t\t\tAv\u00eds Legal\t\t\t\t\t\t\t\t\t<\/div>\r\n\t\t\t\t\t\t\t\t\t\t\t\t\t\t\t<\/div>\r\n\r\n\t\t\t\t\t\t\t\t\t\t\t\t\t<\/div>\r\n\r\n\t\t\t\t\t\t<\/a>\r\n\t\t\t\t\t<\/div>\r\n\t\t\t\t\t\t\t\t\t\t<div class=\"item\">\r\n\r\n\t\t\t\t\t\t<a class=\"link\" href=\"http:\/\/express.olivia.es\/ca\/politica-de-cookies\/\">\r\n\t\t\t\t\t\t<div class=\"list-header\">\r\n\t\t\t\t\t\t\t\t\t\t\t\t\t\t\t\t\t\t\t\t\t\t\r\n\t\t\t\t\t\t\t<div class=\"text-wrap\">\r\n\t\t\t\t\t\t\t\t\t\t\t\t\t\t\t\t\t<div class=\"text\">\r\n\t\t\t\t\t\t\t\t\t\tPol\u00edtica de cookies\t\t\t\t\t\t\t\t\t<\/div>\r\n\t\t\t\t\t\t\t\t\t\t\t\t\t\t\t<\/div>\r\n\r\n\t\t\t\t\t\t\t\t\t\t\t\t\t<\/div>\r\n\r\n\t\t\t\t\t\t<\/a>\r\n\t\t\t\t\t<\/div>\r\n\t\t\t\t\t\t\t\t\t\t<div class=\"item\">\r\n\r\n\t\t\t\t\t\t<a class=\"link\" href=\"http:\/\/express.olivia.es\/ca\/politica-de-privacitat\/\">\r\n\t\t\t\t\t\t<div class=\"list-header\">\r\n\t\t\t\t\t\t\t\t\t\t\t\t\t\t\t\t\t\t\t\t\t\t\r\n\t\t\t\t\t\t\t<div class=\"text-wrap\">\r\n\t\t\t\t\t\t\t\t\t\t\t\t\t\t\t\t\t<div class=\"text\">\r\n\t\t\t\t\t\t\t\t\t\tPol\u00edtica de privacitat\t\t\t\t\t\t\t\t\t<\/div>\r\n\t\t\t\t\t\t\t\t\t\t\t\t\t\t\t<\/div>\r\n\r\n\t\t\t\t\t\t\t\t\t\t\t\t\t<\/div>\r\n\r\n\t\t\t\t\t\t<\/a>\r\n\t\t\t\t\t<\/div>\r\n\t\t\t\t\t\t\t<\/div>\r\n\t\t\t\t\t\t<\/div>\n\t\t\t\t<\/div>\n\t\t\t\t\t<\/div>\n\t\t<\/div>\n\t\t\t\t<div class=\"elementor-column elementor-col-25 elementor-top-column elementor-element elementor-element-12ad6894\" data-id=\"12ad6894\" data-element_type=\"column\" data-e-type=\"column\">\n\t\t\t<div class=\"elementor-widget-wrap elementor-element-populated\">\n\t\t\t\t\t\t<div class=\"elementor-element elementor-element-4fe678c7 elementor-widget elementor-widget-button\" data-id=\"4fe678c7\" data-element_type=\"widget\" data-e-type=\"widget\" data-widget_type=\"button.default\">\n\t\t\t\t<div class=\"elementor-widget-container\">\n\t\t\t\t\t\t\t\t\t<div class=\"elementor-button-wrapper\">\n\t\t\t\t\t<a class=\"elementor-button elementor-button-link elementor-size-md\" href=\"https:\/\/wa.me\/message\/WBYI4KTWYMOCM1\">\n\t\t\t\t\t\t<span class=\"elementor-button-content-wrapper\">\n\t\t\t\t\t\t<span class=\"elementor-button-icon\">\n\t\t\t\t<i aria-hidden=\"true\" class=\"fab fa-whatsapp\"><\/i>\t\t\t<\/span>\n\t\t\t\t\t\t\t\t\t<span class=\"elementor-button-text\">Enviar missatge<\/span>\n\t\t\t\t\t<\/span>\n\t\t\t\t\t<\/a>\n\t\t\t\t<\/div>\n\t\t\t\t\t\t\t\t<\/div>\n\t\t\t\t<\/div>\n\t\t\t\t<div class=\"elementor-element elementor-element-750f8bba elementor-widget elementor-widget-button\" data-id=\"750f8bba\" data-element_type=\"widget\" data-e-type=\"widget\" data-widget_type=\"button.default\">\n\t\t\t\t<div class=\"elementor-widget-container\">\n\t\t\t\t\t\t\t\t\t<div class=\"elementor-button-wrapper\">\n\t\t\t\t\t<a class=\"elementor-button elementor-button-link elementor-size-md\" href=\"https:\/\/outlook.office365.com\/owa\/calendar\/OLIVIAEXPRESS@olivia.es\/bookings\/s\/GjdfAZlGG0-fx3u3qFWwLw2\">\n\t\t\t\t\t\t<span class=\"elementor-button-content-wrapper\">\n\t\t\t\t\t\t<span class=\"elementor-button-icon\">\n\t\t\t\t<i aria-hidden=\"true\" class=\"fab fa-microsoft\"><\/i>\t\t\t<\/span>\n\t\t\t\t\t\t\t\t\t<span class=\"elementor-button-text\">Agendar videotrucada<\/span>\n\t\t\t\t\t<\/span>\n\t\t\t\t\t<\/a>\n\t\t\t\t<\/div>\n\t\t\t\t\t\t\t\t<\/div>\n\t\t\t\t<\/div>\n\t\t\t\t<div class=\"elementor-element elementor-element-6b8ed260 elementor-widget elementor-widget-button\" data-id=\"6b8ed260\" data-element_type=\"widget\" data-e-type=\"widget\" data-widget_type=\"button.default\">\n\t\t\t\t<div class=\"elementor-widget-container\">\n\t\t\t\t\t\t\t\t\t<div class=\"elementor-button-wrapper\">\n\t\t\t\t\t<a class=\"elementor-button elementor-button-link elementor-size-md\" href=\"https:\/\/www.linkedin.com\/company\/olivia-sistemas\/\">\n\t\t\t\t\t\t<span class=\"elementor-button-content-wrapper\">\n\t\t\t\t\t\t<span class=\"elementor-button-icon\">\n\t\t\t\t<i aria-hidden=\"true\" class=\"fab fa-linkedin-in\"><\/i>\t\t\t<\/span>\n\t\t\t\t\t\t\t\t\t<span class=\"elementor-button-text\">Contactar a Linkedin<\/span>\n\t\t\t\t\t<\/span>\n\t\t\t\t\t<\/a>\n\t\t\t\t<\/div>\n\t\t\t\t\t\t\t\t<\/div>\n\t\t\t\t<\/div>\n\t\t\t\t\t<\/div>\n\t\t<\/div>\n\t\t\t\t\t<\/div>\n\t\t<\/section>\n\t\t\t\t<\/div>\n\t\t","protected":false},"excerpt":{"rendered":"<p>Av\u00eds Legal INFORMACI\u00d3 DEL TITULAR DEL LLOC WEB. Aquest lloc web pertany a OLIVIA SISTEMAS, S.L., domiciliada a l&#8217;Av. Diagonal, n\u00ba 441, Planta 3 de Barcelona. L&#8217;adre\u00e7a electr\u00f2nica de l&#8217;empresa \u00e9s la seg\u00fcent: https:\/\/www.olivia.cat\/ OLIVIA SISTEMAS, S.L. est\u00e0 inscrita en el Registre Mercantil de Barcelona. El CIF\/NIF de l&#8217;entitat \u00e9s el seg\u00fcent: B60394566. Aquesta entitat [&hellip;]<\/p>\n","protected":false},"author":1,"featured_media":0,"parent":0,"menu_order":0,"comment_status":"closed","ping_status":"closed","template":"elementor_header_footer","meta":{"inline_featured_image":false,"footnotes":""},"class_list":["post-19371","page","type-page","status-publish","hentry","post-no-thumbnail"],"_links":{"self":[{"href":"https:\/\/olivia.es\/express\/ca\/wp-json\/wp\/v2\/pages\/19371","targetHints":{"allow":["GET"]}}],"collection":[{"href":"https:\/\/olivia.es\/express\/ca\/wp-json\/wp\/v2\/pages"}],"about":[{"href":"https:\/\/olivia.es\/express\/ca\/wp-json\/wp\/v2\/types\/page"}],"author":[{"embeddable":true,"href":"https:\/\/olivia.es\/express\/ca\/wp-json\/wp\/v2\/users\/1"}],"replies":[{"embeddable":true,"href":"https:\/\/olivia.es\/express\/ca\/wp-json\/wp\/v2\/comments?post=19371"}],"version-history":[{"count":7,"href":"https:\/\/olivia.es\/express\/ca\/wp-json\/wp\/v2\/pages\/19371\/revisions"}],"predecessor-version":[{"id":21094,"href":"https:\/\/olivia.es\/express\/ca\/wp-json\/wp\/v2\/pages\/19371\/revisions\/21094"}],"wp:attachment":[{"href":"https:\/\/olivia.es\/express\/ca\/wp-json\/wp\/v2\/media?parent=19371"}],"curies":[{"name":"wp","href":"https:\/\/api.w.org\/{rel}","templated":true}]}}