{"id":19401,"date":"2022-07-21T08:17:48","date_gmt":"2022-07-21T07:17:48","guid":{"rendered":"http:\/\/express.olivia.es\/preus\/"},"modified":"2023-06-09T11:32:55","modified_gmt":"2023-06-09T10:32:55","slug":"preus","status":"publish","type":"page","link":"https:\/\/olivia.es\/express\/ca\/preus\/","title":{"rendered":"Preus"},"content":{"rendered":"<style>\/*! elementor - v3.13.3 - 28-05-2023 *\/\n.elementor-heading-title{padding:0;margin:0;line-height:1}.elementor-widget-heading .elementor-heading-title[class*=elementor-size-]>a{color:inherit;font-size:inherit;line-height:inherit}.elementor-widget-heading .elementor-heading-title.elementor-size-small{font-size:15px}.elementor-widget-heading .elementor-heading-title.elementor-size-medium{font-size:19px}.elementor-widget-heading .elementor-heading-title.elementor-size-large{font-size:29px}.elementor-widget-heading .elementor-heading-title.elementor-size-xl{font-size:39px}.elementor-widget-heading .elementor-heading-title.elementor-size-xxl{font-size:59px}<\/style>\n<h1>TRIA EL PLA QUE M\u00c9S S&#8217;ADAPTI A LES TEVES NECESSITATS<\/h1>\n<p style=\"font-weight: 400;\">Cada pla est\u00e0 pensant per a una situaci\u00f3 de l&#8217;empresa diferent. Ens adaptem perqu\u00e8 una vegada inici\u00efs un servei, si necessites m\u00e9s ajuda, trobis plans de transici\u00f3 preparats perqu\u00e8 no tinguis la sensaci\u00f3 d&#8217;estar encallat.<\/p>\n<style>\/*! elementor - v3.13.3 - 28-05-2023 *\/\n.elementor-widget-image{text-align:center}.elementor-widget-image a{display:inline-block}.elementor-widget-image a img[src$=\".svg\"]{width:48px}.elementor-widget-image img{vertical-align:middle;display:inline-block}<\/style>\n<p>\t\t\t\t\t\t\t\t\t\t\t\t\t<a href=\"https:\/\/appsource.microsoft.com\/es-es\/marketplace\/consulting-services\/olivia_sistemas.oliviaexpress-autoserve\" target=\"_blank\" rel=\"noopener\"><br \/>\n\t\t\t\t\t\t\t<img loading=\"lazy\" decoding=\"async\" width=\"308\" height=\"136\" src=\"https:\/\/express.olivia.es\/wp-content\/uploads\/2022\/07\/Grupo-4000@2x.jpg\" alt=\"\" loading=\"lazy\" srcset=\"https:\/\/express.olivia.es\/wp-content\/uploads\/2022\/07\/Grupo-4000@2x.jpg 308w, https:\/\/express.olivia.es\/wp-content\/uploads\/2022\/07\/Grupo-4000@2x-300x132.jpg 300w\" sizes=\"auto, (max-width: 308px) 100vw, 308px\" \/>\t\t\t\t\t\t\t\t<\/a><br \/>\n\t\t\t\t\t\t\t\t\t\t\t\t\t\t\t\t<a href=\"https:\/\/appsource.microsoft.com\/es-es\/marketplace\/consulting-services\/olivia_sistemas.oliviaexpress-alacarte\" target=\"_blank\" rel=\"noopener\"><br \/>\n\t\t\t\t\t\t\t<img loading=\"lazy\" decoding=\"async\" width=\"308\" height=\"136\" src=\"https:\/\/express.olivia.es\/wp-content\/uploads\/2022\/07\/Grupo-4000@2x.jpg\" alt=\"\" loading=\"lazy\" srcset=\"https:\/\/express.olivia.es\/wp-content\/uploads\/2022\/07\/Grupo-4000@2x.jpg 308w, https:\/\/express.olivia.es\/wp-content\/uploads\/2022\/07\/Grupo-4000@2x-300x132.jpg 300w\" sizes=\"auto, (max-width: 308px) 100vw, 308px\" \/>\t\t\t\t\t\t\t\t<\/a><\/p>\n<style>\/*! elementor-pro - v3.13.1 - 11-05-2023 *\/\n.elementor-widget-price-list .elementor-price-list{list-style:none;padding:0;margin:0}.elementor-widget-price-list .elementor-price-list li{margin:0}.elementor-price-list li:not(:last-child){margin-bottom:20px}.elementor-price-list .elementor-price-list-image{max-width:50%;flex-shrink:0;padding-right:25px}.elementor-price-list .elementor-price-list-image img{width:100%}.elementor-price-list .elementor-price-list-header,.elementor-price-list .elementor-price-list-item,.elementor-price-list .elementor-price-list-text{display:flex}.elementor-price-list .elementor-price-list-item{align-items:flex-start}.elementor-price-list .elementor-price-list-item .elementor-price-list-text{align-items:flex-start;flex-wrap:wrap;flex-grow:1}.elementor-price-list .elementor-price-list-item .elementor-price-list-header{align-items:center;flex-basis:100%;font-size:19px;font-weight:600;margin-bottom:10px;justify-content:space-between}.elementor-price-list .elementor-price-list-item .elementor-price-list-title{max-width:80%}.elementor-price-list .elementor-price-list-item .elementor-price-list-price{font-weight:600}.elementor-price-list .elementor-price-list-item p.elementor-price-list-description{flex-basis:100%;font-size:14px;margin:0}.elementor-price-list .elementor-price-list-item .elementor-price-list-separator{flex-grow:1;margin-left:10px;margin-right:10px;border-bottom-style:dotted;border-bottom-width:2px;height:0}.elementor-price-table{text-align:center}.elementor-price-table .elementor-price-table__header{background:var(--e-price-table-header-background-color,#555);padding:20px 0}.elementor-price-table .elementor-price-table__heading{margin:0;padding:0;line-height:1.2;font-size:24px;font-weight:600;color:#fff}.elementor-price-table .elementor-price-table__subheading{font-size:13px;font-weight:400;color:#fff}.elementor-price-table .elementor-price-table__original-price{margin-right:15px;text-decoration:line-through;font-size:.5em;line-height:1;font-weight:400;align-self:center}.elementor-price-table .elementor-price-table__original-price .elementor-price-table__currency{font-size:1em;margin:0}.elementor-price-table .elementor-price-table__price{display:flex;justify-content:center;align-items:center;flex-wrap:wrap;flex-direction:row;color:#555;font-weight:800;font-size:65px;padding:40px 0}.elementor-price-table .elementor-price-table__price .elementor-typo-excluded{line-height:normal;letter-spacing:normal;text-transform:none;font-weight:400;font-size:medium;font-style:normal}.elementor-price-table .elementor-price-table__after-price{display:flex;flex-wrap:wrap;text-align:left;align-self:stretch;align-items:flex-start;flex-direction:column}.elementor-price-table .elementor-price-table__integer-part{line-height:.8}.elementor-price-table .elementor-price-table__currency,.elementor-price-table .elementor-price-table__fractional-part{line-height:1;font-size:.3em}.elementor-price-table .elementor-price-table__currency{margin-right:3px}.elementor-price-table .elementor-price-table__period{width:100%;font-size:13px;font-weight:400}.elementor-price-table .elementor-price-table__features-list{list-style-type:none;margin:0;padding:0;line-height:1;color:var(--e-price-table-features-list-color)}.elementor-price-table .elementor-price-table__features-list li{font-size:14px;line-height:1;margin:0;padding:0}.elementor-price-table .elementor-price-table__features-list li .elementor-price-table__feature-inner{margin-left:15px;margin-right:15px}.elementor-price-table .elementor-price-table__features-list li:not(:first-child):before{content:\"\";display:block;border:0 solid hsla(0,0%,47.8%,.3);margin:10px 12.5%}.elementor-price-table .elementor-price-table__features-list i{margin-right:10px;font-size:1.3em}.elementor-price-table .elementor-price-table__features-list svg{margin-right:10px;fill:var(--e-price-table-features-list-color);height:1.3em;width:1.3em}.elementor-price-table .elementor-price-table__features-list svg~*{vertical-align:text-top}.elementor-price-table .elementor-price-table__footer{padding:30px 0}.elementor-price-table .elementor-price-table__additional_info{margin:0;font-size:13px;line-height:1.4}.elementor-price-table__ribbon{position:absolute;top:0;left:auto;right:0;transform:rotate(90deg);width:150px;overflow:hidden;height:150px}.elementor-price-table__ribbon-inner{text-align:center;left:0;width:200%;transform:translateY(-50%) translateX(-50%) translateX(35px) rotate(-45deg);margin-top:35px;font-size:13px;line-height:2;font-weight:800;text-transform:uppercase;background:#000}.elementor-price-table__ribbon.elementor-ribbon-left{transform:rotate(0);left:0;right:auto}.elementor-price-table__ribbon.elementor-ribbon-right{transform:rotate(90deg);left:auto;right:0}.elementor-widget-price-table .elementor-widget-container{overflow:hidden;background-color:#f9fafa}.e-con-inner>.elementor-widget-price-list,.e-con>.elementor-widget-price-list{width:var(--container-widget-width);--flex-grow:var(--container-widget-flex-grow)}<\/style>\n<h3>\n\t\t\t\t\t\tBASIC\t\t\t\t\t\t<\/h3>\n<p>\t\t\t\t\t\t\tCompra de llic\u00e8ncies<br \/>Sense serveis d&#8217;implantaci\u00f3<br \/>+<br \/>\n\t\t\t\t\t\t65,50<br \/>\n\t\t\t\t\t\t\t\t\t\t\t\t\t\u20ac\u00a0usuari\/mes\t\t\t\t\t\t\t\t\t\t\t<\/p>\n<ul>\n<li>\n\t\t\t\t\t\t\t\t\t\tLlic\u00e8ncia Business Central\n\t\t\t\t\t\t<\/li>\n<li>\n\t\t\t\t\t\t\t\t\t\tAlta usuaris\n\t\t\t\t\t\t<\/li>\n<li>\n\t\t\t\t\t\t\t\t\t\tOpcions addicionals\n\t\t\t\t\t\t<\/li>\n<li>\n\t\t\t\t\t\t\t\t\t\tAcc\u00e9s Academy\n\t\t\t\t\t\t<\/li>\n<li>\n\t\t\t\t\t\t\t\t\t\tOlivia Outils\n\t\t\t\t\t\t<\/li>\n<li>\n\t\t\t\t\t\t\t\t\t\tSupportdesk\n\t\t\t\t\t\t<\/li>\n<\/ul>\n<p>\t\t\t\t\t\t\t\t\t\t\t<a href=\"https:\/\/express.olivia.es\/ca\/basic\/\" target=\"_blank\" rel=\"noopener\"><br \/>\n\t\t\t\t\t\t\tM\u00e9s informaci\u00f3\t\t\t\t\t\t<\/a><\/p>\n<h3>\n\t\t\t\t\t\tAUTOSERVE\t\t\t\t\t\t<\/h3>\n<p>\t\t\t\t\t\t\tImplantaci\u00f3 autoservei<br \/>Pagament \u00fanic inicial de 1.900\u20ac<br \/>+<br \/>\n\t\t\t\t\t\t95,50<br \/>\n\t\t\t\t\t\t\t\t\t\t\t\t\t\u20ac\u00a0usuari\/mes\t\t\t\t\t\t\t\t\t\t\t<\/p>\n<ul>\n<li>\n\t\t\t\t\t\t\t\t\t\tLlic\u00e8ncia Business Central\n\t\t\t\t\t\t<\/li>\n<li>\n\t\t\t\t\t\t\t\t\t\tAlta usuaris\n\t\t\t\t\t\t<\/li>\n<li>\n\t\t\t\t\t\t\t\t\t\tAcc\u00e9s Academy\n\t\t\t\t\t\t<\/li>\n<li>\n\t\t\t\t\t\t\t\t\t\tOlivia Outils\n\t\t\t\t\t\t<\/li>\n<li>\n\t\t\t\t\t\t\t\t\t\tSupportdesk\n\t\t\t\t\t\t<\/li>\n<li>\n\t\t\t\t\t\t\t\t\t\tC\u00e0rrega de dades\n\t\t\t\t\t\t<\/li>\n<li>\n\t\t\t\t\t\t\t\t\t\tCreaci\u00f3 primer magatzem\n\t\t\t\t\t\t<\/li>\n<\/ul>\n<p>\t\t\t\t\t\t\t\t\t\t\t<a href=\"https:\/\/express.olivia.es\/ca\/autoserve\/\" target=\"_blank\" rel=\"noopener\"><br \/>\n\t\t\t\t\t\t\tM\u00e9s informaci\u00f3\t\t\t\t\t\t<\/a><\/p>\n<h3>\n\t\t\t\t\t\tA LA CARTE\t\t\t\t\t\t<\/h3>\n<p>\t\t\t\t\t\t\tImplantaci\u00f3 assistida<br \/>Pagament \u00fanic inicial des de 7.200\u20ac<br \/>+<br \/>\n\t\t\t\t\t\t95,50<br \/>\n\t\t\t\t\t\t\t\t\t\t\t\t\t\u20ac usuari\/mes\t\t\t\t\t\t\t\t\t\t\t<\/p>\n<ul>\n<li>\n\t\t\t\t\t\t\t\t\t\tLlic\u00e8ncia Business Central\n\t\t\t\t\t\t<\/li>\n<li>\n\t\t\t\t\t\t\t\t\t\tAlta usuaris\n\t\t\t\t\t\t<\/li>\n<li>\n\t\t\t\t\t\t\t\t\t\tAcc\u00e9s Academy\n\t\t\t\t\t\t<\/li>\n<li>\n\t\t\t\t\t\t\t\t\t\tOlivia Outils\n\t\t\t\t\t\t<\/li>\n<li>\n\t\t\t\t\t\t\t\t\t\tSupportdesk\n\t\t\t\t\t\t<\/li>\n<li>\n\t\t\t\t\t\t\t\t\t\tC\u00e0rrega de dades\n\t\t\t\t\t\t<\/li>\n<li>\n\t\t\t\t\t\t\t\t\t\tCreaci\u00f3 primer magatzem\n\t\t\t\t\t\t<\/li>\n<li>\n\t\t\t\t\t\t\t\t\t\tConsultoria inicial\n\t\t\t\t\t\t<\/li>\n<li>\n\t\t\t\t\t\t\t\t\t\tAjuda en la implantaci\u00f3\n\t\t\t\t\t\t<\/li>\n<\/ul>\n<p>\t\t\t\t\t\t\t\t\t\t\t<a href=\"https:\/\/express.olivia.es\/ca\/a-la-carte\/\" target=\"_blank\" rel=\"noopener\"><br \/>\n\t\t\t\t\t\t\tM\u00e9s informaci\u00f3\t\t\t\t\t\t<\/a><br \/>\n\t\t\t\t\tPopular\t\t\t\t<\/p>\n<p>* Els preus que es mostren no inclouen qualsevol impost o taxa aplicable, que s&#8217;afegir\u00e0 al cost de tots els serveis adquirits.<\/p>\n<p>Preus basats en contractaci\u00f3 de llic\u00e8ncies de Microsoft Dynamics 365 Business Central amb comprom\u00eds anual i pagament mensual<\/p>\n<style>\/*! elementor - v3.13.3 - 28-05-2023 *\/\nbody.elementor-page .elementor-widget-menu-anchor{margin-bottom:0}<\/style>\n<h5>Tens algun dubte?<\/h5>\n<h2>Hem intentat explicar-ho de la manera m\u00e9s clara possible, per\u00f2 segurament tindr\u00e0s molts dubtes sobre el servei, \u00e9s normal. Per aix\u00f2, et donem la possibilitat d&#8217;agendar una videotrucada amb alg\u00fa del nostre equip perqu\u00e8 pugui resoldre tots aquests dubtes i t&#8217;ampli\u00ef la informaci\u00f3. T&#8217;aconsellarem sobre quin \u00e9s el millor escenari segons la situaci\u00f3 de la teva empresa i les necessitats que teniu actuals i futures.<\/h2>\n<p>\t\t\t\t\t\t\t\t\t\t\t\t\t\t\t<img loading=\"lazy\" decoding=\"async\" width=\"1\" height=\"1\" src=\"https:\/\/express.olivia.es\/wp-content\/uploads\/2022\/07\/Woman-thinking-bro.svg\" alt=\"\" loading=\"lazy\" \/><br \/>\n\t\t<div class=\"wpforms-container wpforms-container-full\" id=\"wpforms-19719\"><form id=\"wpforms-form-19719\" class=\"wpforms-validate wpforms-form wpforms-ajax-form\" data-formid=\"19719\" method=\"post\" enctype=\"multipart\/form-data\" action=\"\/express\/ca\/wp-json\/wp\/v2\/pages\/19401\" data-token=\"1e6b9b98c8a8fffdb25c3ac64ab6139a\"><noscript class=\"wpforms-error-noscript\">Activeu el JavaScript al navegador per a poder completar el formulari.<\/noscript><div class=\"wpforms-field-container\"><div id=\"wpforms-19719-field_0-container\" class=\"wpforms-field wpforms-field-name\" data-field-id=\"0\"><label class=\"wpforms-field-label\" for=\"wpforms-19719-field_0\">Nom i cognoms <span class=\"wpforms-required-label\">*<\/span><\/label><div class=\"wpforms-field-row wpforms-field-medium\"><div class=\"wpforms-field-row-block wpforms-first wpforms-one-half\"><input type=\"text\" id=\"wpforms-19719-field_0\" class=\"wpforms-field-name-first wpforms-field-required\" name=\"wpforms[fields][0][first]\" placeholder=\"Nom\" required><label for=\"wpforms-19719-field_0\" class=\"wpforms-field-sublabel after wpforms-sublabel-hide\">Nom<\/label><\/div><div class=\"wpforms-field-row-block wpforms-one-half\"><input type=\"text\" id=\"wpforms-19719-field_0-last\" class=\"wpforms-field-name-last wpforms-field-required\" name=\"wpforms[fields][0][last]\" placeholder=\"Cognoms\" required><label for=\"wpforms-19719-field_0-last\" class=\"wpforms-field-sublabel after wpforms-sublabel-hide\">Cognoms<\/label><\/div><\/div><\/div><div id=\"wpforms-19719-field_1-container\" class=\"wpforms-field wpforms-field-email\" data-field-id=\"1\"><label class=\"wpforms-field-label\" for=\"wpforms-19719-field_1\">Correu electr\u00f2nic <span class=\"wpforms-required-label\">*<\/span><\/label><input type=\"email\" id=\"wpforms-19719-field_1\" class=\"wpforms-field-medium wpforms-field-required\" name=\"wpforms[fields][1]\" spellcheck=\"false\" required><\/div><div id=\"wpforms-19719-field_5-container\" class=\"wpforms-field wpforms-field-phone\" data-field-id=\"5\"><label class=\"wpforms-field-label\" for=\"wpforms-19719-field_5\">Tel\u00e8fon <span class=\"wpforms-required-label\">*<\/span><\/label><input type=\"tel\" id=\"wpforms-19719-field_5\" class=\"wpforms-field-medium wpforms-field-required wpforms-smart-phone-field\" data-rule-smart-phone-field=\"true\" name=\"wpforms[fields][5]\" required><\/div><div id=\"wpforms-19719-field_2-container\" class=\"wpforms-field wpforms-field-textarea\" data-field-id=\"2\"><label class=\"wpforms-field-label\" for=\"wpforms-19719-field_2\">Comentari o missatge<\/label><textarea id=\"wpforms-19719-field_2\" class=\"wpforms-field-medium\" name=\"wpforms[fields][2]\" ><\/textarea><\/div><\/div><!-- .wpforms-field-container --><div class=\"wpforms-submit-container\" ><input type=\"hidden\" name=\"wpforms[id]\" value=\"19719\"><input type=\"hidden\" name=\"wpforms[author]\" value=\"1\"><button type=\"submit\" name=\"wpforms[submit]\" id=\"wpforms-submit-19719\" class=\"wpforms-submit\" data-alt-text=\"Enviant...\" data-submit-text=\"Enviar\" aria-live=\"assertive\" value=\"wpforms-submit\">Enviar<\/button><img decoding=\"async\" src=\"https:\/\/olivia.es\/express\/wp-content\/plugins\/wpforms\/assets\/images\/submit-spin.svg\" class=\"wpforms-submit-spinner\" style=\"display: none;\" width=\"26\" height=\"26\" alt=\"S&#039;est\u00e0 carregant\"><\/div><\/form><\/div>  <!-- .wpforms-container --><br \/>\n\t\t\t\t\t\t\t<a href=\"https:\/\/express.olivia.es\/\" title=\"Olivia Express\"><br \/>\n\t\t\t\t\t<img decoding=\"async\" src=\"http:\/\/express.olivia.es\/wp-content\/uploads\/2022\/07\/logo_express2022_dark.png\" data-retina=\"http:\/\/express.olivia.es\/wp-content\/uploads\/2022\/07\/logo_express2022_dark_retina.png\" alt=\"Olivia Express\"><br \/>\n\t\t\t\t\t<img decoding=\"async\" src=\"http:\/\/express.olivia.es\/wp-content\/uploads\/2022\/07\/logo_express2022_light.png\" data-retina=\"http:\/\/express.olivia.es\/wp-content\/uploads\/2022\/07\/logo_express2022_light_retina.png\" alt=\"Olivia Express\"><br \/>\n\t\t\t\t<\/a><\/p>\n<p>Implantaci\u00f3 de Microsoft Dynamics 365 Business Central d&#8217;una manera r\u00e0pida i senzilla<\/p>\n<h2>Powered by<\/h2>\n<p>\t\t\t\t\t\t\t\t\t\t\t\t\t\t\t<img loading=\"lazy\" decoding=\"async\" width=\"933\" height=\"307\" src=\"https:\/\/express.olivia.es\/wp-content\/uploads\/2022\/07\/Logo-Olivia-2018.png\" alt=\"\" loading=\"lazy\" srcset=\"https:\/\/express.olivia.es\/wp-content\/uploads\/2022\/07\/Logo-Olivia-2018.png 933w, https:\/\/express.olivia.es\/wp-content\/uploads\/2022\/07\/Logo-Olivia-2018-300x99.png 300w, https:\/\/express.olivia.es\/wp-content\/uploads\/2022\/07\/Logo-Olivia-2018-768x253.png 768w\" sizes=\"auto, (max-width: 933px) 100vw, 933px\" \/>\t\t\t\t\t\t\t\t\t\t\t\t\t\t\t<\/p>\n<h4>Olivia Express<\/h4>\n<p>\t\t\t\t\t\t<a href=\"https:\/\/express.olivia.es\/ca\/preus\/\"><br \/>\n\t\t\t\t\t\t\t\t\t\tPlans<br \/>\n\t\t\t\t\t\t<\/a><br \/>\n\t\t\t\t\t\t<a href=\"https:\/\/express.olivia.es\/ca\/preus\/\"><br \/>\n\t\t\t\t\t\t\t\t\t\tPreus<br \/>\n\t\t\t\t\t\t<\/a><br \/>\n\t\t\t\t\t\t<a href=\"https:\/\/express.olivia.es\/ca\/bc-cat\/\"><br \/>\n\t\t\t\t\t\t\t\t\t\tBC CAT<br \/>\n\t\t\t\t\t\t<\/a><\/p>\n<h4>Legals<\/h4>\n<p>\t\t\t\t\t\t<a href=\"http:\/\/express.olivia.es\/ca\/avis-legal\/\"><br \/>\n\t\t\t\t\t\t\t\t\t\tAv\u00eds Legal<br \/>\n\t\t\t\t\t\t<\/a><br \/>\n\t\t\t\t\t\t<a href=\"http:\/\/express.olivia.es\/ca\/politica-de-cookies\/\"><br \/>\n\t\t\t\t\t\t\t\t\t\tPol\u00edtica de cookies<br \/>\n\t\t\t\t\t\t<\/a><br \/>\n\t\t\t\t\t\t<a href=\"http:\/\/express.olivia.es\/ca\/politica-de-privacitat\/\"><br \/>\n\t\t\t\t\t\t\t\t\t\tPol\u00edtica de privacitat<br \/>\n\t\t\t\t\t\t<\/a><br \/>\n\t\t\t<a href=\"https:\/\/wa.me\/message\/WBYI4KTWYMOCM1\" role=\"button\"><br \/>\n\t\t\t\t\t\tEnviar missatge<br \/>\n\t\t\t\t\t<\/a><br \/>\n\t\t\t<a href=\"https:\/\/outlook.office365.com\/owa\/calendar\/OLIVIAEXPRESS@olivia.es\/bookings\/s\/GjdfAZlGG0-fx3u3qFWwLw2\" role=\"button\"><br \/>\n\t\t\t\t\t\tAgendar videotrucada<br \/>\n\t\t\t\t\t<\/a><br \/>\n\t\t\t<a href=\"https:\/\/www.linkedin.com\/company\/olivia-sistemas\/\" role=\"button\"><br \/>\n\t\t\t\t\t\tContactar a Linkedin<br \/>\n\t\t\t\t\t<\/a><\/p>\n","protected":false},"excerpt":{"rendered":"<p>TRIA EL PLA QUE M\u00c9S S&#8217;ADAPTI A LES TEVES NECESSITATS Cada pla est\u00e0 pensant per a una situaci\u00f3 de l&#8217;empresa diferent. Ens adaptem perqu\u00e8 una vegada inici\u00efs un servei, si necessites m\u00e9s ajuda, trobis plans de transici\u00f3 preparats perqu\u00e8 no tinguis la sensaci\u00f3 d&#8217;estar encallat. BASIC Compra de llic\u00e8nciesSense serveis d&#8217;implantaci\u00f3+ 65,50 \u20ac\u00a0usuari\/mes Llic\u00e8ncia Business [&hellip;]<\/p>\n","protected":false},"author":1,"featured_media":0,"parent":0,"menu_order":0,"comment_status":"closed","ping_status":"closed","template":"","meta":{"inline_featured_image":false,"footnotes":""},"class_list":["post-19401","page","type-page","status-publish","hentry","post-no-thumbnail"],"_links":{"self":[{"href":"https:\/\/olivia.es\/express\/ca\/wp-json\/wp\/v2\/pages\/19401","targetHints":{"allow":["GET"]}}],"collection":[{"href":"https:\/\/olivia.es\/express\/ca\/wp-json\/wp\/v2\/pages"}],"about":[{"href":"https:\/\/olivia.es\/express\/ca\/wp-json\/wp\/v2\/types\/page"}],"author":[{"embeddable":true,"href":"https:\/\/olivia.es\/express\/ca\/wp-json\/wp\/v2\/users\/1"}],"replies":[{"embeddable":true,"href":"https:\/\/olivia.es\/express\/ca\/wp-json\/wp\/v2\/comments?post=19401"}],"version-history":[{"count":40,"href":"https:\/\/olivia.es\/express\/ca\/wp-json\/wp\/v2\/pages\/19401\/revisions"}],"predecessor-version":[{"id":21484,"href":"https:\/\/olivia.es\/express\/ca\/wp-json\/wp\/v2\/pages\/19401\/revisions\/21484"}],"wp:attachment":[{"href":"https:\/\/olivia.es\/express\/ca\/wp-json\/wp\/v2\/media?parent=19401"}],"curies":[{"name":"wp","href":"https:\/\/api.w.org\/{rel}","templated":true}]}}