{"id":19403,"date":"2022-07-20T08:50:33","date_gmt":"2022-07-20T07:50:33","guid":{"rendered":"http:\/\/express.olivia.es\/politica-de-privacitat\/"},"modified":"2022-12-16T13:14:38","modified_gmt":"2022-12-16T12:14:38","slug":"politica-de-privacitat","status":"publish","type":"page","link":"https:\/\/olivia.es\/express\/ca\/politica-de-privacitat\/","title":{"rendered":"Pol\u00edtica de privacitat"},"content":{"rendered":"\t\t<div data-elementor-type=\"wp-page\" data-elementor-id=\"19403\" class=\"elementor elementor-19403 elementor-17646\" data-elementor-post-type=\"page\">\n\t\t\t\t\t\t<section class=\"elementor-section elementor-top-section elementor-element elementor-element-91f19cc elementor-section-boxed elementor-section-gap-beside-yes elementor-section-height-default elementor-section-height-default elementor-section-column-vertical-align-stretch\" data-id=\"91f19cc\" data-element_type=\"section\" data-e-type=\"section\">\n\t\t\t\t\t\t<div class=\"elementor-container elementor-column-gap-extended\">\n\t\t\t\t\t<div class=\"elementor-column elementor-col-100 elementor-top-column elementor-element elementor-element-b850048\" data-id=\"b850048\" data-element_type=\"column\" data-e-type=\"column\">\n\t\t\t<div class=\"elementor-widget-wrap elementor-element-populated\">\n\t\t\t\t\t\t<div class=\"elementor-element elementor-element-ef8b838 elementor-widget elementor-widget-heading\" data-id=\"ef8b838\" data-element_type=\"widget\" data-e-type=\"widget\" data-widget_type=\"heading.default\">\n\t\t\t\t<div class=\"elementor-widget-container\">\n\t\t\t\t\t<h2 class=\"elementor-heading-title elementor-size-default\">Av\u00eds Legal<\/h2>\t\t\t\t<\/div>\n\t\t\t\t<\/div>\n\t\t\t\t\t<\/div>\n\t\t<\/div>\n\t\t\t\t\t<\/div>\n\t\t<\/section>\n\t\t\t\t<section class=\"elementor-section elementor-top-section elementor-element elementor-element-8cc5265 elementor-section-boxed elementor-section-gap-beside-yes elementor-section-height-default elementor-section-height-default elementor-section-content-align-center elementor-section-column-vertical-align-stretch\" data-id=\"8cc5265\" data-element_type=\"section\" data-e-type=\"section\">\n\t\t\t\t\t\t<div class=\"elementor-container elementor-column-gap-extended\">\n\t\t\t\t\t<div class=\"elementor-column elementor-col-100 elementor-top-column elementor-element elementor-element-5c2992f\" data-id=\"5c2992f\" data-element_type=\"column\" data-e-type=\"column\">\n\t\t\t<div class=\"elementor-widget-wrap elementor-element-populated\">\n\t\t\t\t\t\t<div class=\"elementor-element elementor-element-ec664ac elementor-widget elementor-widget-heading\" data-id=\"ec664ac\" data-element_type=\"widget\" data-e-type=\"widget\" data-widget_type=\"heading.default\">\n\t\t\t\t<div class=\"elementor-widget-container\">\n\t\t\t\t\t<h2 class=\"elementor-heading-title elementor-size-default\">Pol\u00edtica de privacitat<\/h2>\t\t\t\t<\/div>\n\t\t\t\t<\/div>\n\t\t\t\t\t<\/div>\n\t\t<\/div>\n\t\t\t\t\t<\/div>\n\t\t<\/section>\n\t\t\t\t<section class=\"elementor-section elementor-top-section elementor-element elementor-element-dae1977 elementor-section-boxed elementor-section-gap-beside-yes elementor-section-height-default elementor-section-height-default elementor-section-content-align-center elementor-section-column-vertical-align-stretch\" data-id=\"dae1977\" data-element_type=\"section\" data-e-type=\"section\">\n\t\t\t\t\t\t<div class=\"elementor-container elementor-column-gap-extended\">\n\t\t\t\t\t<div class=\"elementor-column elementor-col-100 elementor-top-column elementor-element elementor-element-101cd2f\" data-id=\"101cd2f\" data-element_type=\"column\" data-e-type=\"column\">\n\t\t\t<div class=\"elementor-widget-wrap elementor-element-populated\">\n\t\t\t\t\t\t<div class=\"elementor-element elementor-element-a14ce1f elementor-widget elementor-widget-text-editor\" data-id=\"a14ce1f\" data-element_type=\"widget\" data-e-type=\"widget\" data-widget_type=\"text-editor.default\">\n\t\t\t\t<div class=\"elementor-widget-container\">\n\t\t\t\t\t\t\t\t\t<h5><strong>Qui \u00e9s el responsable del tractament de les vostres dades?<\/strong><\/h5><p>Identitat: OLIVIA SISTEMAS, S.L.<\/p><p>Direcci\u00f3: Av. Diagonal, 441, Planta 3<\/p><p>08036 -Barcelona<\/p><p>Tel\u00e8fon: 932380132<\/p><p>Correu electr\u00f2nic: <a>rgpd@olivia.es<\/a><\/p><h5><strong>Amb quina finalitat es tractaran les dades?<\/strong><\/h5><p><strong> <\/strong>OLIVIA SISTEMAS, S.L. tracta la informaci\u00f3 que ens faciliteu les persones interessades amb la finalitat de prestar el servei i informar de la nostra activitat. Amb les vostres dades, no elaborarem perfils comercials ni prendrem decisions automatitzades sobre la base de les vostres dades.<\/p><h5><strong> <\/strong><strong>Quant temps conservarem les dades? <\/strong><\/h5><p>Les dades personals que ens proporcioneu es conservaran mentre es mantingui la relaci\u00f3 entre totes dues parts, durant el termini de prescripci\u00f3 de les obligacions legals, o fins que ens sol\u00b7liciteu la supressi\u00f3 d&#8217;aquests.<\/p><p>Una vegada passats aquests terminis, les dades seran eliminades per esborrat electr\u00f2nic i, les dades en format paper, per destrucci\u00f3 en m\u00e0quina destructora.<\/p><h5><strong>Quina \u00e9s la legitimaci\u00f3 per al tractament de les vostres dades?<\/strong><\/h5><p><strong> <\/strong>La base legal per al tractament de les vostres dades \u00e9s:<\/p><ul><li>execuci\u00f3 d&#8217;un contracte, per als clients i prove\u00efdors;<\/li><li>consentiment expr\u00e9s obtingut del propi interessat, per als clients;<\/li><li>inter\u00e8s leg\u00edtim del responsable del tractament<em>,<\/em> per als quals sol\u00b7liciten informaci\u00f3 o els antics clients.<\/li><\/ul><h5> <\/h5><h5><strong>A quins destinataris es comunicaran les vostres dades?<\/strong><\/h5><p><strong> <\/strong>Les dades personals no es comunicaran a cap empresa ni es utilitzar\u00e1n per a cap altra finalitat, excepte que ens ho autoritzeu de manera expressa o quan sigui necessari per a complir amb una obligaci\u00f3 legal o en inter\u00e8s leg\u00edtim del Responsable.<\/p><h5> <\/h5><h5><strong>Quins s\u00f3n els vostres drets?<\/strong><strong> <\/strong><\/h5><ul><li>Qualsevol persona t\u00e9 dret a obtenir informaci\u00f3 d&#8217;aquesta empresa sobre si estem tractant dades personals d&#8217;ella o no.<\/li><li>Les persones interessades tenen dret a accedir a les seves dades personals, aix\u00ed com a sol\u00b7licitar la rectificaci\u00f3 de les dades que siguin inexactes o, si escau, sol\u00b7licitar la supressi\u00f3, entre altres motius, quan les dades ja no siguin necessaris per a les finalitats per a les quals van ser recollides.<\/li><li>En determinades circumst\u00e0ncies previstes en l&#8217;article 18 del RGPD, els interessats poden sol\u00b7licitar la limitaci\u00f3 del tractament de les seves dades. En aquest cas, \u00fanicament es conservaran per a exercir o defensar reclamacions.<\/li><li>Els interessats poden oposar-se al tractament de les seves dades amb finalitats de m\u00e0rqueting o publicitat, incl\u00f2s l&#8217;elaboraci\u00f3 de perfils.<\/li><li>En virtut del dret a la portabilitat, els interessats tamb\u00e9 tenen dret a obtenir les seves dades personals en un format estructurat d&#8217;\u00fas com\u00fa i lectura mec\u00e0nica i a transmetre&#8217;ls a un altre responsable o empresa.<\/li><\/ul><h5> <\/h5><h5><strong>Com es poden exercir aquests drets?<\/strong><\/h5><ul><li>Mitjan\u00e7ant un escrit dirigit a:<\/li><\/ul><p>OLIVIA SISTEMAS, S.L.<\/p><p>Av. Diagonal, 441, Planta 3<\/p><p>(0806) Barcelona.<\/p><ul><li>Mitjan\u00e7ant el formulari electr\u00f2nic disponible a:<\/li><\/ul><p><a href=\"https:\/\/www.olivia.es\/contacto\/\">https:\/\/www.olivia.es\/contacto\/<\/a><\/p><ul><li>Mitjan\u00e7ant petici\u00f3 enviada al mail:<\/li><\/ul><p><a>rgpd@olivia.es<\/a><\/p><h5> <\/h5><h5><strong>Quines vies de reclamaci\u00f3 hi ha?<\/strong><\/h5><p>Si considereu que els vostres drets no han estat atesos adequadament, teniu dret a presentar una reclamaci\u00f3 davant l&#8217;<em>Ag\u00e8ncia Espanyola de Protecci\u00f3 de Dades<\/em> (AEPD) \u201c.<\/p>\t\t\t\t\t\t\t\t<\/div>\n\t\t\t\t<\/div>\n\t\t\t\t\t<\/div>\n\t\t<\/div>\n\t\t\t\t\t<\/div>\n\t\t<\/section>\n\t\t\t\t<section class=\"elementor-section elementor-top-section elementor-element elementor-element-68376a8a elementor-section-stretched border-01 elementor-section-boxed elementor-section-gap-beside-yes elementor-section-height-default elementor-section-height-default elementor-section-column-vertical-align-stretch\" data-id=\"68376a8a\" data-element_type=\"section\" data-e-type=\"section\" data-settings=\"{&quot;stretch_section&quot;:&quot;section-stretched&quot;}\">\n\t\t\t\t\t\t<div class=\"elementor-container elementor-column-gap-extended\">\n\t\t\t\t\t<div class=\"elementor-column elementor-col-25 elementor-top-column elementor-element elementor-element-5a9c9b87\" data-id=\"5a9c9b87\" data-element_type=\"column\" data-e-type=\"column\">\n\t\t\t<div class=\"elementor-widget-wrap elementor-element-populated\">\n\t\t\t\t\t\t<div class=\"elementor-element elementor-element-1cab5d6e elementor-widget elementor-widget-sala-site-logo\" data-id=\"1cab5d6e\" data-element_type=\"widget\" data-e-type=\"widget\" data-widget_type=\"sala-site-logo.default\">\n\t\t\t\t<div class=\"elementor-widget-container\">\n\t\t\t\t\t\t\t<div class=\"site-logo ux-element\" data-id=\"site-logo\">\r\n\t\t\t\t\t\t\t<a href=\"https:\/\/olivia.es\/express\/ca\/\" title=\"Olivia Express\">\r\n\t\t\t\t\t<img decoding=\"async\" class=\"site-main-logo\" src=\"https:\/\/olivia.es\/express\/wp-content\/uploads\/2022\/07\/logo_express2022_dark.png\" data-retina=\"http:\/\/express.olivia.es\/wp-content\/uploads\/2022\/07\/logo_express2022_dark_retina.png\" alt=\"Olivia Express\">\r\n\t\t\t\t\t<img decoding=\"async\" class=\"site-dark-logo hide\" src=\"http:\/\/express.olivia.es\/wp-content\/uploads\/2022\/07\/logo_express2022_light.png\" data-retina=\"http:\/\/express.olivia.es\/wp-content\/uploads\/2022\/07\/logo_express2022_light_retina.png\" alt=\"Olivia Express\">\r\n\t\t\t\t<\/a>\r\n\t\t\t\t\t<\/div>\r\n\t\t\t\t\t\t<\/div>\n\t\t\t\t<\/div>\n\t\t\t\t<div class=\"elementor-element elementor-element-330fc238 elementor-widget elementor-widget-text-editor\" data-id=\"330fc238\" data-element_type=\"widget\" data-e-type=\"widget\" data-widget_type=\"text-editor.default\">\n\t\t\t\t<div class=\"elementor-widget-container\">\n\t\t\t\t\t\t\t\t\t<p>Implantaci\u00f3 de Microsoft Dynamics 365 Business Central d&#8217;una manera r\u00e0pida i senzilla<\/p>\t\t\t\t\t\t\t\t<\/div>\n\t\t\t\t<\/div>\n\t\t\t\t<div class=\"elementor-element elementor-element-78cfee3d elementor-widget elementor-widget-heading\" data-id=\"78cfee3d\" data-element_type=\"widget\" data-e-type=\"widget\" data-widget_type=\"heading.default\">\n\t\t\t\t<div class=\"elementor-widget-container\">\n\t\t\t\t\t<h2 class=\"elementor-heading-title elementor-size-default\">Powered by<\/h2>\t\t\t\t<\/div>\n\t\t\t\t<\/div>\n\t\t\t\t<div class=\"elementor-element elementor-element-35ba0eb4 elementor-widget elementor-widget-image\" data-id=\"35ba0eb4\" data-element_type=\"widget\" data-e-type=\"widget\" data-widget_type=\"image.default\">\n\t\t\t\t<div class=\"elementor-widget-container\">\n\t\t\t\t\t\t\t\t\t\t\t\t\t\t\t<img fetchpriority=\"high\" decoding=\"async\" width=\"933\" height=\"307\" src=\"https:\/\/olivia.es\/express\/wp-content\/uploads\/2022\/07\/Logo-Olivia-2018.png\" class=\"attachment-large size-large wp-image-17729\" alt=\"\" srcset=\"https:\/\/olivia.es\/express\/wp-content\/uploads\/2022\/07\/Logo-Olivia-2018.png 933w, https:\/\/olivia.es\/express\/wp-content\/uploads\/2022\/07\/Logo-Olivia-2018-300x99.png 300w, https:\/\/olivia.es\/express\/wp-content\/uploads\/2022\/07\/Logo-Olivia-2018-768x253.png 768w\" sizes=\"(max-width: 933px) 100vw, 933px\" \/>\t\t\t\t\t\t\t\t\t\t\t\t\t\t\t<\/div>\n\t\t\t\t<\/div>\n\t\t\t\t\t<\/div>\n\t\t<\/div>\n\t\t\t\t<div class=\"elementor-column elementor-col-25 elementor-top-column elementor-element elementor-element-bdc2830\" data-id=\"bdc2830\" data-element_type=\"column\" data-e-type=\"column\">\n\t\t\t<div class=\"elementor-widget-wrap elementor-element-populated\">\n\t\t\t\t\t\t<div class=\"elementor-element elementor-element-4ca808e7 elementor-widget elementor-widget-heading\" data-id=\"4ca808e7\" data-element_type=\"widget\" data-e-type=\"widget\" data-widget_type=\"heading.default\">\n\t\t\t\t<div class=\"elementor-widget-container\">\n\t\t\t\t\t<h4 class=\"elementor-heading-title elementor-size-default\">Olivia Express<\/h4>\t\t\t\t<\/div>\n\t\t\t\t<\/div>\n\t\t\t\t<div class=\"elementor-element elementor-element-8ef7dbe sala-list-layout-block elementor-widget elementor-widget-global elementor-global-21077 elementor-widget-sala-list\" data-id=\"8ef7dbe\" data-element_type=\"widget\" data-e-type=\"widget\" data-widget_type=\"sala-list.default\">\n\t\t\t\t<div class=\"elementor-widget-container\">\n\t\t\t\t\t\t\t<div class=\"sala-list\" data-id=\"\">\r\n\t\t\t\t\t\t\t\t<div class=\"item\">\r\n\r\n\t\t\t\t\t\t<a class=\"link\" href=\"https:\/\/express.olivia.es\/ca\/preus\/\">\r\n\t\t\t\t\t\t<div class=\"list-header\">\r\n\t\t\t\t\t\t\t\t\t\t\t\t\t\t\t\t\t\t\t\t\t\t\r\n\t\t\t\t\t\t\t<div class=\"text-wrap\">\r\n\t\t\t\t\t\t\t\t\t\t\t\t\t\t\t\t\t<div class=\"text\">\r\n\t\t\t\t\t\t\t\t\t\tPlans\t\t\t\t\t\t\t\t\t<\/div>\r\n\t\t\t\t\t\t\t\t\t\t\t\t\t\t\t<\/div>\r\n\r\n\t\t\t\t\t\t\t\t\t\t\t\t\t<\/div>\r\n\r\n\t\t\t\t\t\t<\/a>\r\n\t\t\t\t\t<\/div>\r\n\t\t\t\t\t\t\t\t\t\t<div class=\"item\">\r\n\r\n\t\t\t\t\t\t<a class=\"link\" href=\"https:\/\/express.olivia.es\/ca\/preus\/\">\r\n\t\t\t\t\t\t<div class=\"list-header\">\r\n\t\t\t\t\t\t\t\t\t\t\t\t\t\t\t\t\t\t\t\t\t\t\r\n\t\t\t\t\t\t\t<div class=\"text-wrap\">\r\n\t\t\t\t\t\t\t\t\t\t\t\t\t\t\t\t\t<div class=\"text\">\r\n\t\t\t\t\t\t\t\t\t\tPreus\t\t\t\t\t\t\t\t\t<\/div>\r\n\t\t\t\t\t\t\t\t\t\t\t\t\t\t\t<\/div>\r\n\r\n\t\t\t\t\t\t\t\t\t\t\t\t\t<\/div>\r\n\r\n\t\t\t\t\t\t<\/a>\r\n\t\t\t\t\t<\/div>\r\n\t\t\t\t\t\t\t\t\t\t<div class=\"item\">\r\n\r\n\t\t\t\t\t\t<a class=\"link\" href=\"https:\/\/express.olivia.es\/ca\/bc-cat\/\">\r\n\t\t\t\t\t\t<div class=\"list-header\">\r\n\t\t\t\t\t\t\t\t\t\t\t\t\t\t\t\t\t\t\t\t\t\t\r\n\t\t\t\t\t\t\t<div class=\"text-wrap\">\r\n\t\t\t\t\t\t\t\t\t\t\t\t\t\t\t\t\t<div class=\"text\">\r\n\t\t\t\t\t\t\t\t\t\tBC CAT\t\t\t\t\t\t\t\t\t<\/div>\r\n\t\t\t\t\t\t\t\t\t\t\t\t\t\t\t<\/div>\r\n\r\n\t\t\t\t\t\t\t\t\t\t\t\t\t<\/div>\r\n\r\n\t\t\t\t\t\t<\/a>\r\n\t\t\t\t\t<\/div>\r\n\t\t\t\t\t\t\t<\/div>\r\n\t\t\t\t\t\t<\/div>\n\t\t\t\t<\/div>\n\t\t\t\t\t<\/div>\n\t\t<\/div>\n\t\t\t\t<div class=\"elementor-column elementor-col-25 elementor-top-column elementor-element elementor-element-7d5723d4\" data-id=\"7d5723d4\" data-element_type=\"column\" data-e-type=\"column\">\n\t\t\t<div class=\"elementor-widget-wrap elementor-element-populated\">\n\t\t\t\t\t\t<div class=\"elementor-element elementor-element-1358fbd9 elementor-widget elementor-widget-heading\" data-id=\"1358fbd9\" data-element_type=\"widget\" data-e-type=\"widget\" data-widget_type=\"heading.default\">\n\t\t\t\t<div class=\"elementor-widget-container\">\n\t\t\t\t\t<h4 class=\"elementor-heading-title elementor-size-default\">Legals<\/h4>\t\t\t\t<\/div>\n\t\t\t\t<\/div>\n\t\t\t\t<div class=\"elementor-element elementor-element-3b4919d2 sala-list-layout-block elementor-widget elementor-widget-sala-list\" data-id=\"3b4919d2\" data-element_type=\"widget\" data-e-type=\"widget\" data-widget_type=\"sala-list.default\">\n\t\t\t\t<div class=\"elementor-widget-container\">\n\t\t\t\t\t\t\t<div class=\"sala-list\" data-id=\"\">\r\n\t\t\t\t\t\t\t\t<div class=\"item\">\r\n\r\n\t\t\t\t\t\t<a class=\"link\" href=\"http:\/\/express.olivia.es\/ca\/avis-legal\/\">\r\n\t\t\t\t\t\t<div class=\"list-header\">\r\n\t\t\t\t\t\t\t\t\t\t\t\t\t\t\t\t\t\t\t\t\t\t\r\n\t\t\t\t\t\t\t<div class=\"text-wrap\">\r\n\t\t\t\t\t\t\t\t\t\t\t\t\t\t\t\t\t<div class=\"text\">\r\n\t\t\t\t\t\t\t\t\t\tAv\u00eds Legal\t\t\t\t\t\t\t\t\t<\/div>\r\n\t\t\t\t\t\t\t\t\t\t\t\t\t\t\t<\/div>\r\n\r\n\t\t\t\t\t\t\t\t\t\t\t\t\t<\/div>\r\n\r\n\t\t\t\t\t\t<\/a>\r\n\t\t\t\t\t<\/div>\r\n\t\t\t\t\t\t\t\t\t\t<div class=\"item\">\r\n\r\n\t\t\t\t\t\t<a class=\"link\" href=\"http:\/\/express.olivia.es\/ca\/politica-de-cookies\/\">\r\n\t\t\t\t\t\t<div class=\"list-header\">\r\n\t\t\t\t\t\t\t\t\t\t\t\t\t\t\t\t\t\t\t\t\t\t\r\n\t\t\t\t\t\t\t<div class=\"text-wrap\">\r\n\t\t\t\t\t\t\t\t\t\t\t\t\t\t\t\t\t<div class=\"text\">\r\n\t\t\t\t\t\t\t\t\t\tPol\u00edtica de cookies\t\t\t\t\t\t\t\t\t<\/div>\r\n\t\t\t\t\t\t\t\t\t\t\t\t\t\t\t<\/div>\r\n\r\n\t\t\t\t\t\t\t\t\t\t\t\t\t<\/div>\r\n\r\n\t\t\t\t\t\t<\/a>\r\n\t\t\t\t\t<\/div>\r\n\t\t\t\t\t\t\t\t\t\t<div class=\"item\">\r\n\r\n\t\t\t\t\t\t<a class=\"link\" href=\"http:\/\/express.olivia.es\/ca\/politica-de-privacitat\/\">\r\n\t\t\t\t\t\t<div class=\"list-header\">\r\n\t\t\t\t\t\t\t\t\t\t\t\t\t\t\t\t\t\t\t\t\t\t\r\n\t\t\t\t\t\t\t<div class=\"text-wrap\">\r\n\t\t\t\t\t\t\t\t\t\t\t\t\t\t\t\t\t<div class=\"text\">\r\n\t\t\t\t\t\t\t\t\t\tPol\u00edtica de privacitat\t\t\t\t\t\t\t\t\t<\/div>\r\n\t\t\t\t\t\t\t\t\t\t\t\t\t\t\t<\/div>\r\n\r\n\t\t\t\t\t\t\t\t\t\t\t\t\t<\/div>\r\n\r\n\t\t\t\t\t\t<\/a>\r\n\t\t\t\t\t<\/div>\r\n\t\t\t\t\t\t\t<\/div>\r\n\t\t\t\t\t\t<\/div>\n\t\t\t\t<\/div>\n\t\t\t\t\t<\/div>\n\t\t<\/div>\n\t\t\t\t<div class=\"elementor-column elementor-col-25 elementor-top-column elementor-element elementor-element-3f522e32\" data-id=\"3f522e32\" data-element_type=\"column\" data-e-type=\"column\">\n\t\t\t<div class=\"elementor-widget-wrap elementor-element-populated\">\n\t\t\t\t\t\t<div class=\"elementor-element elementor-element-4ca7e7d9 elementor-widget elementor-widget-button\" data-id=\"4ca7e7d9\" data-element_type=\"widget\" data-e-type=\"widget\" data-widget_type=\"button.default\">\n\t\t\t\t<div class=\"elementor-widget-container\">\n\t\t\t\t\t\t\t\t\t<div class=\"elementor-button-wrapper\">\n\t\t\t\t\t<a class=\"elementor-button elementor-button-link elementor-size-md\" href=\"https:\/\/wa.me\/message\/WBYI4KTWYMOCM1\">\n\t\t\t\t\t\t<span class=\"elementor-button-content-wrapper\">\n\t\t\t\t\t\t<span class=\"elementor-button-icon\">\n\t\t\t\t<i aria-hidden=\"true\" class=\"fab fa-whatsapp\"><\/i>\t\t\t<\/span>\n\t\t\t\t\t\t\t\t\t<span class=\"elementor-button-text\">Enviar missatge<\/span>\n\t\t\t\t\t<\/span>\n\t\t\t\t\t<\/a>\n\t\t\t\t<\/div>\n\t\t\t\t\t\t\t\t<\/div>\n\t\t\t\t<\/div>\n\t\t\t\t<div class=\"elementor-element elementor-element-457592b1 elementor-widget elementor-widget-button\" data-id=\"457592b1\" data-element_type=\"widget\" data-e-type=\"widget\" data-widget_type=\"button.default\">\n\t\t\t\t<div class=\"elementor-widget-container\">\n\t\t\t\t\t\t\t\t\t<div class=\"elementor-button-wrapper\">\n\t\t\t\t\t<a class=\"elementor-button elementor-button-link elementor-size-md\" href=\"https:\/\/outlook.office365.com\/owa\/calendar\/OLIVIAEXPRESS@olivia.es\/bookings\/s\/GjdfAZlGG0-fx3u3qFWwLw2\">\n\t\t\t\t\t\t<span class=\"elementor-button-content-wrapper\">\n\t\t\t\t\t\t<span class=\"elementor-button-icon\">\n\t\t\t\t<i aria-hidden=\"true\" class=\"fab fa-microsoft\"><\/i>\t\t\t<\/span>\n\t\t\t\t\t\t\t\t\t<span class=\"elementor-button-text\">Agendar videotrucada<\/span>\n\t\t\t\t\t<\/span>\n\t\t\t\t\t<\/a>\n\t\t\t\t<\/div>\n\t\t\t\t\t\t\t\t<\/div>\n\t\t\t\t<\/div>\n\t\t\t\t<div class=\"elementor-element elementor-element-6377d5d1 elementor-widget elementor-widget-button\" data-id=\"6377d5d1\" data-element_type=\"widget\" data-e-type=\"widget\" data-widget_type=\"button.default\">\n\t\t\t\t<div class=\"elementor-widget-container\">\n\t\t\t\t\t\t\t\t\t<div class=\"elementor-button-wrapper\">\n\t\t\t\t\t<a class=\"elementor-button elementor-button-link elementor-size-md\" href=\"https:\/\/www.linkedin.com\/company\/olivia-sistemas\/\">\n\t\t\t\t\t\t<span class=\"elementor-button-content-wrapper\">\n\t\t\t\t\t\t<span class=\"elementor-button-icon\">\n\t\t\t\t<i aria-hidden=\"true\" class=\"fab fa-linkedin-in\"><\/i>\t\t\t<\/span>\n\t\t\t\t\t\t\t\t\t<span class=\"elementor-button-text\">Contactar a Linkedin<\/span>\n\t\t\t\t\t<\/span>\n\t\t\t\t\t<\/a>\n\t\t\t\t<\/div>\n\t\t\t\t\t\t\t\t<\/div>\n\t\t\t\t<\/div>\n\t\t\t\t\t<\/div>\n\t\t<\/div>\n\t\t\t\t\t<\/div>\n\t\t<\/section>\n\t\t\t\t<\/div>\n\t\t","protected":false},"excerpt":{"rendered":"<p>Av\u00eds Legal Pol\u00edtica de privacitat Qui \u00e9s el responsable del tractament de les vostres dades? Identitat: OLIVIA SISTEMAS, S.L. Direcci\u00f3: Av. Diagonal, 441, Planta 3 08036 -Barcelona Tel\u00e8fon: 932380132 Correu electr\u00f2nic: rgpd@olivia.es Amb quina finalitat es tractaran les dades? OLIVIA SISTEMAS, S.L. tracta la informaci\u00f3 que ens faciliteu les persones interessades amb la finalitat de [&hellip;]<\/p>\n","protected":false},"author":1,"featured_media":0,"parent":0,"menu_order":0,"comment_status":"closed","ping_status":"closed","template":"elementor_header_footer","meta":{"inline_featured_image":false,"footnotes":""},"class_list":["post-19403","page","type-page","status-publish","hentry","post-no-thumbnail"],"_links":{"self":[{"href":"https:\/\/olivia.es\/express\/ca\/wp-json\/wp\/v2\/pages\/19403","targetHints":{"allow":["GET"]}}],"collection":[{"href":"https:\/\/olivia.es\/express\/ca\/wp-json\/wp\/v2\/pages"}],"about":[{"href":"https:\/\/olivia.es\/express\/ca\/wp-json\/wp\/v2\/types\/page"}],"author":[{"embeddable":true,"href":"https:\/\/olivia.es\/express\/ca\/wp-json\/wp\/v2\/users\/1"}],"replies":[{"embeddable":true,"href":"https:\/\/olivia.es\/express\/ca\/wp-json\/wp\/v2\/comments?post=19403"}],"version-history":[{"count":7,"href":"https:\/\/olivia.es\/express\/ca\/wp-json\/wp\/v2\/pages\/19403\/revisions"}],"predecessor-version":[{"id":21124,"href":"https:\/\/olivia.es\/express\/ca\/wp-json\/wp\/v2\/pages\/19403\/revisions\/21124"}],"wp:attachment":[{"href":"https:\/\/olivia.es\/express\/ca\/wp-json\/wp\/v2\/media?parent=19403"}],"curies":[{"name":"wp","href":"https:\/\/api.w.org\/{rel}","templated":true}]}}