{"id":17627,"date":"2022-07-20T08:19:17","date_gmt":"2022-07-20T08:19:17","guid":{"rendered":"https:\/\/express.olivia.es\/?page_id=17627"},"modified":"2022-12-16T12:15:26","modified_gmt":"2022-12-16T11:15:26","slug":"aviso-legal","status":"publish","type":"page","link":"https:\/\/olivia.es\/express\/aviso-legal\/","title":{"rendered":"Aviso Legal"},"content":{"rendered":"\t\t<div data-elementor-type=\"wp-page\" data-elementor-id=\"17627\" class=\"elementor elementor-17627\" data-elementor-post-type=\"page\">\n\t\t\t\t\t\t<section class=\"elementor-section elementor-top-section elementor-element elementor-element-f06289e elementor-section-boxed elementor-section-gap-beside-yes elementor-section-height-default elementor-section-height-default elementor-section-column-vertical-align-stretch\" data-id=\"f06289e\" data-element_type=\"section\" data-e-type=\"section\">\n\t\t\t\t\t\t<div class=\"elementor-container elementor-column-gap-extended\">\n\t\t\t\t\t<div class=\"elementor-column elementor-col-100 elementor-top-column elementor-element elementor-element-f68114a\" data-id=\"f68114a\" data-element_type=\"column\" data-e-type=\"column\">\n\t\t\t<div class=\"elementor-widget-wrap\">\n\t\t\t\t\t\t\t<\/div>\n\t\t<\/div>\n\t\t\t\t\t<\/div>\n\t\t<\/section>\n\t\t\t\t<section class=\"elementor-section elementor-top-section elementor-element elementor-element-e8b4d8d elementor-section-boxed elementor-section-gap-beside-yes elementor-section-height-default elementor-section-height-default elementor-section-content-align-center elementor-section-column-vertical-align-stretch\" data-id=\"e8b4d8d\" data-element_type=\"section\" data-e-type=\"section\">\n\t\t\t\t\t\t<div class=\"elementor-container elementor-column-gap-extended\">\n\t\t\t\t\t<div class=\"elementor-column elementor-col-100 elementor-top-column elementor-element elementor-element-45d4f1f\" data-id=\"45d4f1f\" data-element_type=\"column\" data-e-type=\"column\">\n\t\t\t<div class=\"elementor-widget-wrap elementor-element-populated\">\n\t\t\t\t\t\t<div class=\"elementor-element elementor-element-d2d53be elementor-widget elementor-widget-heading\" data-id=\"d2d53be\" data-element_type=\"widget\" data-e-type=\"widget\" data-widget_type=\"heading.default\">\n\t\t\t\t<div class=\"elementor-widget-container\">\n\t\t\t\t\t<h2 class=\"elementor-heading-title elementor-size-default\">Aviso Legal<\/h2>\t\t\t\t<\/div>\n\t\t\t\t<\/div>\n\t\t\t\t\t<\/div>\n\t\t<\/div>\n\t\t\t\t\t<\/div>\n\t\t<\/section>\n\t\t\t\t<section class=\"elementor-section elementor-top-section elementor-element elementor-element-dae1977 elementor-section-boxed elementor-section-gap-beside-yes elementor-section-height-default elementor-section-height-default elementor-section-content-align-center elementor-section-column-vertical-align-stretch\" data-id=\"dae1977\" data-element_type=\"section\" data-e-type=\"section\">\n\t\t\t\t\t\t<div class=\"elementor-container elementor-column-gap-extended\">\n\t\t\t\t\t<div class=\"elementor-column elementor-col-100 elementor-top-column elementor-element elementor-element-101cd2f\" data-id=\"101cd2f\" data-element_type=\"column\" data-e-type=\"column\">\n\t\t\t<div class=\"elementor-widget-wrap elementor-element-populated\">\n\t\t\t\t\t\t<div class=\"elementor-element elementor-element-a14ce1f elementor-widget elementor-widget-text-editor\" data-id=\"a14ce1f\" data-element_type=\"widget\" data-e-type=\"widget\" data-widget_type=\"text-editor.default\">\n\t\t\t\t<div class=\"elementor-widget-container\">\n\t\t\t\t\t\t\t\t\t<h5><strong>INFORMACI\u00d3N DEL TITULAR DEL SITIO WEB.<\/strong><\/h5><p>Este sitio web pertenece a OLIVIA SISTEMAS, S.L., domiciliada en la Av. Diagonal, n\u00ba 441, Planta 3 de Barcelona.<\/p><p>La direcci\u00f3n electr\u00f3nica de la empresa es la siguiente: <a href=\"https:\/\/www.olivia.es\/\">https:\/\/www.olivia.es\/<\/a><\/p><p>OLIVIA SISTEMAS, S.L. est\u00e1 inscrita en el Registro Mercantil de Barcelona.<\/p><p>El CIF\/NIF de la entidad es el siguiente: B60394566.<\/p><p>Esta entidad se dedica a la consultor\u00eda inform\u00e1tica a todo tipo de clientes.<\/p><h5><strong>T\u00c9RMINOS Y CONDICIONES DE USO DE LA P\u00c1GINA.<\/strong><\/h5><p>En nuestra p\u00e1gina web, no es necesario registrarse para acceder a ella, ni se requiere abrir ninguna cuenta privada.<\/p><h5><strong>PROPIEDAD INTELECTUAL E INDUSTRIAL.<\/strong><\/h5><p>El dise\u00f1o del portal y de sus c\u00f3digos-fuente, y tambi\u00e9n los logos, marcas y otros signos distintivos que aparecen en \u00e9ste pertenecen a la empresa titular de la p\u00e1gina, y estan protegidos por los correspondientes derechos de propiedad intelectual e industrial.<\/p><p>Asimismo, se informa que est\u00e1 prohibida la reproducci\u00f3n total o parcial de cualquier contenido publicado en este portal, sin la previa autorizaci\u00f3n de la empresa. De igual manera, los datos y los formularios que se puedan publicar en el sitio son propiedad del titular, y est\u00e1n protegidos por los correspondientes derechos de autor y\/o de propiedad intelectual.<\/p><h5><strong>RESPONSABILIDAD DE LOS CONTENIDOS.<\/strong><\/h5><p>OLIVIA SISTEMAS S.L. no se hace responsable de la legalidad de otros sitios web de terceros desde los cuales se pueda acceder a su portal.<\/p><p>La empresa se reserva el derecho a realizar cambios en el sitio web sin previo aviso, con el objetivo de mantenir actualizada su informaci\u00f3n.<\/p><p>La empresa no se har\u00e1 responsable del uso que hagan terceros de la informaci\u00f3n publicada en su portal.<\/p>\t\t\t\t\t\t\t\t<\/div>\n\t\t\t\t<\/div>\n\t\t\t\t\t<\/div>\n\t\t<\/div>\n\t\t\t\t\t<\/div>\n\t\t<\/section>\n\t\t\t\t<section class=\"elementor-section elementor-top-section elementor-element elementor-element-53ebee66 elementor-section-stretched border-01 elementor-section-boxed elementor-section-gap-beside-yes elementor-section-height-default elementor-section-height-default elementor-section-column-vertical-align-stretch\" data-id=\"53ebee66\" data-element_type=\"section\" data-e-type=\"section\" data-settings=\"{&quot;stretch_section&quot;:&quot;section-stretched&quot;}\">\n\t\t\t\t\t\t<div class=\"elementor-container elementor-column-gap-extended\">\n\t\t\t\t\t<div class=\"elementor-column elementor-col-25 elementor-top-column elementor-element elementor-element-abeb1e6\" data-id=\"abeb1e6\" data-element_type=\"column\" data-e-type=\"column\">\n\t\t\t<div class=\"elementor-widget-wrap elementor-element-populated\">\n\t\t\t\t\t\t<div class=\"elementor-element elementor-element-29e0d1ab elementor-widget elementor-widget-sala-site-logo\" data-id=\"29e0d1ab\" data-element_type=\"widget\" data-e-type=\"widget\" data-widget_type=\"sala-site-logo.default\">\n\t\t\t\t<div class=\"elementor-widget-container\">\n\t\t\t\t\t\t\t<div class=\"site-logo ux-element\" data-id=\"site-logo\">\r\n\t\t\t\t\t\t\t<a href=\"https:\/\/olivia.es\/express\/\" title=\"Olivia Express\">\r\n\t\t\t\t\t<img decoding=\"async\" class=\"site-main-logo\" src=\"https:\/\/olivia.es\/express\/wp-content\/uploads\/2022\/07\/logo_express2022_dark.png\" data-retina=\"http:\/\/express.olivia.es\/wp-content\/uploads\/2022\/07\/logo_express2022_dark_retina.png\" alt=\"Olivia Express\">\r\n\t\t\t\t\t<img decoding=\"async\" class=\"site-dark-logo hide\" src=\"http:\/\/express.olivia.es\/wp-content\/uploads\/2022\/07\/logo_express2022_light.png\" data-retina=\"http:\/\/express.olivia.es\/wp-content\/uploads\/2022\/07\/logo_express2022_light_retina.png\" alt=\"Olivia Express\">\r\n\t\t\t\t<\/a>\r\n\t\t\t\t\t<\/div>\r\n\t\t\t\t\t\t<\/div>\n\t\t\t\t<\/div>\n\t\t\t\t<div class=\"elementor-element elementor-element-64efc6ec elementor-widget elementor-widget-text-editor\" data-id=\"64efc6ec\" data-element_type=\"widget\" data-e-type=\"widget\" data-widget_type=\"text-editor.default\">\n\t\t\t\t<div class=\"elementor-widget-container\">\n\t\t\t\t\t\t\t\t\t<p>Implantaci\u00f3n de Microsoft Dynamics 365 Business Central de una manera r\u00e1pida y sencilla<\/p>\t\t\t\t\t\t\t\t<\/div>\n\t\t\t\t<\/div>\n\t\t\t\t<div class=\"elementor-element elementor-element-43f75e8b elementor-widget elementor-widget-heading\" data-id=\"43f75e8b\" data-element_type=\"widget\" data-e-type=\"widget\" data-widget_type=\"heading.default\">\n\t\t\t\t<div class=\"elementor-widget-container\">\n\t\t\t\t\t<h2 class=\"elementor-heading-title elementor-size-default\">Powered by<\/h2>\t\t\t\t<\/div>\n\t\t\t\t<\/div>\n\t\t\t\t<div class=\"elementor-element elementor-element-c47a6fd elementor-widget elementor-widget-image\" data-id=\"c47a6fd\" data-element_type=\"widget\" data-e-type=\"widget\" data-widget_type=\"image.default\">\n\t\t\t\t<div class=\"elementor-widget-container\">\n\t\t\t\t\t\t\t\t\t\t\t\t\t\t\t<img fetchpriority=\"high\" decoding=\"async\" width=\"933\" height=\"307\" src=\"https:\/\/olivia.es\/express\/wp-content\/uploads\/2022\/07\/Logo-Olivia-2018.png\" class=\"attachment-large size-large wp-image-17729\" alt=\"\" srcset=\"https:\/\/olivia.es\/express\/wp-content\/uploads\/2022\/07\/Logo-Olivia-2018.png 933w, https:\/\/olivia.es\/express\/wp-content\/uploads\/2022\/07\/Logo-Olivia-2018-300x99.png 300w, https:\/\/olivia.es\/express\/wp-content\/uploads\/2022\/07\/Logo-Olivia-2018-768x253.png 768w\" sizes=\"(max-width: 933px) 100vw, 933px\" \/>\t\t\t\t\t\t\t\t\t\t\t\t\t\t\t<\/div>\n\t\t\t\t<\/div>\n\t\t\t\t\t<\/div>\n\t\t<\/div>\n\t\t\t\t<div class=\"elementor-column elementor-col-25 elementor-top-column elementor-element elementor-element-21928cfe\" data-id=\"21928cfe\" data-element_type=\"column\" data-e-type=\"column\">\n\t\t\t<div class=\"elementor-widget-wrap elementor-element-populated\">\n\t\t\t\t\t\t<div class=\"elementor-element elementor-element-30b3b67b elementor-widget elementor-widget-heading\" data-id=\"30b3b67b\" data-element_type=\"widget\" data-e-type=\"widget\" data-widget_type=\"heading.default\">\n\t\t\t\t<div class=\"elementor-widget-container\">\n\t\t\t\t\t<h4 class=\"elementor-heading-title elementor-size-default\">Olivia Express<\/h4>\t\t\t\t<\/div>\n\t\t\t\t<\/div>\n\t\t\t\t<div class=\"elementor-element elementor-element-391bb42 sala-list-layout-block elementor-widget elementor-widget-global elementor-global-21026 elementor-widget-sala-list\" data-id=\"391bb42\" data-element_type=\"widget\" data-e-type=\"widget\" data-widget_type=\"sala-list.default\">\n\t\t\t\t<div class=\"elementor-widget-container\">\n\t\t\t\t\t\t\t<div class=\"sala-list\" data-id=\"\">\r\n\t\t\t\t\t\t\t\t<div class=\"item\">\r\n\r\n\t\t\t\t\t\t<a class=\"link\" href=\"https:\/\/express.olivia.es\/precios\/\">\r\n\t\t\t\t\t\t<div class=\"list-header\">\r\n\t\t\t\t\t\t\t\t\t\t\t\t\t\t\t\t\t\t\t\t\t\t\r\n\t\t\t\t\t\t\t<div class=\"text-wrap\">\r\n\t\t\t\t\t\t\t\t\t\t\t\t\t\t\t\t\t<div class=\"text\">\r\n\t\t\t\t\t\t\t\t\t\tPlanes\t\t\t\t\t\t\t\t\t<\/div>\r\n\t\t\t\t\t\t\t\t\t\t\t\t\t\t\t<\/div>\r\n\r\n\t\t\t\t\t\t\t\t\t\t\t\t\t<\/div>\r\n\r\n\t\t\t\t\t\t<\/a>\r\n\t\t\t\t\t<\/div>\r\n\t\t\t\t\t\t\t\t\t\t<div class=\"item\">\r\n\r\n\t\t\t\t\t\t<a class=\"link\" href=\"https:\/\/express.olivia.es\/precios\/\">\r\n\t\t\t\t\t\t<div class=\"list-header\">\r\n\t\t\t\t\t\t\t\t\t\t\t\t\t\t\t\t\t\t\t\t\t\t\r\n\t\t\t\t\t\t\t<div class=\"text-wrap\">\r\n\t\t\t\t\t\t\t\t\t\t\t\t\t\t\t\t\t<div class=\"text\">\r\n\t\t\t\t\t\t\t\t\t\tPrecios\t\t\t\t\t\t\t\t\t<\/div>\r\n\t\t\t\t\t\t\t\t\t\t\t\t\t\t\t<\/div>\r\n\r\n\t\t\t\t\t\t\t\t\t\t\t\t\t<\/div>\r\n\r\n\t\t\t\t\t\t<\/a>\r\n\t\t\t\t\t<\/div>\r\n\t\t\t\t\t\t\t\t\t\t<div class=\"item\">\r\n\r\n\t\t\t\t\t\t<a class=\"link\" href=\"https:\/\/express.olivia.es\/landings\/kit-digital-erp-crm-bi\">\r\n\t\t\t\t\t\t<div class=\"list-header\">\r\n\t\t\t\t\t\t\t\t\t\t\t\t\t\t\t\t\t\t\t\t\t\t\r\n\t\t\t\t\t\t\t<div class=\"text-wrap\">\r\n\t\t\t\t\t\t\t\t\t\t\t\t\t\t\t\t\t<div class=\"text\">\r\n\t\t\t\t\t\t\t\t\t\tKit Digital\t\t\t\t\t\t\t\t\t<\/div>\r\n\t\t\t\t\t\t\t\t\t\t\t\t\t\t\t<\/div>\r\n\r\n\t\t\t\t\t\t\t\t\t\t\t\t\t<\/div>\r\n\r\n\t\t\t\t\t\t<\/a>\r\n\t\t\t\t\t<\/div>\r\n\t\t\t\t\t\t\t<\/div>\r\n\t\t\t\t\t\t<\/div>\n\t\t\t\t<\/div>\n\t\t\t\t\t<\/div>\n\t\t<\/div>\n\t\t\t\t<div class=\"elementor-column elementor-col-25 elementor-top-column elementor-element elementor-element-41a31cdc\" data-id=\"41a31cdc\" data-element_type=\"column\" data-e-type=\"column\">\n\t\t\t<div class=\"elementor-widget-wrap elementor-element-populated\">\n\t\t\t\t\t\t<div class=\"elementor-element elementor-element-774461bf elementor-widget elementor-widget-heading\" data-id=\"774461bf\" data-element_type=\"widget\" data-e-type=\"widget\" data-widget_type=\"heading.default\">\n\t\t\t\t<div class=\"elementor-widget-container\">\n\t\t\t\t\t<h4 class=\"elementor-heading-title elementor-size-default\">Legales<\/h4>\t\t\t\t<\/div>\n\t\t\t\t<\/div>\n\t\t\t\t<div class=\"elementor-element elementor-element-5b635ade sala-list-layout-block elementor-widget elementor-widget-sala-list\" data-id=\"5b635ade\" data-element_type=\"widget\" data-e-type=\"widget\" data-widget_type=\"sala-list.default\">\n\t\t\t\t<div class=\"elementor-widget-container\">\n\t\t\t\t\t\t\t<div class=\"sala-list\" data-id=\"\">\r\n\t\t\t\t\t\t\t\t<div class=\"item\">\r\n\r\n\t\t\t\t\t\t<a class=\"link\" href=\"http:\/\/express.olivia.es\/aviso-legal\/\">\r\n\t\t\t\t\t\t<div class=\"list-header\">\r\n\t\t\t\t\t\t\t\t\t\t\t\t\t\t\t\t\t\t\t\t\t\t\r\n\t\t\t\t\t\t\t<div class=\"text-wrap\">\r\n\t\t\t\t\t\t\t\t\t\t\t\t\t\t\t\t\t<div class=\"text\">\r\n\t\t\t\t\t\t\t\t\t\tAviso Legal\t\t\t\t\t\t\t\t\t<\/div>\r\n\t\t\t\t\t\t\t\t\t\t\t\t\t\t\t<\/div>\r\n\r\n\t\t\t\t\t\t\t\t\t\t\t\t\t<\/div>\r\n\r\n\t\t\t\t\t\t<\/a>\r\n\t\t\t\t\t<\/div>\r\n\t\t\t\t\t\t\t\t\t\t<div class=\"item\">\r\n\r\n\t\t\t\t\t\t<a class=\"link\" href=\"http:\/\/express.olivia.es\/politica-de-cookies\/\">\r\n\t\t\t\t\t\t<div class=\"list-header\">\r\n\t\t\t\t\t\t\t\t\t\t\t\t\t\t\t\t\t\t\t\t\t\t\r\n\t\t\t\t\t\t\t<div class=\"text-wrap\">\r\n\t\t\t\t\t\t\t\t\t\t\t\t\t\t\t\t\t<div class=\"text\">\r\n\t\t\t\t\t\t\t\t\t\tPol\u00edtica de cookies\t\t\t\t\t\t\t\t\t<\/div>\r\n\t\t\t\t\t\t\t\t\t\t\t\t\t\t\t<\/div>\r\n\r\n\t\t\t\t\t\t\t\t\t\t\t\t\t<\/div>\r\n\r\n\t\t\t\t\t\t<\/a>\r\n\t\t\t\t\t<\/div>\r\n\t\t\t\t\t\t\t\t\t\t<div class=\"item\">\r\n\r\n\t\t\t\t\t\t<a class=\"link\" href=\"http:\/\/express.olivia.es\/politica-de-privacidad\/\">\r\n\t\t\t\t\t\t<div class=\"list-header\">\r\n\t\t\t\t\t\t\t\t\t\t\t\t\t\t\t\t\t\t\t\t\t\t\r\n\t\t\t\t\t\t\t<div class=\"text-wrap\">\r\n\t\t\t\t\t\t\t\t\t\t\t\t\t\t\t\t\t<div class=\"text\">\r\n\t\t\t\t\t\t\t\t\t\tPol\u00edtica de privacidad\t\t\t\t\t\t\t\t\t<\/div>\r\n\t\t\t\t\t\t\t\t\t\t\t\t\t\t\t<\/div>\r\n\r\n\t\t\t\t\t\t\t\t\t\t\t\t\t<\/div>\r\n\r\n\t\t\t\t\t\t<\/a>\r\n\t\t\t\t\t<\/div>\r\n\t\t\t\t\t\t\t<\/div>\r\n\t\t\t\t\t\t<\/div>\n\t\t\t\t<\/div>\n\t\t\t\t\t<\/div>\n\t\t<\/div>\n\t\t\t\t<div class=\"elementor-column elementor-col-25 elementor-top-column elementor-element elementor-element-19968dbc\" data-id=\"19968dbc\" data-element_type=\"column\" data-e-type=\"column\">\n\t\t\t<div class=\"elementor-widget-wrap elementor-element-populated\">\n\t\t\t\t\t\t<div class=\"elementor-element elementor-element-5ea20ce2 elementor-widget elementor-widget-button\" data-id=\"5ea20ce2\" data-element_type=\"widget\" data-e-type=\"widget\" data-widget_type=\"button.default\">\n\t\t\t\t<div class=\"elementor-widget-container\">\n\t\t\t\t\t\t\t\t\t<div class=\"elementor-button-wrapper\">\n\t\t\t\t\t<a class=\"elementor-button elementor-button-link elementor-size-md\" href=\"https:\/\/wa.me\/message\/WBYI4KTWYMOCM1\">\n\t\t\t\t\t\t<span class=\"elementor-button-content-wrapper\">\n\t\t\t\t\t\t<span class=\"elementor-button-icon\">\n\t\t\t\t<i aria-hidden=\"true\" class=\"fab fa-whatsapp\"><\/i>\t\t\t<\/span>\n\t\t\t\t\t\t\t\t\t<span class=\"elementor-button-text\">Enviar mensaje<\/span>\n\t\t\t\t\t<\/span>\n\t\t\t\t\t<\/a>\n\t\t\t\t<\/div>\n\t\t\t\t\t\t\t\t<\/div>\n\t\t\t\t<\/div>\n\t\t\t\t<div class=\"elementor-element elementor-element-7404b9dc elementor-widget elementor-widget-button\" data-id=\"7404b9dc\" data-element_type=\"widget\" data-e-type=\"widget\" data-widget_type=\"button.default\">\n\t\t\t\t<div class=\"elementor-widget-container\">\n\t\t\t\t\t\t\t\t\t<div class=\"elementor-button-wrapper\">\n\t\t\t\t\t<a class=\"elementor-button elementor-button-link elementor-size-md\" href=\"https:\/\/outlook.office365.com\/owa\/calendar\/OLIVIAEXPRESS@olivia.es\/bookings\/s\/GjdfAZlGG0-fx3u3qFWwLw2\">\n\t\t\t\t\t\t<span class=\"elementor-button-content-wrapper\">\n\t\t\t\t\t\t<span class=\"elementor-button-icon\">\n\t\t\t\t<i aria-hidden=\"true\" class=\"fab fa-microsoft\"><\/i>\t\t\t<\/span>\n\t\t\t\t\t\t\t\t\t<span class=\"elementor-button-text\">Agendar videollamada<\/span>\n\t\t\t\t\t<\/span>\n\t\t\t\t\t<\/a>\n\t\t\t\t<\/div>\n\t\t\t\t\t\t\t\t<\/div>\n\t\t\t\t<\/div>\n\t\t\t\t<div class=\"elementor-element elementor-element-32ecde33 elementor-widget elementor-widget-button\" data-id=\"32ecde33\" data-element_type=\"widget\" data-e-type=\"widget\" data-widget_type=\"button.default\">\n\t\t\t\t<div class=\"elementor-widget-container\">\n\t\t\t\t\t\t\t\t\t<div class=\"elementor-button-wrapper\">\n\t\t\t\t\t<a class=\"elementor-button elementor-button-link elementor-size-md\" href=\"https:\/\/www.linkedin.com\/company\/olivia-sistemas\/\">\n\t\t\t\t\t\t<span class=\"elementor-button-content-wrapper\">\n\t\t\t\t\t\t<span class=\"elementor-button-icon\">\n\t\t\t\t<i aria-hidden=\"true\" class=\"fab fa-linkedin-in\"><\/i>\t\t\t<\/span>\n\t\t\t\t\t\t\t\t\t<span class=\"elementor-button-text\">Contactar en Linkedin<\/span>\n\t\t\t\t\t<\/span>\n\t\t\t\t\t<\/a>\n\t\t\t\t<\/div>\n\t\t\t\t\t\t\t\t<\/div>\n\t\t\t\t<\/div>\n\t\t\t\t\t<\/div>\n\t\t<\/div>\n\t\t\t\t\t<\/div>\n\t\t<\/section>\n\t\t\t\t<\/div>\n\t\t","protected":false},"excerpt":{"rendered":"<p>Aviso Legal INFORMACI\u00d3N DEL TITULAR DEL SITIO WEB. Este sitio web pertenece a OLIVIA SISTEMAS, S.L., domiciliada en la Av. Diagonal, n\u00ba 441, Planta 3 de Barcelona. La direcci\u00f3n electr\u00f3nica de la empresa es la siguiente: https:\/\/www.olivia.es\/ OLIVIA SISTEMAS, S.L. est\u00e1 inscrita en el Registro Mercantil de Barcelona. El CIF\/NIF de la entidad es el [&hellip;]<\/p>\n","protected":false},"author":1,"featured_media":0,"parent":0,"menu_order":0,"comment_status":"closed","ping_status":"closed","template":"elementor_header_footer","meta":{"inline_featured_image":false,"footnotes":""},"class_list":["post-17627","page","type-page","status-publish","hentry","post-no-thumbnail"],"_links":{"self":[{"href":"https:\/\/olivia.es\/express\/wp-json\/wp\/v2\/pages\/17627","targetHints":{"allow":["GET"]}}],"collection":[{"href":"https:\/\/olivia.es\/express\/wp-json\/wp\/v2\/pages"}],"about":[{"href":"https:\/\/olivia.es\/express\/wp-json\/wp\/v2\/types\/page"}],"author":[{"embeddable":true,"href":"https:\/\/olivia.es\/express\/wp-json\/wp\/v2\/users\/1"}],"replies":[{"embeddable":true,"href":"https:\/\/olivia.es\/express\/wp-json\/wp\/v2\/comments?post=17627"}],"version-history":[{"count":22,"href":"https:\/\/olivia.es\/express\/wp-json\/wp\/v2\/pages\/17627\/revisions"}],"predecessor-version":[{"id":21040,"href":"https:\/\/olivia.es\/express\/wp-json\/wp\/v2\/pages\/17627\/revisions\/21040"}],"wp:attachment":[{"href":"https:\/\/olivia.es\/express\/wp-json\/wp\/v2\/media?parent=17627"}],"curies":[{"name":"wp","href":"https:\/\/api.w.org\/{rel}","templated":true}]}}