{"id":17646,"date":"2022-07-20T08:50:33","date_gmt":"2022-07-20T08:50:33","guid":{"rendered":"https:\/\/express.olivia.es\/?page_id=17646"},"modified":"2022-12-16T13:04:59","modified_gmt":"2022-12-16T12:04:59","slug":"politica-de-privacidad","status":"publish","type":"page","link":"https:\/\/olivia.es\/express\/politica-de-privacidad\/","title":{"rendered":"Pol\u00edtica de privacidad"},"content":{"rendered":"\t\t<div data-elementor-type=\"wp-page\" data-elementor-id=\"17646\" class=\"elementor elementor-17646\" data-elementor-post-type=\"page\">\n\t\t\t\t\t\t<section class=\"elementor-section elementor-top-section elementor-element elementor-element-91f19cc elementor-section-boxed elementor-section-gap-beside-yes elementor-section-height-default elementor-section-height-default elementor-section-column-vertical-align-stretch\" data-id=\"91f19cc\" data-element_type=\"section\" data-e-type=\"section\">\n\t\t\t\t\t\t<div class=\"elementor-container elementor-column-gap-extended\">\n\t\t\t\t\t<div class=\"elementor-column elementor-col-100 elementor-top-column elementor-element elementor-element-b850048\" data-id=\"b850048\" data-element_type=\"column\" data-e-type=\"column\">\n\t\t\t<div class=\"elementor-widget-wrap elementor-element-populated\">\n\t\t\t\t\t\t<div class=\"elementor-element elementor-element-ef8b838 elementor-widget elementor-widget-heading\" data-id=\"ef8b838\" data-element_type=\"widget\" data-e-type=\"widget\" data-widget_type=\"heading.default\">\n\t\t\t\t<div class=\"elementor-widget-container\">\n\t\t\t\t\t<h2 class=\"elementor-heading-title elementor-size-default\">Aviso Legal<\/h2>\t\t\t\t<\/div>\n\t\t\t\t<\/div>\n\t\t\t\t\t<\/div>\n\t\t<\/div>\n\t\t\t\t\t<\/div>\n\t\t<\/section>\n\t\t\t\t<section class=\"elementor-section elementor-top-section elementor-element elementor-element-8cc5265 elementor-section-boxed elementor-section-gap-beside-yes elementor-section-height-default elementor-section-height-default elementor-section-content-align-center elementor-section-column-vertical-align-stretch\" data-id=\"8cc5265\" data-element_type=\"section\" data-e-type=\"section\">\n\t\t\t\t\t\t<div class=\"elementor-container elementor-column-gap-extended\">\n\t\t\t\t\t<div class=\"elementor-column elementor-col-100 elementor-top-column elementor-element elementor-element-5c2992f\" data-id=\"5c2992f\" data-element_type=\"column\" data-e-type=\"column\">\n\t\t\t<div class=\"elementor-widget-wrap elementor-element-populated\">\n\t\t\t\t\t\t<div class=\"elementor-element elementor-element-ec664ac elementor-widget elementor-widget-heading\" data-id=\"ec664ac\" data-element_type=\"widget\" data-e-type=\"widget\" data-widget_type=\"heading.default\">\n\t\t\t\t<div class=\"elementor-widget-container\">\n\t\t\t\t\t<h2 class=\"elementor-heading-title elementor-size-default\">Pol\u00edtica de privacidad<\/h2>\t\t\t\t<\/div>\n\t\t\t\t<\/div>\n\t\t\t\t\t<\/div>\n\t\t<\/div>\n\t\t\t\t\t<\/div>\n\t\t<\/section>\n\t\t\t\t<section class=\"elementor-section elementor-top-section elementor-element elementor-element-dae1977 elementor-section-boxed elementor-section-gap-beside-yes elementor-section-height-default elementor-section-height-default elementor-section-content-align-center elementor-section-column-vertical-align-stretch\" data-id=\"dae1977\" data-element_type=\"section\" data-e-type=\"section\">\n\t\t\t\t\t\t<div class=\"elementor-container elementor-column-gap-extended\">\n\t\t\t\t\t<div class=\"elementor-column elementor-col-100 elementor-top-column elementor-element elementor-element-101cd2f\" data-id=\"101cd2f\" data-element_type=\"column\" data-e-type=\"column\">\n\t\t\t<div class=\"elementor-widget-wrap elementor-element-populated\">\n\t\t\t\t\t\t<div class=\"elementor-element elementor-element-a14ce1f elementor-widget elementor-widget-text-editor\" data-id=\"a14ce1f\" data-element_type=\"widget\" data-e-type=\"widget\" data-widget_type=\"text-editor.default\">\n\t\t\t\t<div class=\"elementor-widget-container\">\n\t\t\t\t\t\t\t\t\t<h5><strong>\u00bfQui\u00e9n es el responsable del tratamiento de vuestros datos?<\/strong><\/h5><p>Identidad: OLIVIA SISTEMAS, S.L.<\/p><p>Direcci\u00f3n: Av. Diagonal, 441, Planta 3<\/p><p>08036 -Barcelona<\/p><p>Tel\u00e9fono: 932380132<\/p><p>Correo electr\u00f3nico:\u00a0<a>rgpd@olivia.es<\/a><\/p><h5><strong>\u00bfCon qu\u00e9 finalidad se tratar\u00e1n los datos?<\/strong><\/h5><p><strong>\u00a0<\/strong>OLIVIA SISTEMAS, S.L. trata la informaci\u00f3n que nos facilit\u00e1is las personas interesadas con la finalidad de prestar el servicio e informar de nuestra actividad. Con vuestros datos, no elaboraremos perfiles comerciales ni tomaremos decisiones automatizadas sobre la base de vuestros datos.<\/p><h5><strong>\u00a0<\/strong><strong>\u00bfCu\u00e1nto tiempo conservaremos los datos? <\/strong><\/h5><p>Los datos personales que nos proporcion\u00e9is se conservar\u00e1n mientras se mantenga la relaci\u00f3n entre ambas partes, durante el plazo de prescripci\u00f3n de las obligaciones legales, o hasta que nos solicit\u00e9is la supresi\u00f3n de los mismos.<\/p><p>Una vez pasados estos plazos, los datos ser\u00e1n eliminados por borrado electr\u00f3nico y, los datos en formato papel, por destrucci\u00f3n en m\u00e1quina destructora.<\/p><h5><strong>\u00bfCu\u00e1l es la legitimaci\u00f3n para el tratamiento de vuestros datos?<\/strong><\/h5><p><strong>\u00a0<\/strong>La base legal para el tratamiento de vuestros datos es:<\/p><ul><li>ejecuci\u00f3n de un contrato, para los clientes y proveedores;<\/li><li>consentimiento expreso obtenido del propio interesado, para los clientes;<\/li><li>inter\u00e9s leg\u00edtimo del responsable del tratamiento<em>,<\/em> para los que solicitan informaci\u00f3n o los antiguos clientes.<\/li><\/ul><h5>\u00a0<\/h5><h5><strong>\u00bfA qu\u00e9 destinatarios se comunicar\u00e1n vuestros datos?<\/strong><\/h5><p><strong>\u00a0<\/strong>Los datos personales no se comunicar\u00e1n a ninguna empresa ni se utilitzar\u00e1n para ninguna otra finalidad, excepto que nos lo autoric\u00e9is de forma expresa o cuando sea\u00a0necesario para cumplir con una obligaci\u00f3n legal o en inter\u00e9s leg\u00edtimo del Responsable.<\/p><h5>\u00a0<\/h5><h5><strong>\u00bfCu\u00e1les son vuestros derechos?<\/strong><strong>\u00a0<\/strong><\/h5><ul><li>Cualquier persona tiene derecho a obtener informaci\u00f3n de esta empresa sobre si estamos tratando datos personales de ella o no.<\/li><li>Las personas interesadas tienen derecho a acceder a sus datos personales, as\u00ed como a solicitar la rectificaci\u00f3n de los datos que sean inexactos o, si procede, solicitar la supresi\u00f3n, entre otros motivos, cuando los datos ya no sean necesarios para las finalidades para las que fueron recogidas.<\/li><li>En determinadas circunstancias previstas en el art\u00edculo 18 del RGPD, los interesados pueden solicitar la limitaci\u00f3n del tratamiento de sus datos. En este caso, \u00fanicamente se conservar\u00e1n para ejercer o defender reclamaciones.<\/li><li>Los interesados pueden oponerse al tratamiento de sus datos con finalidades de marketing o publicidad, incluido la elaboraci\u00f3n de perfiles.<\/li><li>En virtud del derecho a la portabilidad, los interesados tambi\u00e9n tienen derecho a obtener sus datos personales en un formato estructurado de uso com\u00fan y lectura mec\u00e1nica y a transmitirlos a otro responsable o empresa.<\/li><\/ul><h5>\u00a0<\/h5><h5><strong>\u00bfC\u00f3mo se pueden ejercer estos derechos?<\/strong><\/h5><ul><li>Mediante un escrito dirigido a:<\/li><\/ul><p>OLIVIA SISTEMAS, S.L.<\/p><p>Av. Diagonal, 441, Planta 3<\/p><p>(0806) Barcelona.<\/p><ul><li>Mediante el formulario electr\u00f3nico disponible en:<\/li><\/ul><p><a href=\"https:\/\/www.olivia.es\/contacto\/\">https:\/\/www.olivia.es\/contacto\/<\/a><\/p><ul><li>Mediante petici\u00f3n enviada al mail:<\/li><\/ul><p><a>rgpd@olivia.es<\/a><\/p><h5>\u00a0<\/h5><h5><strong>\u00bfQu\u00e9 v\u00edas de reclamaci\u00f3n hay?<\/strong><\/h5><p>Si consider\u00e1is que vuestros derechos no han sido atendidos adecuadamente, ten\u00e9is derecho a presentar una reclamaci\u00f3n ante la <em>Agencia Espa\u00f1ola de Protecci\u00f3n de Datos<\/em> (AEPD) \u201c.<\/p>\t\t\t\t\t\t\t\t<\/div>\n\t\t\t\t<\/div>\n\t\t\t\t\t<\/div>\n\t\t<\/div>\n\t\t\t\t\t<\/div>\n\t\t<\/section>\n\t\t\t\t<section class=\"elementor-section elementor-top-section elementor-element elementor-element-329a7c59 elementor-section-stretched border-01 elementor-section-boxed elementor-section-gap-beside-yes elementor-section-height-default elementor-section-height-default elementor-section-column-vertical-align-stretch\" data-id=\"329a7c59\" data-element_type=\"section\" data-e-type=\"section\" data-settings=\"{&quot;stretch_section&quot;:&quot;section-stretched&quot;}\">\n\t\t\t\t\t\t<div class=\"elementor-container elementor-column-gap-extended\">\n\t\t\t\t\t<div class=\"elementor-column elementor-col-25 elementor-top-column elementor-element elementor-element-4bf8255e\" data-id=\"4bf8255e\" data-element_type=\"column\" data-e-type=\"column\">\n\t\t\t<div class=\"elementor-widget-wrap elementor-element-populated\">\n\t\t\t\t\t\t<div class=\"elementor-element elementor-element-614a7925 elementor-widget elementor-widget-sala-site-logo\" data-id=\"614a7925\" data-element_type=\"widget\" data-e-type=\"widget\" data-widget_type=\"sala-site-logo.default\">\n\t\t\t\t<div class=\"elementor-widget-container\">\n\t\t\t\t\t\t\t<div class=\"site-logo ux-element\" data-id=\"site-logo\">\r\n\t\t\t\t\t\t\t<a href=\"https:\/\/olivia.es\/express\/\" title=\"Olivia Express\">\r\n\t\t\t\t\t<img decoding=\"async\" class=\"site-main-logo\" src=\"https:\/\/olivia.es\/express\/wp-content\/uploads\/2022\/07\/logo_express2022_dark.png\" data-retina=\"http:\/\/express.olivia.es\/wp-content\/uploads\/2022\/07\/logo_express2022_dark_retina.png\" alt=\"Olivia Express\">\r\n\t\t\t\t\t<img decoding=\"async\" class=\"site-dark-logo hide\" src=\"http:\/\/express.olivia.es\/wp-content\/uploads\/2022\/07\/logo_express2022_light.png\" data-retina=\"http:\/\/express.olivia.es\/wp-content\/uploads\/2022\/07\/logo_express2022_light_retina.png\" alt=\"Olivia Express\">\r\n\t\t\t\t<\/a>\r\n\t\t\t\t\t<\/div>\r\n\t\t\t\t\t\t<\/div>\n\t\t\t\t<\/div>\n\t\t\t\t<div class=\"elementor-element elementor-element-5f3de2ee elementor-widget elementor-widget-text-editor\" data-id=\"5f3de2ee\" data-element_type=\"widget\" data-e-type=\"widget\" data-widget_type=\"text-editor.default\">\n\t\t\t\t<div class=\"elementor-widget-container\">\n\t\t\t\t\t\t\t\t\t<p>Implantaci\u00f3n de Microsoft Dynamics 365 Business Central de una manera r\u00e1pida y sencilla<\/p>\t\t\t\t\t\t\t\t<\/div>\n\t\t\t\t<\/div>\n\t\t\t\t<div class=\"elementor-element elementor-element-612def8f elementor-widget elementor-widget-heading\" data-id=\"612def8f\" data-element_type=\"widget\" data-e-type=\"widget\" data-widget_type=\"heading.default\">\n\t\t\t\t<div class=\"elementor-widget-container\">\n\t\t\t\t\t<h2 class=\"elementor-heading-title elementor-size-default\">Powered by<\/h2>\t\t\t\t<\/div>\n\t\t\t\t<\/div>\n\t\t\t\t<div class=\"elementor-element elementor-element-3116bf elementor-widget elementor-widget-image\" data-id=\"3116bf\" data-element_type=\"widget\" data-e-type=\"widget\" data-widget_type=\"image.default\">\n\t\t\t\t<div class=\"elementor-widget-container\">\n\t\t\t\t\t\t\t\t\t\t\t\t\t\t\t<img fetchpriority=\"high\" decoding=\"async\" width=\"933\" height=\"307\" src=\"https:\/\/olivia.es\/express\/wp-content\/uploads\/2022\/07\/Logo-Olivia-2018.png\" class=\"attachment-large size-large wp-image-17729\" alt=\"\" srcset=\"https:\/\/olivia.es\/express\/wp-content\/uploads\/2022\/07\/Logo-Olivia-2018.png 933w, https:\/\/olivia.es\/express\/wp-content\/uploads\/2022\/07\/Logo-Olivia-2018-300x99.png 300w, https:\/\/olivia.es\/express\/wp-content\/uploads\/2022\/07\/Logo-Olivia-2018-768x253.png 768w\" sizes=\"(max-width: 933px) 100vw, 933px\" \/>\t\t\t\t\t\t\t\t\t\t\t\t\t\t\t<\/div>\n\t\t\t\t<\/div>\n\t\t\t\t\t<\/div>\n\t\t<\/div>\n\t\t\t\t<div class=\"elementor-column elementor-col-25 elementor-top-column elementor-element elementor-element-2575eb5c\" data-id=\"2575eb5c\" data-element_type=\"column\" data-e-type=\"column\">\n\t\t\t<div class=\"elementor-widget-wrap elementor-element-populated\">\n\t\t\t\t\t\t<div class=\"elementor-element elementor-element-772a6ae7 elementor-widget elementor-widget-heading\" data-id=\"772a6ae7\" data-element_type=\"widget\" data-e-type=\"widget\" data-widget_type=\"heading.default\">\n\t\t\t\t<div class=\"elementor-widget-container\">\n\t\t\t\t\t<h4 class=\"elementor-heading-title elementor-size-default\">Olivia Express<\/h4>\t\t\t\t<\/div>\n\t\t\t\t<\/div>\n\t\t\t\t<div class=\"elementor-element elementor-element-b365fa4 sala-list-layout-block elementor-widget elementor-widget-global elementor-global-21026 elementor-widget-sala-list\" data-id=\"b365fa4\" data-element_type=\"widget\" data-e-type=\"widget\" data-widget_type=\"sala-list.default\">\n\t\t\t\t<div class=\"elementor-widget-container\">\n\t\t\t\t\t\t\t<div class=\"sala-list\" data-id=\"\">\r\n\t\t\t\t\t\t\t\t<div class=\"item\">\r\n\r\n\t\t\t\t\t\t<a class=\"link\" href=\"https:\/\/express.olivia.es\/precios\/\">\r\n\t\t\t\t\t\t<div class=\"list-header\">\r\n\t\t\t\t\t\t\t\t\t\t\t\t\t\t\t\t\t\t\t\t\t\t\r\n\t\t\t\t\t\t\t<div class=\"text-wrap\">\r\n\t\t\t\t\t\t\t\t\t\t\t\t\t\t\t\t\t<div class=\"text\">\r\n\t\t\t\t\t\t\t\t\t\tPlanes\t\t\t\t\t\t\t\t\t<\/div>\r\n\t\t\t\t\t\t\t\t\t\t\t\t\t\t\t<\/div>\r\n\r\n\t\t\t\t\t\t\t\t\t\t\t\t\t<\/div>\r\n\r\n\t\t\t\t\t\t<\/a>\r\n\t\t\t\t\t<\/div>\r\n\t\t\t\t\t\t\t\t\t\t<div class=\"item\">\r\n\r\n\t\t\t\t\t\t<a class=\"link\" href=\"https:\/\/express.olivia.es\/precios\/\">\r\n\t\t\t\t\t\t<div class=\"list-header\">\r\n\t\t\t\t\t\t\t\t\t\t\t\t\t\t\t\t\t\t\t\t\t\t\r\n\t\t\t\t\t\t\t<div class=\"text-wrap\">\r\n\t\t\t\t\t\t\t\t\t\t\t\t\t\t\t\t\t<div class=\"text\">\r\n\t\t\t\t\t\t\t\t\t\tPrecios\t\t\t\t\t\t\t\t\t<\/div>\r\n\t\t\t\t\t\t\t\t\t\t\t\t\t\t\t<\/div>\r\n\r\n\t\t\t\t\t\t\t\t\t\t\t\t\t<\/div>\r\n\r\n\t\t\t\t\t\t<\/a>\r\n\t\t\t\t\t<\/div>\r\n\t\t\t\t\t\t\t\t\t\t<div class=\"item\">\r\n\r\n\t\t\t\t\t\t<a class=\"link\" href=\"https:\/\/express.olivia.es\/landings\/kit-digital-erp-crm-bi\">\r\n\t\t\t\t\t\t<div class=\"list-header\">\r\n\t\t\t\t\t\t\t\t\t\t\t\t\t\t\t\t\t\t\t\t\t\t\r\n\t\t\t\t\t\t\t<div class=\"text-wrap\">\r\n\t\t\t\t\t\t\t\t\t\t\t\t\t\t\t\t\t<div class=\"text\">\r\n\t\t\t\t\t\t\t\t\t\tKit Digital\t\t\t\t\t\t\t\t\t<\/div>\r\n\t\t\t\t\t\t\t\t\t\t\t\t\t\t\t<\/div>\r\n\r\n\t\t\t\t\t\t\t\t\t\t\t\t\t<\/div>\r\n\r\n\t\t\t\t\t\t<\/a>\r\n\t\t\t\t\t<\/div>\r\n\t\t\t\t\t\t\t<\/div>\r\n\t\t\t\t\t\t<\/div>\n\t\t\t\t<\/div>\n\t\t\t\t\t<\/div>\n\t\t<\/div>\n\t\t\t\t<div class=\"elementor-column elementor-col-25 elementor-top-column elementor-element elementor-element-17031fd2\" data-id=\"17031fd2\" data-element_type=\"column\" data-e-type=\"column\">\n\t\t\t<div class=\"elementor-widget-wrap elementor-element-populated\">\n\t\t\t\t\t\t<div class=\"elementor-element elementor-element-6af7a963 elementor-widget elementor-widget-heading\" data-id=\"6af7a963\" data-element_type=\"widget\" data-e-type=\"widget\" data-widget_type=\"heading.default\">\n\t\t\t\t<div class=\"elementor-widget-container\">\n\t\t\t\t\t<h4 class=\"elementor-heading-title elementor-size-default\">Legales<\/h4>\t\t\t\t<\/div>\n\t\t\t\t<\/div>\n\t\t\t\t<div class=\"elementor-element elementor-element-638d1a22 sala-list-layout-block elementor-widget elementor-widget-sala-list\" data-id=\"638d1a22\" data-element_type=\"widget\" data-e-type=\"widget\" data-widget_type=\"sala-list.default\">\n\t\t\t\t<div class=\"elementor-widget-container\">\n\t\t\t\t\t\t\t<div class=\"sala-list\" data-id=\"\">\r\n\t\t\t\t\t\t\t\t<div class=\"item\">\r\n\r\n\t\t\t\t\t\t<a class=\"link\" href=\"http:\/\/express.olivia.es\/aviso-legal\/\">\r\n\t\t\t\t\t\t<div class=\"list-header\">\r\n\t\t\t\t\t\t\t\t\t\t\t\t\t\t\t\t\t\t\t\t\t\t\r\n\t\t\t\t\t\t\t<div class=\"text-wrap\">\r\n\t\t\t\t\t\t\t\t\t\t\t\t\t\t\t\t\t<div class=\"text\">\r\n\t\t\t\t\t\t\t\t\t\tAviso Legal\t\t\t\t\t\t\t\t\t<\/div>\r\n\t\t\t\t\t\t\t\t\t\t\t\t\t\t\t<\/div>\r\n\r\n\t\t\t\t\t\t\t\t\t\t\t\t\t<\/div>\r\n\r\n\t\t\t\t\t\t<\/a>\r\n\t\t\t\t\t<\/div>\r\n\t\t\t\t\t\t\t\t\t\t<div class=\"item\">\r\n\r\n\t\t\t\t\t\t<a class=\"link\" href=\"http:\/\/express.olivia.es\/politica-de-cookies\/\">\r\n\t\t\t\t\t\t<div class=\"list-header\">\r\n\t\t\t\t\t\t\t\t\t\t\t\t\t\t\t\t\t\t\t\t\t\t\r\n\t\t\t\t\t\t\t<div class=\"text-wrap\">\r\n\t\t\t\t\t\t\t\t\t\t\t\t\t\t\t\t\t<div class=\"text\">\r\n\t\t\t\t\t\t\t\t\t\tPol\u00edtica de cookies\t\t\t\t\t\t\t\t\t<\/div>\r\n\t\t\t\t\t\t\t\t\t\t\t\t\t\t\t<\/div>\r\n\r\n\t\t\t\t\t\t\t\t\t\t\t\t\t<\/div>\r\n\r\n\t\t\t\t\t\t<\/a>\r\n\t\t\t\t\t<\/div>\r\n\t\t\t\t\t\t\t\t\t\t<div class=\"item\">\r\n\r\n\t\t\t\t\t\t<a class=\"link\" href=\"http:\/\/express.olivia.es\/politica-de-privacidad\/\">\r\n\t\t\t\t\t\t<div class=\"list-header\">\r\n\t\t\t\t\t\t\t\t\t\t\t\t\t\t\t\t\t\t\t\t\t\t\r\n\t\t\t\t\t\t\t<div class=\"text-wrap\">\r\n\t\t\t\t\t\t\t\t\t\t\t\t\t\t\t\t\t<div class=\"text\">\r\n\t\t\t\t\t\t\t\t\t\tPol\u00edtica de privacidad\t\t\t\t\t\t\t\t\t<\/div>\r\n\t\t\t\t\t\t\t\t\t\t\t\t\t\t\t<\/div>\r\n\r\n\t\t\t\t\t\t\t\t\t\t\t\t\t<\/div>\r\n\r\n\t\t\t\t\t\t<\/a>\r\n\t\t\t\t\t<\/div>\r\n\t\t\t\t\t\t\t<\/div>\r\n\t\t\t\t\t\t<\/div>\n\t\t\t\t<\/div>\n\t\t\t\t\t<\/div>\n\t\t<\/div>\n\t\t\t\t<div class=\"elementor-column elementor-col-25 elementor-top-column elementor-element elementor-element-920a6c8\" data-id=\"920a6c8\" data-element_type=\"column\" data-e-type=\"column\">\n\t\t\t<div class=\"elementor-widget-wrap elementor-element-populated\">\n\t\t\t\t\t\t<div class=\"elementor-element elementor-element-139dd465 elementor-widget elementor-widget-button\" data-id=\"139dd465\" data-element_type=\"widget\" data-e-type=\"widget\" data-widget_type=\"button.default\">\n\t\t\t\t<div class=\"elementor-widget-container\">\n\t\t\t\t\t\t\t\t\t<div class=\"elementor-button-wrapper\">\n\t\t\t\t\t<a class=\"elementor-button elementor-button-link elementor-size-md\" href=\"https:\/\/wa.me\/message\/WBYI4KTWYMOCM1\">\n\t\t\t\t\t\t<span class=\"elementor-button-content-wrapper\">\n\t\t\t\t\t\t<span class=\"elementor-button-icon\">\n\t\t\t\t<i aria-hidden=\"true\" class=\"fab fa-whatsapp\"><\/i>\t\t\t<\/span>\n\t\t\t\t\t\t\t\t\t<span class=\"elementor-button-text\">Enviar mensaje<\/span>\n\t\t\t\t\t<\/span>\n\t\t\t\t\t<\/a>\n\t\t\t\t<\/div>\n\t\t\t\t\t\t\t\t<\/div>\n\t\t\t\t<\/div>\n\t\t\t\t<div class=\"elementor-element elementor-element-ed071eb elementor-widget elementor-widget-button\" data-id=\"ed071eb\" data-element_type=\"widget\" data-e-type=\"widget\" data-widget_type=\"button.default\">\n\t\t\t\t<div class=\"elementor-widget-container\">\n\t\t\t\t\t\t\t\t\t<div class=\"elementor-button-wrapper\">\n\t\t\t\t\t<a class=\"elementor-button elementor-button-link elementor-size-md\" href=\"https:\/\/outlook.office365.com\/owa\/calendar\/OLIVIAEXPRESS@olivia.es\/bookings\/s\/GjdfAZlGG0-fx3u3qFWwLw2\">\n\t\t\t\t\t\t<span class=\"elementor-button-content-wrapper\">\n\t\t\t\t\t\t<span class=\"elementor-button-icon\">\n\t\t\t\t<i aria-hidden=\"true\" class=\"fab fa-microsoft\"><\/i>\t\t\t<\/span>\n\t\t\t\t\t\t\t\t\t<span class=\"elementor-button-text\">Agendar videollamada<\/span>\n\t\t\t\t\t<\/span>\n\t\t\t\t\t<\/a>\n\t\t\t\t<\/div>\n\t\t\t\t\t\t\t\t<\/div>\n\t\t\t\t<\/div>\n\t\t\t\t<div class=\"elementor-element elementor-element-4e76e8f9 elementor-widget elementor-widget-button\" data-id=\"4e76e8f9\" data-element_type=\"widget\" data-e-type=\"widget\" data-widget_type=\"button.default\">\n\t\t\t\t<div class=\"elementor-widget-container\">\n\t\t\t\t\t\t\t\t\t<div class=\"elementor-button-wrapper\">\n\t\t\t\t\t<a class=\"elementor-button elementor-button-link elementor-size-md\" href=\"https:\/\/www.linkedin.com\/company\/olivia-sistemas\/\">\n\t\t\t\t\t\t<span class=\"elementor-button-content-wrapper\">\n\t\t\t\t\t\t<span class=\"elementor-button-icon\">\n\t\t\t\t<i aria-hidden=\"true\" class=\"fab fa-linkedin-in\"><\/i>\t\t\t<\/span>\n\t\t\t\t\t\t\t\t\t<span class=\"elementor-button-text\">Contactar en Linkedin<\/span>\n\t\t\t\t\t<\/span>\n\t\t\t\t\t<\/a>\n\t\t\t\t<\/div>\n\t\t\t\t\t\t\t\t<\/div>\n\t\t\t\t<\/div>\n\t\t\t\t\t<\/div>\n\t\t<\/div>\n\t\t\t\t\t<\/div>\n\t\t<\/section>\n\t\t\t\t<\/div>\n\t\t","protected":false},"excerpt":{"rendered":"<p>Aviso Legal Pol\u00edtica de privacidad \u00bfQui\u00e9n es el responsable del tratamiento de vuestros datos? Identidad: OLIVIA SISTEMAS, S.L. Direcci\u00f3n: Av. Diagonal, 441, Planta 3 08036 -Barcelona Tel\u00e9fono: 932380132 Correo electr\u00f3nico:\u00a0rgpd@olivia.es \u00bfCon qu\u00e9 finalidad se tratar\u00e1n los datos? \u00a0OLIVIA SISTEMAS, S.L. trata la informaci\u00f3n que nos facilit\u00e1is las personas interesadas con la finalidad de prestar el [&hellip;]<\/p>\n","protected":false},"author":1,"featured_media":0,"parent":0,"menu_order":0,"comment_status":"closed","ping_status":"closed","template":"elementor_header_footer","meta":{"inline_featured_image":false,"footnotes":""},"class_list":["post-17646","page","type-page","status-publish","hentry","post-no-thumbnail"],"_links":{"self":[{"href":"https:\/\/olivia.es\/express\/wp-json\/wp\/v2\/pages\/17646","targetHints":{"allow":["GET"]}}],"collection":[{"href":"https:\/\/olivia.es\/express\/wp-json\/wp\/v2\/pages"}],"about":[{"href":"https:\/\/olivia.es\/express\/wp-json\/wp\/v2\/types\/page"}],"author":[{"embeddable":true,"href":"https:\/\/olivia.es\/express\/wp-json\/wp\/v2\/users\/1"}],"replies":[{"embeddable":true,"href":"https:\/\/olivia.es\/express\/wp-json\/wp\/v2\/comments?post=17646"}],"version-history":[{"count":37,"href":"https:\/\/olivia.es\/express\/wp-json\/wp\/v2\/pages\/17646\/revisions"}],"predecessor-version":[{"id":21070,"href":"https:\/\/olivia.es\/express\/wp-json\/wp\/v2\/pages\/17646\/revisions\/21070"}],"wp:attachment":[{"href":"https:\/\/olivia.es\/express\/wp-json\/wp\/v2\/media?parent=17646"}],"curies":[{"name":"wp","href":"https:\/\/api.w.org\/{rel}","templated":true}]}}