{"id":18150,"date":"2022-04-27T11:14:50","date_gmt":"2022-04-27T11:14:50","guid":{"rendered":"https:\/\/www.olivia.es\/oliviaappsource\/?page_id=18150"},"modified":"2022-04-27T11:17:27","modified_gmt":"2022-04-27T11:17:27","slug":"aviso-legal","status":"publish","type":"page","link":"https:\/\/olivia.es\/oliviaappsource\/aviso-legal\/","title":{"rendered":"Aviso Legal"},"content":{"rendered":"\t\t<div data-elementor-type=\"wp-page\" data-elementor-id=\"18150\" class=\"elementor elementor-18150\" data-elementor-post-type=\"page\">\n\t\t\t\t\t\t<section class=\"elementor-section elementor-top-section elementor-element elementor-element-598507b elementor-section-boxed elementor-section-gap-beside-yes elementor-section-height-default elementor-section-height-default elementor-section-content-align-center elementor-section-column-vertical-align-stretch\" data-id=\"598507b\" data-element_type=\"section\">\n\t\t\t\t\t\t<div class=\"elementor-container elementor-column-gap-extended\">\n\t\t\t\t\t<div class=\"elementor-column elementor-col-100 elementor-top-column elementor-element elementor-element-8811a86\" data-id=\"8811a86\" data-element_type=\"column\">\n\t\t\t<div class=\"elementor-widget-wrap elementor-element-populated\">\n\t\t\t\t\t\t<div class=\"elementor-element elementor-element-3396012 elementor-widget elementor-widget-heading\" data-id=\"3396012\" data-element_type=\"widget\" data-widget_type=\"heading.default\">\n\t\t\t\t<div class=\"elementor-widget-container\">\n\t\t\t\t\t<h2 class=\"elementor-heading-title elementor-size-default\">Aviso Legal<\/h2>\t\t\t\t<\/div>\n\t\t\t\t<\/div>\n\t\t\t\t\t<\/div>\n\t\t<\/div>\n\t\t\t\t\t<\/div>\n\t\t<\/section>\n\t\t\t\t<section class=\"elementor-section elementor-top-section elementor-element elementor-element-96a349c elementor-section-boxed elementor-section-gap-beside-yes elementor-section-height-default elementor-section-height-default elementor-section-content-align-center elementor-section-column-vertical-align-stretch\" data-id=\"96a349c\" data-element_type=\"section\">\n\t\t\t\t\t\t<div class=\"elementor-container elementor-column-gap-extended\">\n\t\t\t\t\t<div class=\"elementor-column elementor-col-100 elementor-top-column elementor-element elementor-element-742d92a\" data-id=\"742d92a\" data-element_type=\"column\">\n\t\t\t<div class=\"elementor-widget-wrap elementor-element-populated\">\n\t\t\t\t\t\t<div class=\"elementor-element elementor-element-f06f74e elementor-widget elementor-widget-text-editor\" data-id=\"f06f74e\" data-element_type=\"widget\" data-widget_type=\"text-editor.default\">\n\t\t\t\t<div class=\"elementor-widget-container\">\n\t\t\t\t\t\t\t\t\t<h5><strong>INFORMACI\u00d3N DEL TITULAR DEL SITIO WEB.<\/strong><\/h5><p>Este sitio web pertenece a OLIVIA SISTEMAS, S.L., domiciliada en la Av. Diagonal, n\u00ba 441, Planta 3 de Barcelona.<\/p><p>La direcci\u00f3n electr\u00f3nica de la empresa es la siguiente: <a href=\"https:\/\/www.olivia.es\/\">https:\/\/www.olivia.es\/<\/a><\/p><p>OLIVIA SISTEMAS, S.L. est\u00e1 inscrita en el Registro Mercantil de Barcelona.<\/p><p>El CIF\/NIF de la entidad es el siguiente: B60394566.<\/p><p>Esta entidad se dedica a la consultor\u00eda inform\u00e1tica a todo tipo de clientes.<\/p><h5><strong>T\u00c9RMINOS Y CONDICIONES DE USO DE LA P\u00c1GINA.<\/strong><\/h5><p>En nuestra p\u00e1gina web, no es necesario registrarse para acceder a ella, ni se requiere abrir ninguna cuenta privada.<\/p><h5><strong>PROPIEDAD INTELECTUAL E INDUSTRIAL.<\/strong><\/h5><p>El dise\u00f1o del portal y de sus c\u00f3digos-fuente, y tambi\u00e9n los logos, marcas y otros signos distintivos que aparecen en \u00e9ste pertenecen a la empresa titular de la p\u00e1gina, y estan protegidos por los correspondientes derechos de propiedad intelectual e industrial.<\/p><p>Asimismo, se informa que est\u00e1 prohibida la reproducci\u00f3n total o parcial de cualquier contenido publicado en este portal, sin la previa autorizaci\u00f3n de la empresa. De igual manera, los datos y los formularios que se puedan publicar en el sitio son propiedad del titular, y est\u00e1n protegidos por los correspondientes derechos de autor y\/o de propiedad intelectual.<\/p><h5><strong>RESPONSABILIDAD DE LOS CONTENIDOS.<\/strong><\/h5><p>OLIVIA SISTEMAS S.L. no se hace responsable de la legalidad de otros sitios web de terceros desde los cuales se pueda acceder a su portal.<\/p><p>La empresa se reserva el derecho a realizar cambios en el sitio web sin previo aviso, con el objetivo de mantenir actualizada su informaci\u00f3n.<\/p><p>La empresa no se har\u00e1 responsable del uso que hagan terceros de la informaci\u00f3n publicada en su portal.<\/p>\t\t\t\t\t\t\t\t<\/div>\n\t\t\t\t<\/div>\n\t\t\t\t\t<\/div>\n\t\t<\/div>\n\t\t\t\t\t<\/div>\n\t\t<\/section>\n\t\t\t\t<\/div>\n\t\t","protected":false},"excerpt":{"rendered":"<p>Aviso Legal INFORMACI\u00d3N DEL TITULAR DEL SITIO WEB. Este sitio web pertenece a OLIVIA SISTEMAS, S.L., domiciliada en la Av. Diagonal, n\u00ba 441, Planta 3 de Barcelona. La direcci\u00f3n electr\u00f3nica de la empresa es la siguiente: https:\/\/www.olivia.es\/ OLIVIA SISTEMAS, S.L. est\u00e1 inscrita en el Registro Mercantil de Barcelona. El CIF\/NIF de la entidad es el [&hellip;]<\/p>\n","protected":false},"author":1,"featured_media":0,"parent":0,"menu_order":0,"comment_status":"closed","ping_status":"closed","template":"","meta":{"_acf_changed":false,"inline_featured_image":false,"footnotes":""},"class_list":["post-18150","page","type-page","status-publish","hentry","post-no-thumbnail"],"acf":[],"_links":{"self":[{"href":"https:\/\/olivia.es\/oliviaappsource\/wp-json\/wp\/v2\/pages\/18150","targetHints":{"allow":["GET"]}}],"collection":[{"href":"https:\/\/olivia.es\/oliviaappsource\/wp-json\/wp\/v2\/pages"}],"about":[{"href":"https:\/\/olivia.es\/oliviaappsource\/wp-json\/wp\/v2\/types\/page"}],"author":[{"embeddable":true,"href":"https:\/\/olivia.es\/oliviaappsource\/wp-json\/wp\/v2\/users\/1"}],"replies":[{"embeddable":true,"href":"https:\/\/olivia.es\/oliviaappsource\/wp-json\/wp\/v2\/comments?post=18150"}],"version-history":[{"count":6,"href":"https:\/\/olivia.es\/oliviaappsource\/wp-json\/wp\/v2\/pages\/18150\/revisions"}],"predecessor-version":[{"id":18156,"href":"https:\/\/olivia.es\/oliviaappsource\/wp-json\/wp\/v2\/pages\/18150\/revisions\/18156"}],"wp:attachment":[{"href":"https:\/\/olivia.es\/oliviaappsource\/wp-json\/wp\/v2\/media?parent=18150"}],"curies":[{"name":"wp","href":"https:\/\/api.w.org\/{rel}","templated":true}]}}