{"id":18232,"date":"2022-04-29T08:54:54","date_gmt":"2022-04-29T08:54:54","guid":{"rendered":"https:\/\/www.olivia.es\/oliviaappsource\/?page_id=18232"},"modified":"2022-10-13T08:45:12","modified_gmt":"2022-10-13T08:45:12","slug":"partner-businesss-central-olivia","status":"publish","type":"page","link":"https:\/\/olivia.es\/oliviaappsource\/partner-businesss-central-olivia\/","title":{"rendered":"Partner Businesss Central &#8211; Olivia"},"content":{"rendered":"\t\t<div data-elementor-type=\"wp-page\" data-elementor-id=\"18232\" class=\"elementor elementor-18232\" data-elementor-post-type=\"page\">\n\t\t\t\t\t\t<section class=\"elementor-section elementor-top-section elementor-element elementor-element-8b642b7 elementor-section-boxed elementor-section-gap-beside-yes elementor-section-height-default elementor-section-height-default elementor-section-content-align-center elementor-section-column-vertical-align-stretch\" data-id=\"8b642b7\" data-element_type=\"section\">\n\t\t\t\t\t\t<div class=\"elementor-container elementor-column-gap-extended\">\n\t\t\t\t\t<div class=\"elementor-column elementor-col-100 elementor-top-column elementor-element elementor-element-0c9ba84\" data-id=\"0c9ba84\" data-element_type=\"column\">\n\t\t\t<div class=\"elementor-widget-wrap elementor-element-populated\">\n\t\t\t\t\t\t<div class=\"elementor-element elementor-element-f2c8b40 elementor-widget elementor-widget-heading\" data-id=\"f2c8b40\" data-element_type=\"widget\" data-widget_type=\"heading.default\">\n\t\t\t\t<div class=\"elementor-widget-container\">\n\t\t\t\t\t<h1 class=\"elementor-heading-title elementor-size-default\">Somos tu Gold Partner de Microsoft especializado en PYMES <\/h1>\t\t\t\t<\/div>\n\t\t\t\t<\/div>\n\t\t\t\t\t<\/div>\n\t\t<\/div>\n\t\t\t\t\t<\/div>\n\t\t<\/section>\n\t\t\t\t<section class=\"elementor-section elementor-top-section elementor-element elementor-element-ba91c46 elementor-section-boxed elementor-section-gap-beside-yes elementor-section-height-default elementor-section-height-default elementor-section-content-align-center elementor-section-column-vertical-align-stretch\" data-id=\"ba91c46\" data-element_type=\"section\">\n\t\t\t\t\t\t<div class=\"elementor-container elementor-column-gap-extended\">\n\t\t\t\t\t<div class=\"elementor-column elementor-col-50 elementor-top-column elementor-element elementor-element-df7fb24\" data-id=\"df7fb24\" data-element_type=\"column\">\n\t\t\t<div class=\"elementor-widget-wrap elementor-element-populated\">\n\t\t\t\t\t\t<div class=\"elementor-element elementor-element-b859c0f elementor-widget elementor-widget-heading\" data-id=\"b859c0f\" data-element_type=\"widget\" data-widget_type=\"heading.default\">\n\t\t\t\t<div class=\"elementor-widget-container\">\n\t\t\t\t\t<h2 class=\"elementor-heading-title elementor-size-default\">Gold partner de Microsoft con m\u00e1s de 20 a\u00f1os<\/h2>\t\t\t\t<\/div>\n\t\t\t\t<\/div>\n\t\t\t\t<div class=\"elementor-element elementor-element-a3773d5 elementor-widget elementor-widget-text-editor\" data-id=\"a3773d5\" data-element_type=\"widget\" data-widget_type=\"text-editor.default\">\n\t\t\t\t<div class=\"elementor-widget-container\">\n\t\t\t\t\t\t\t\t\t<p>En Olivia llevamos m\u00e1s de 20 a\u00f1os trabajando con las tecnolog\u00edas de Microsoft, acredit\u00e1ndonos como Gold Partner desde nuestros inicios. Empezamos implantando la soluci\u00f3n Navision que ha ido evolucionando a Microsoft Dynamics 365 Business Central, dentro del paraguas de soluciones de negocio de Microsoft. A lo largo de los a\u00f1os hemos ido incorporando las nuevas soluciones como Dynamics 365 for Sales (CRM) o toda la Power Platform (Power BI, Power Automate, Power Apps) para enriquir el ERP facilitando la toma de decisiones siendo m\u00e1s productivo.<\/p>\t\t\t\t\t\t\t\t<\/div>\n\t\t\t\t<\/div>\n\t\t\t\t<div class=\"elementor-element elementor-element-d6aea63 elementor-widget elementor-widget-heading\" data-id=\"d6aea63\" data-element_type=\"widget\" data-widget_type=\"heading.default\">\n\t\t\t\t<div class=\"elementor-widget-container\">\n\t\t\t\t\t<h2 class=\"elementor-heading-title elementor-size-default\">Aplicaciones instaladas alrededor del mundo<\/h2>\t\t\t\t<\/div>\n\t\t\t\t<\/div>\n\t\t\t\t<div class=\"elementor-element elementor-element-72a4746 elementor-widget elementor-widget-image\" data-id=\"72a4746\" data-element_type=\"widget\" data-widget_type=\"image.default\">\n\t\t\t\t<div class=\"elementor-widget-container\">\n\t\t\t\t\t\t\t\t\t\t\t\t\t\t\t<img fetchpriority=\"high\" decoding=\"async\" width=\"1024\" height=\"558\" src=\"https:\/\/olivia.es\/oliviaappsource\/wp-content\/uploads\/2022\/04\/Captura-de-pantalla-2022-04-29-a-les-10.37.14-1024x558.png\" class=\"attachment-large size-large wp-image-18262\" alt=\"\" srcset=\"https:\/\/olivia.es\/oliviaappsource\/wp-content\/uploads\/2022\/04\/Captura-de-pantalla-2022-04-29-a-les-10.37.14-1024x558.png 1024w, https:\/\/olivia.es\/oliviaappsource\/wp-content\/uploads\/2022\/04\/Captura-de-pantalla-2022-04-29-a-les-10.37.14-300x163.png 300w, https:\/\/olivia.es\/oliviaappsource\/wp-content\/uploads\/2022\/04\/Captura-de-pantalla-2022-04-29-a-les-10.37.14-768x418.png 768w, https:\/\/olivia.es\/oliviaappsource\/wp-content\/uploads\/2022\/04\/Captura-de-pantalla-2022-04-29-a-les-10.37.14-600x327.png 600w, https:\/\/olivia.es\/oliviaappsource\/wp-content\/uploads\/2022\/04\/Captura-de-pantalla-2022-04-29-a-les-10.37.14.png 1153w\" sizes=\"(max-width: 1024px) 100vw, 1024px\" \/>\t\t\t\t\t\t\t\t\t\t\t\t\t\t\t<\/div>\n\t\t\t\t<\/div>\n\t\t\t\t\t<\/div>\n\t\t<\/div>\n\t\t\t\t<div class=\"elementor-column elementor-col-50 elementor-top-column elementor-element elementor-element-7076b2d\" data-id=\"7076b2d\" data-element_type=\"column\" data-settings=\"{&quot;background_background&quot;:&quot;classic&quot;}\">\n\t\t\t<div class=\"elementor-widget-wrap elementor-element-populated\">\n\t\t\t\t\t\t<div class=\"elementor-element elementor-element-963fff0 elementor-widget elementor-widget-heading\" data-id=\"963fff0\" data-element_type=\"widget\" data-widget_type=\"heading.default\">\n\t\t\t\t<div class=\"elementor-widget-container\">\n\t\t\t\t\t<h2 class=\"elementor-heading-title elementor-size-default\">Conoce a nuestro equipo<\/h2>\t\t\t\t<\/div>\n\t\t\t\t<\/div>\n\t\t\t\t<div class=\"elementor-element elementor-element-d525111 elementor-widget elementor-widget-text-editor\" data-id=\"d525111\" data-element_type=\"widget\" data-widget_type=\"text-editor.default\">\n\t\t\t\t<div class=\"elementor-widget-container\">\n\t\t\t\t\t\t\t\t\t<p>Cada a\u00f1o salimos de nuestra actividad diaria por un d\u00eda para compartir experiencias&#8230;.diferentes.<\/p><p>Disfrutamos de nuestro trabajo de la misma manera que podr\u00e1s ver en este v\u00eddeo. Muchos de nosotros hace m\u00e1s de 10 a\u00f1os que trabajamos juntos y la complicidad ayuda a trasladar esta energ\u00eda a los proyectos que realizamos.<\/p>\t\t\t\t\t\t\t\t<\/div>\n\t\t\t\t<\/div>\n\t\t\t\t<div class=\"elementor-element elementor-element-f0ccb4b elementor-widget elementor-widget-video\" data-id=\"f0ccb4b\" data-element_type=\"widget\" data-settings=\"{&quot;youtube_url&quot;:&quot;https:\\\/\\\/www.youtube.com\\\/watch?v=R-FL9yTRDBQ&quot;,&quot;video_type&quot;:&quot;youtube&quot;,&quot;controls&quot;:&quot;yes&quot;}\" data-widget_type=\"video.default\">\n\t\t\t\t<div class=\"elementor-widget-container\">\n\t\t\t\t\t\t\t<div class=\"elementor-wrapper elementor-open-inline\">\n\t\t\t<div class=\"elementor-video\"><\/div>\t\t<\/div>\n\t\t\t\t\t\t<\/div>\n\t\t\t\t<\/div>\n\t\t\t\t<div class=\"elementor-element elementor-element-31257dc elementor-align-left elementor-widget elementor-widget-button\" data-id=\"31257dc\" data-element_type=\"widget\" data-widget_type=\"button.default\">\n\t\t\t\t<div class=\"elementor-widget-container\">\n\t\t\t\t\t\t\t\t\t<div class=\"elementor-button-wrapper\">\n\t\t\t\t\t<a class=\"elementor-button elementor-button-link elementor-size-md\" href=\"https:\/\/www.olivia.es\" target=\"_blank\">\n\t\t\t\t\t\t<span class=\"elementor-button-content-wrapper\">\n\t\t\t\t\t\t<span class=\"elementor-button-icon\">\n\t\t\t\t<i aria-hidden=\"true\" class=\"fab fa-microsoft\"><\/i>\t\t\t<\/span>\n\t\t\t\t\t\t\t\t\t<span class=\"elementor-button-text\">ver nuestra web<\/span>\n\t\t\t\t\t<\/span>\n\t\t\t\t\t<\/a>\n\t\t\t\t<\/div>\n\t\t\t\t\t\t\t\t<\/div>\n\t\t\t\t<\/div>\n\t\t\t\t\t<\/div>\n\t\t<\/div>\n\t\t\t\t\t<\/div>\n\t\t<\/section>\n\t\t\t\t<section class=\"elementor-section elementor-top-section elementor-element elementor-element-60a7c05e elementor-section-boxed elementor-section-gap-beside-yes elementor-section-height-default elementor-section-height-default elementor-section-content-align-center elementor-section-column-vertical-align-stretch\" data-id=\"60a7c05e\" data-element_type=\"section\" data-settings=\"{&quot;background_background&quot;:&quot;classic&quot;}\">\n\t\t\t\t\t\t<div class=\"elementor-container elementor-column-gap-extended\">\n\t\t\t\t\t<div class=\"elementor-column elementor-col-50 elementor-top-column elementor-element elementor-element-4dbad51d\" data-id=\"4dbad51d\" data-element_type=\"column\">\n\t\t\t<div class=\"elementor-widget-wrap elementor-element-populated\">\n\t\t\t\t\t\t<div class=\"elementor-element elementor-element-6ecbc356 elementor-widget elementor-widget-menu-anchor\" data-id=\"6ecbc356\" data-element_type=\"widget\" data-widget_type=\"menu-anchor.default\">\n\t\t\t\t<div class=\"elementor-widget-container\">\n\t\t\t\t\t\t\t<div class=\"elementor-menu-anchor\" id=\"form\"><\/div>\n\t\t\t\t\t\t<\/div>\n\t\t\t\t<\/div>\n\t\t\t\t<div class=\"elementor-element elementor-element-6bb63410 elementor-widget elementor-widget-heading\" data-id=\"6bb63410\" data-element_type=\"widget\" data-widget_type=\"heading.default\">\n\t\t\t\t<div class=\"elementor-widget-container\">\n\t\t\t\t\t<h5 class=\"elementor-heading-title elementor-size-default\">\u00bfQuieres m\u00e1s informaci\u00f3n?<\/h5>\t\t\t\t<\/div>\n\t\t\t\t<\/div>\n\t\t\t\t<div class=\"elementor-element elementor-element-a1c2cd1 elementor-widget elementor-widget-heading\" data-id=\"a1c2cd1\" data-element_type=\"widget\" data-widget_type=\"heading.default\">\n\t\t\t\t<div class=\"elementor-widget-container\">\n\t\t\t\t\t<h5 class=\"elementor-heading-title elementor-size-default\">Rellena el formulario y te informamos<\/h5>\t\t\t\t<\/div>\n\t\t\t\t<\/div>\n\t\t\t\t<div class=\"elementor-element elementor-element-5e1892e0 elementor-widget elementor-widget-image\" data-id=\"5e1892e0\" data-element_type=\"widget\" data-widget_type=\"image.default\">\n\t\t\t\t<div class=\"elementor-widget-container\">\n\t\t\t\t\t\t\t\t\t\t\t\t\t\t\t<img decoding=\"async\" width=\"1\" height=\"1\" src=\"https:\/\/olivia.es\/oliviaappsource\/wp-content\/uploads\/2022\/10\/Product-presentation-bro.svg\" class=\"attachment-full size-full wp-image-20351\" alt=\"\" \/>\t\t\t\t\t\t\t\t\t\t\t\t\t\t\t<\/div>\n\t\t\t\t<\/div>\n\t\t\t\t\t<\/div>\n\t\t<\/div>\n\t\t\t\t<div class=\"elementor-column elementor-col-50 elementor-top-column elementor-element elementor-element-2167b3d0\" data-id=\"2167b3d0\" data-element_type=\"column\">\n\t\t\t<div class=\"elementor-widget-wrap elementor-element-populated\">\n\t\t\t\t\t\t<div class=\"elementor-element elementor-element-28e467b0 elementor-widget elementor-widget-wpforms\" data-id=\"28e467b0\" data-element_type=\"widget\" data-widget_type=\"wpforms.default\">\n\t\t\t\t<div class=\"elementor-widget-container\">\n\t\t\t\t\t<div class=\"wpforms-container wpforms-container-full\" id=\"wpforms-17852\"><form id=\"wpforms-form-17852\" class=\"wpforms-validate wpforms-form wpforms-ajax-form\" data-formid=\"17852\" method=\"post\" enctype=\"multipart\/form-data\" action=\"\/oliviaappsource\/wp-json\/wp\/v2\/pages\/18232\" data-token=\"bbdcebab882add8bc6a1ef659ecf8eb4\" data-token-time=\"1778673051\"><noscript class=\"wpforms-error-noscript\">Por favor, activa JavaScript en tu navegador para completar este formulario.<\/noscript><div class=\"wpforms-field-container\"><div id=\"wpforms-17852-field_1-container\" class=\"wpforms-field wpforms-field-name\" data-field-id=\"1\"><label class=\"wpforms-field-label\">Nombre <span class=\"wpforms-required-label\">*<\/span><\/label><div class=\"wpforms-field-row wpforms-field-medium\"><div class=\"wpforms-field-row-block wpforms-first wpforms-one-half\"><input type=\"text\" id=\"wpforms-17852-field_1\" class=\"wpforms-field-name-first wpforms-field-required\" name=\"wpforms[fields][1][first]\" required><label for=\"wpforms-17852-field_1\" class=\"wpforms-field-sublabel after\">Nombre<\/label><\/div><div class=\"wpforms-field-row-block wpforms-one-half\"><input type=\"text\" id=\"wpforms-17852-field_1-last\" class=\"wpforms-field-name-last wpforms-field-required\" name=\"wpforms[fields][1][last]\" required><label for=\"wpforms-17852-field_1-last\" class=\"wpforms-field-sublabel after\">Apellidos<\/label><\/div><\/div><\/div><div id=\"wpforms-17852-field_2-container\" class=\"wpforms-field wpforms-field-email\" data-field-id=\"2\"><label class=\"wpforms-field-label\" for=\"wpforms-17852-field_2\">Correo electr\u00f3nico <span class=\"wpforms-required-label\">*<\/span><\/label><input type=\"email\" id=\"wpforms-17852-field_2\" class=\"wpforms-field-medium wpforms-field-required\" name=\"wpforms[fields][2]\" spellcheck=\"false\" required><\/div><div id=\"wpforms-17852-field_3-container\" class=\"wpforms-field wpforms-field-number\" data-field-id=\"3\"><label class=\"wpforms-field-label\" for=\"wpforms-17852-field_3\">Tel\u00e9fono <span class=\"wpforms-required-label\">*<\/span><\/label><input type=\"number\" id=\"wpforms-17852-field_3\" class=\"wpforms-field-medium wpforms-field-required\" name=\"wpforms[fields][3]\" step=\"any\" required><\/div><div id=\"wpforms-17852-field_4-container\" class=\"wpforms-field wpforms-field-textarea\" data-field-id=\"4\"><label class=\"wpforms-field-label\" for=\"wpforms-17852-field_4\">Comentarios<\/label><textarea id=\"wpforms-17852-field_4\" class=\"wpforms-field-medium\" name=\"wpforms[fields][4]\" ><\/textarea><\/div><\/div><!-- .wpforms-field-container --><div class=\"wpforms-submit-container\" ><input type=\"hidden\" name=\"wpforms[id]\" value=\"17852\"><input type=\"hidden\" name=\"page_title\" value=\"\"><input type=\"hidden\" name=\"page_url\" value=\"https:\/\/olivia.es\/oliviaappsource\/wp-json\/wp\/v2\/pages\/18232\"><input type=\"hidden\" name=\"url_referer\" value=\"\"><button type=\"submit\" name=\"wpforms[submit]\" id=\"wpforms-submit-17852\" class=\"wpforms-submit\" data-alt-text=\"Enviando...\" data-submit-text=\"Enviar\" aria-live=\"assertive\" value=\"wpforms-submit\">Enviar<\/button><img decoding=\"async\" src=\"https:\/\/olivia.es\/oliviaappsource\/wp-content\/plugins\/wpforms-lite\/assets\/images\/submit-spin.svg\" class=\"wpforms-submit-spinner\" style=\"display: none;\" width=\"26\" height=\"26\" alt=\"Cargando\"><\/div><\/form><\/div>  <!-- .wpforms-container -->\t\t\t\t<\/div>\n\t\t\t\t<\/div>\n\t\t\t\t\t<\/div>\n\t\t<\/div>\n\t\t\t\t\t<\/div>\n\t\t<\/section>\n\t\t\t\t<\/div>\n\t\t","protected":false},"excerpt":{"rendered":"<p>Somos tu Gold Partner de Microsoft especializado en PYMES Gold partner de Microsoft con m\u00e1s de 20 a\u00f1os En Olivia llevamos m\u00e1s de 20 a\u00f1os trabajando con las tecnolog\u00edas de Microsoft, acredit\u00e1ndonos como Gold Partner desde nuestros inicios. Empezamos implantando la soluci\u00f3n Navision que ha ido evolucionando a Microsoft Dynamics 365 Business Central, dentro del [&hellip;]<\/p>\n","protected":false},"author":1,"featured_media":0,"parent":0,"menu_order":0,"comment_status":"closed","ping_status":"closed","template":"elementor_header_footer","meta":{"_acf_changed":false,"inline_featured_image":false,"footnotes":""},"class_list":["post-18232","page","type-page","status-publish","hentry","post-no-thumbnail"],"acf":[],"_links":{"self":[{"href":"https:\/\/olivia.es\/oliviaappsource\/wp-json\/wp\/v2\/pages\/18232","targetHints":{"allow":["GET"]}}],"collection":[{"href":"https:\/\/olivia.es\/oliviaappsource\/wp-json\/wp\/v2\/pages"}],"about":[{"href":"https:\/\/olivia.es\/oliviaappsource\/wp-json\/wp\/v2\/types\/page"}],"author":[{"embeddable":true,"href":"https:\/\/olivia.es\/oliviaappsource\/wp-json\/wp\/v2\/users\/1"}],"replies":[{"embeddable":true,"href":"https:\/\/olivia.es\/oliviaappsource\/wp-json\/wp\/v2\/comments?post=18232"}],"version-history":[{"count":40,"href":"https:\/\/olivia.es\/oliviaappsource\/wp-json\/wp\/v2\/pages\/18232\/revisions"}],"predecessor-version":[{"id":20399,"href":"https:\/\/olivia.es\/oliviaappsource\/wp-json\/wp\/v2\/pages\/18232\/revisions\/20399"}],"wp:attachment":[{"href":"https:\/\/olivia.es\/oliviaappsource\/wp-json\/wp\/v2\/media?parent=18232"}],"curies":[{"name":"wp","href":"https:\/\/api.w.org\/{rel}","templated":true}]}}