{"id":19948,"date":"2022-06-09T10:45:16","date_gmt":"2022-06-09T10:45:16","guid":{"rendered":"https:\/\/www.olivia.es\/oliviaappsource\/?post_type=product&#038;p=19948"},"modified":"2022-10-13T08:29:25","modified_gmt":"2022-10-13T08:29:25","slug":"outils-ossii","status":"publish","type":"product","link":"https:\/\/olivia.es\/oliviaappsource\/app\/outils-ossii\/","title":{"rendered":"Outils OSSII"},"content":{"rendered":"\t\t<div data-elementor-type=\"product-post\" data-elementor-id=\"19948\" class=\"elementor elementor-19948\" data-elementor-post-type=\"product\">\n\t\t\t\t\t\t<section class=\"elementor-section elementor-top-section elementor-element elementor-element-2fb6c8c elementor-section-boxed elementor-section-gap-beside-yes elementor-section-height-default elementor-section-height-default elementor-section-content-align-center elementor-section-column-vertical-align-stretch\" data-id=\"2fb6c8c\" data-element_type=\"section\">\n\t\t\t\t\t\t<div class=\"elementor-container elementor-column-gap-extended\">\n\t\t\t\t\t<div class=\"elementor-column elementor-col-33 elementor-top-column elementor-element elementor-element-387bc70\" data-id=\"387bc70\" data-element_type=\"column\">\n\t\t\t<div class=\"elementor-widget-wrap elementor-element-populated\">\n\t\t\t\t\t\t<div class=\"elementor-element elementor-element-3c5b86f elementor-widget elementor-widget-image\" data-id=\"3c5b86f\" data-element_type=\"widget\" data-widget_type=\"image.default\">\n\t\t\t\t<div class=\"elementor-widget-container\">\n\t\t\t\t\t\t\t\t\t\t\t\t\t\t\t<img fetchpriority=\"high\" decoding=\"async\" width=\"512\" height=\"512\" src=\"https:\/\/olivia.es\/oliviaappsource\/wp-content\/uploads\/2022\/06\/Outils-SII.png\" class=\"attachment-large size-large wp-image-19949\" alt=\"\" srcset=\"https:\/\/olivia.es\/oliviaappsource\/wp-content\/uploads\/2022\/06\/Outils-SII.png 512w, https:\/\/olivia.es\/oliviaappsource\/wp-content\/uploads\/2022\/06\/Outils-SII-300x300.png 300w, https:\/\/olivia.es\/oliviaappsource\/wp-content\/uploads\/2022\/06\/Outils-SII-150x150.png 150w, https:\/\/olivia.es\/oliviaappsource\/wp-content\/uploads\/2022\/06\/Outils-SII-120x120.png 120w\" sizes=\"(max-width: 512px) 100vw, 512px\" \/>\t\t\t\t\t\t\t\t\t\t\t\t\t\t\t<\/div>\n\t\t\t\t<\/div>\n\t\t\t\t\t<\/div>\n\t\t<\/div>\n\t\t\t\t<div class=\"elementor-column elementor-col-66 elementor-top-column elementor-element elementor-element-7c51bba\" data-id=\"7c51bba\" data-element_type=\"column\">\n\t\t\t<div class=\"elementor-widget-wrap elementor-element-populated\">\n\t\t\t\t\t\t<div class=\"elementor-element elementor-element-e838be5 elementor-widget elementor-widget-woocommerce-product-title elementor-page-title elementor-widget-heading\" data-id=\"e838be5\" data-element_type=\"widget\" data-widget_type=\"woocommerce-product-title.default\">\n\t\t\t\t<div class=\"elementor-widget-container\">\n\t\t\t\t\t<h1 class=\"product_title entry-title elementor-heading-title elementor-size-default\">Outils OSSII<\/h1>\t\t\t\t<\/div>\n\t\t\t\t<\/div>\n\t\t\t\t<div class=\"elementor-element elementor-element-4c916e9 elementor-widget elementor-widget-woocommerce-product-short-description\" data-id=\"4c916e9\" data-element_type=\"widget\" data-widget_type=\"woocommerce-product-short-description.default\">\n\t\t\t\t<div class=\"elementor-widget-container\">\n\t\t\t\t\t<div class=\"woocommerce-product-details__short-description\">\n\t<p>Olivia ha creado la soluci\u00f3n OSSII con el objetivo de a\u00f1adir al SII de Microsoft un conjunto de utilidades para agilizar y complementar la gesti\u00f3n del sistema de informaci\u00f3n inmediata. El fin de tener esta extensi\u00f3n es ampliar la funcionalidad que viene de manera est\u00e1ndar al ser un requerimiento legal, en Business Central. Toda aquella gesti\u00f3n que se incorpore de serie en las diferentes actualizaciones del ERP, las iremos discontinuando del producto propio para que utilice por defecto la utilidad que Microsoft. Por lo que no te tendr\u00e1s que preocupar por tener adaptaciones que entren en conflicto con el core de la soluci\u00f3n. Siempre OSSII a\u00f1adir\u00e1 funcionalidad que de manera est\u00e1ndar no incorpora tu Business Central.<\/p>\n<\/div>\n\t\t\t\t<\/div>\n\t\t\t\t<\/div>\n\t\t\t\t<div class=\"elementor-element elementor-element-586c6a5 elementor-widget elementor-widget-button\" data-id=\"586c6a5\" data-element_type=\"widget\" data-widget_type=\"button.default\">\n\t\t\t\t<div class=\"elementor-widget-container\">\n\t\t\t\t\t\t\t\t\t<div class=\"elementor-button-wrapper\">\n\t\t\t\t\t<a class=\"elementor-button elementor-button-link elementor-size-sm\" href=\"#form\">\n\t\t\t\t\t\t<span class=\"elementor-button-content-wrapper\">\n\t\t\t\t\t\t\t\t\t<span class=\"elementor-button-text\">Solicitar informaci\u00f3n<\/span>\n\t\t\t\t\t<\/span>\n\t\t\t\t\t<\/a>\n\t\t\t\t<\/div>\n\t\t\t\t\t\t\t\t<\/div>\n\t\t\t\t<\/div>\n\t\t\t\t\t<\/div>\n\t\t<\/div>\n\t\t\t\t\t<\/div>\n\t\t<\/section>\n\t\t\t\t<section class=\"elementor-section elementor-top-section elementor-element elementor-element-af491e6 elementor-section-boxed elementor-section-gap-beside-yes elementor-section-height-default elementor-section-height-default elementor-section-content-align-center elementor-section-column-vertical-align-stretch\" data-id=\"af491e6\" data-element_type=\"section\">\n\t\t\t\t\t\t<div class=\"elementor-container elementor-column-gap-extended\">\n\t\t\t\t\t<div class=\"elementor-column elementor-col-100 elementor-top-column elementor-element elementor-element-96e9f6f\" data-id=\"96e9f6f\" data-element_type=\"column\">\n\t\t\t<div class=\"elementor-widget-wrap elementor-element-populated\">\n\t\t\t\t\t\t<div class=\"elementor-element elementor-element-43b0f4b elementor-widget elementor-widget-text-editor\" data-id=\"43b0f4b\" data-element_type=\"widget\" data-widget_type=\"text-editor.default\">\n\t\t\t\t<div class=\"elementor-widget-container\">\n\t\t\t\t\t\t\t\t\t<p>Al ser un requerimiento por parte de la AEAT que evoluciona en el tiempo, nuestro equipo est\u00e1 constantemente inform\u00e1ndose de la funcionalidad necesaria que seria beneficioso a\u00f1adir, pero tambi\u00e9n analizando las diferentes actualizaciones de Microsoft para evaluar si la funcionalidad de Business Central es suficiente y entonces discontinuarla de OSSII o bien, modificar la soluci\u00f3n para que s\u00f3lo ampl\u00ede aquello que a\u00fan no realiza de una manera \u00e1gil la soluci\u00f3n est\u00e1ndar.<\/p>\t\t\t\t\t\t\t\t<\/div>\n\t\t\t\t<\/div>\n\t\t\t\t\t<\/div>\n\t\t<\/div>\n\t\t\t\t\t<\/div>\n\t\t<\/section>\n\t\t\t\t<section class=\"elementor-section elementor-top-section elementor-element elementor-element-6efd8b5 elementor-section-boxed elementor-section-gap-beside-yes elementor-section-height-default elementor-section-height-default elementor-section-content-align-center elementor-section-column-vertical-align-stretch\" data-id=\"6efd8b5\" data-element_type=\"section\">\n\t\t\t\t\t\t<div class=\"elementor-container elementor-column-gap-extended\">\n\t\t\t\t\t<div class=\"elementor-column elementor-col-100 elementor-top-column elementor-element elementor-element-57af47e\" data-id=\"57af47e\" data-element_type=\"column\">\n\t\t\t<div class=\"elementor-widget-wrap elementor-element-populated\">\n\t\t\t\t\t\t<div class=\"elementor-element elementor-element-f141dbb elementor-widget elementor-widget-heading\" data-id=\"f141dbb\" data-element_type=\"widget\" data-widget_type=\"heading.default\">\n\t\t\t\t<div class=\"elementor-widget-container\">\n\t\t\t\t\t<h2 class=\"elementor-heading-title elementor-size-default\">Funcionalidades<\/h2>\t\t\t\t<\/div>\n\t\t\t\t<\/div>\n\t\t\t\t<div class=\"elementor-element elementor-element-32209df elementor-widget elementor-widget-text-editor\" data-id=\"32209df\" data-element_type=\"widget\" data-widget_type=\"text-editor.default\">\n\t\t\t\t<div class=\"elementor-widget-container\">\n\t\t\t\t\t\t\t\t\t<ul><li>Posibilidad de excluir documento a presentar tanto de ventas como de compras<\/li><li>Poder visualizar en los movimiento de IVA si se ha excluido o no<\/li><li>A nivel de cliente y proveedor poder configurar m\u00e1s informaci\u00f3n por defecto de forma que no haya que indicarlo cada<\/li><li>vez que es genera un documento de venta o compra<\/li><li>Gesti\u00f3n del IVA no deducible<\/li><li>A\u00f1adir el nuevo valor F5 (importaciones DUA) por los proveedores<\/li><li><p>Crear una consulta que nos permita visualizar los documentos enviados al SII y poder crear vistas y filtros para consultarlos<\/p><\/li><li><p>Business Central permite actualizar alguna informaci\u00f3n antes de enviar en el SII, se ha a\u00f1adido poder hacerlo en alg\u00fan dato m\u00e1s, como por ejemplo, la factura y abono del proveedor.<\/p><\/li><\/ul>\t\t\t\t\t\t\t\t<\/div>\n\t\t\t\t<\/div>\n\t\t\t\t<div class=\"elementor-element elementor-element-b80fa06 elementor-widget elementor-widget-menu-anchor\" data-id=\"b80fa06\" data-element_type=\"widget\" data-widget_type=\"menu-anchor.default\">\n\t\t\t\t<div class=\"elementor-widget-container\">\n\t\t\t\t\t\t\t<div class=\"elementor-menu-anchor\" id=\"form\"><\/div>\n\t\t\t\t\t\t<\/div>\n\t\t\t\t<\/div>\n\t\t\t\t\t<\/div>\n\t\t<\/div>\n\t\t\t\t\t<\/div>\n\t\t<\/section>\n\t\t\t\t<section class=\"elementor-section elementor-top-section elementor-element elementor-element-1448ffe6 elementor-section-boxed elementor-section-gap-beside-yes elementor-section-height-default elementor-section-height-default elementor-section-content-align-center elementor-section-column-vertical-align-stretch\" data-id=\"1448ffe6\" data-element_type=\"section\" data-settings=\"{&quot;background_background&quot;:&quot;classic&quot;}\">\n\t\t\t\t\t\t<div class=\"elementor-container elementor-column-gap-extended\">\n\t\t\t\t\t<div class=\"elementor-column elementor-col-50 elementor-top-column elementor-element elementor-element-493a870c\" data-id=\"493a870c\" data-element_type=\"column\">\n\t\t\t<div class=\"elementor-widget-wrap elementor-element-populated\">\n\t\t\t\t\t\t<div class=\"elementor-element elementor-element-7933e51b elementor-widget elementor-widget-menu-anchor\" data-id=\"7933e51b\" data-element_type=\"widget\" data-widget_type=\"menu-anchor.default\">\n\t\t\t\t<div class=\"elementor-widget-container\">\n\t\t\t\t\t\t\t<div class=\"elementor-menu-anchor\" id=\"form\"><\/div>\n\t\t\t\t\t\t<\/div>\n\t\t\t\t<\/div>\n\t\t\t\t<div class=\"elementor-element elementor-element-297744d1 elementor-widget elementor-widget-heading\" data-id=\"297744d1\" data-element_type=\"widget\" data-widget_type=\"heading.default\">\n\t\t\t\t<div class=\"elementor-widget-container\">\n\t\t\t\t\t<h5 class=\"elementor-heading-title elementor-size-default\">\u00bfQuieres m\u00e1s informaci\u00f3n?<\/h5>\t\t\t\t<\/div>\n\t\t\t\t<\/div>\n\t\t\t\t<div class=\"elementor-element elementor-element-32071911 elementor-widget elementor-widget-heading\" data-id=\"32071911\" data-element_type=\"widget\" data-widget_type=\"heading.default\">\n\t\t\t\t<div class=\"elementor-widget-container\">\n\t\t\t\t\t<h5 class=\"elementor-heading-title elementor-size-default\">Rellena el formulario y te informamos<\/h5>\t\t\t\t<\/div>\n\t\t\t\t<\/div>\n\t\t\t\t<div class=\"elementor-element elementor-element-76326176 elementor-widget elementor-widget-image\" data-id=\"76326176\" data-element_type=\"widget\" data-widget_type=\"image.default\">\n\t\t\t\t<div class=\"elementor-widget-container\">\n\t\t\t\t\t\t\t\t\t\t\t\t\t\t\t<img decoding=\"async\" width=\"1\" height=\"1\" src=\"https:\/\/olivia.es\/oliviaappsource\/wp-content\/uploads\/2022\/10\/Product-presentation-bro.svg\" class=\"attachment-full size-full wp-image-20351\" alt=\"\" \/>\t\t\t\t\t\t\t\t\t\t\t\t\t\t\t<\/div>\n\t\t\t\t<\/div>\n\t\t\t\t\t<\/div>\n\t\t<\/div>\n\t\t\t\t<div class=\"elementor-column elementor-col-50 elementor-top-column elementor-element elementor-element-47df2501\" data-id=\"47df2501\" data-element_type=\"column\">\n\t\t\t<div class=\"elementor-widget-wrap elementor-element-populated\">\n\t\t\t\t\t\t<div class=\"elementor-element elementor-element-2db73602 elementor-widget elementor-widget-wpforms\" data-id=\"2db73602\" data-element_type=\"widget\" data-widget_type=\"wpforms.default\">\n\t\t\t\t<div class=\"elementor-widget-container\">\n\t\t\t\t\t<div class=\"wpforms-container wpforms-container-full\" id=\"wpforms-17852\"><form id=\"wpforms-form-17852\" class=\"wpforms-validate wpforms-form wpforms-ajax-form\" data-formid=\"17852\" method=\"post\" enctype=\"multipart\/form-data\" action=\"\/oliviaappsource\/wp-json\/wp\/v2\/product\/19948\" data-token=\"bbdcebab882add8bc6a1ef659ecf8eb4\" data-token-time=\"1778674430\"><noscript class=\"wpforms-error-noscript\">Por favor, activa JavaScript en tu navegador para completar este formulario.<\/noscript><div class=\"wpforms-field-container\"><div id=\"wpforms-17852-field_1-container\" class=\"wpforms-field wpforms-field-name\" data-field-id=\"1\"><label class=\"wpforms-field-label\">Nombre <span class=\"wpforms-required-label\">*<\/span><\/label><div class=\"wpforms-field-row wpforms-field-medium\"><div class=\"wpforms-field-row-block wpforms-first wpforms-one-half\"><input type=\"text\" id=\"wpforms-17852-field_1\" class=\"wpforms-field-name-first wpforms-field-required\" name=\"wpforms[fields][1][first]\" required><label for=\"wpforms-17852-field_1\" class=\"wpforms-field-sublabel after\">Nombre<\/label><\/div><div class=\"wpforms-field-row-block wpforms-one-half\"><input type=\"text\" id=\"wpforms-17852-field_1-last\" class=\"wpforms-field-name-last wpforms-field-required\" name=\"wpforms[fields][1][last]\" required><label for=\"wpforms-17852-field_1-last\" class=\"wpforms-field-sublabel after\">Apellidos<\/label><\/div><\/div><\/div><div id=\"wpforms-17852-field_2-container\" class=\"wpforms-field wpforms-field-email\" data-field-id=\"2\"><label class=\"wpforms-field-label\" for=\"wpforms-17852-field_2\">Correo electr\u00f3nico <span class=\"wpforms-required-label\">*<\/span><\/label><input type=\"email\" id=\"wpforms-17852-field_2\" class=\"wpforms-field-medium wpforms-field-required\" name=\"wpforms[fields][2]\" spellcheck=\"false\" required><\/div><div id=\"wpforms-17852-field_3-container\" class=\"wpforms-field wpforms-field-number\" data-field-id=\"3\"><label class=\"wpforms-field-label\" for=\"wpforms-17852-field_3\">Tel\u00e9fono <span class=\"wpforms-required-label\">*<\/span><\/label><input type=\"number\" id=\"wpforms-17852-field_3\" class=\"wpforms-field-medium wpforms-field-required\" name=\"wpforms[fields][3]\" step=\"any\" required><\/div><div id=\"wpforms-17852-field_4-container\" class=\"wpforms-field wpforms-field-textarea\" data-field-id=\"4\"><label class=\"wpforms-field-label\" for=\"wpforms-17852-field_4\">Comentarios<\/label><textarea id=\"wpforms-17852-field_4\" class=\"wpforms-field-medium\" name=\"wpforms[fields][4]\" ><\/textarea><\/div><\/div><!-- .wpforms-field-container --><div class=\"wpforms-submit-container\" ><input type=\"hidden\" name=\"wpforms[id]\" value=\"17852\"><input type=\"hidden\" name=\"page_title\" value=\"\"><input type=\"hidden\" name=\"page_url\" value=\"https:\/\/olivia.es\/oliviaappsource\/wp-json\/wp\/v2\/product\/19948\"><input type=\"hidden\" name=\"url_referer\" value=\"\"><button type=\"submit\" name=\"wpforms[submit]\" id=\"wpforms-submit-17852\" class=\"wpforms-submit\" data-alt-text=\"Enviando...\" data-submit-text=\"Enviar\" aria-live=\"assertive\" value=\"wpforms-submit\">Enviar<\/button><img decoding=\"async\" src=\"https:\/\/olivia.es\/oliviaappsource\/wp-content\/plugins\/wpforms-lite\/assets\/images\/submit-spin.svg\" class=\"wpforms-submit-spinner\" style=\"display: none;\" width=\"26\" height=\"26\" alt=\"Cargando\"><\/div><\/form><\/div>  <!-- .wpforms-container -->\t\t\t\t<\/div>\n\t\t\t\t<\/div>\n\t\t\t\t\t<\/div>\n\t\t<\/div>\n\t\t\t\t\t<\/div>\n\t\t<\/section>\n\t\t\t\t<\/div>\n\t\t","protected":false},"excerpt":{"rendered":"<p>Olivia ha creado la soluci\u00f3n OSSII con el objetivo de a\u00f1adir al SII de Microsoft un conjunto de utilidades para agilizar y complementar la gesti\u00f3n del sistema de informaci\u00f3n inmediata. El fin de tener esta extensi\u00f3n es ampliar la funcionalidad que viene de manera est\u00e1ndar al ser un requerimiento legal, en Business Central. Toda aquella gesti\u00f3n que se incorpore de serie en las diferentes actualizaciones del ERP, las iremos discontinuando del producto propio para que utilice por defecto la utilidad que Microsoft. Por lo que no te tendr\u00e1s que preocupar por tener adaptaciones que entren en conflicto con el core de la soluci\u00f3n. Siempre OSSII a\u00f1adir\u00e1 funcionalidad que de manera est\u00e1ndar no incorpora tu Business Central.<\/p>\n","protected":false},"featured_media":19949,"comment_status":"open","ping_status":"closed","template":"elementor_header_footer","meta":{"_acf_changed":false,"inline_featured_image":false},"product_brand":[],"product_cat":[72],"product_tag":[],"class_list":{"0":"post-19948","1":"product","2":"type-product","3":"status-publish","4":"has-post-thumbnail","6":"product_cat-general","8":"first","9":"instock","10":"shipping-taxable","11":"product-type-simple"},"acf":[],"_links":{"self":[{"href":"https:\/\/olivia.es\/oliviaappsource\/wp-json\/wp\/v2\/product\/19948","targetHints":{"allow":["GET"]}}],"collection":[{"href":"https:\/\/olivia.es\/oliviaappsource\/wp-json\/wp\/v2\/product"}],"about":[{"href":"https:\/\/olivia.es\/oliviaappsource\/wp-json\/wp\/v2\/types\/product"}],"replies":[{"embeddable":true,"href":"https:\/\/olivia.es\/oliviaappsource\/wp-json\/wp\/v2\/comments?post=19948"}],"version-history":[{"count":24,"href":"https:\/\/olivia.es\/oliviaappsource\/wp-json\/wp\/v2\/product\/19948\/revisions"}],"predecessor-version":[{"id":20369,"href":"https:\/\/olivia.es\/oliviaappsource\/wp-json\/wp\/v2\/product\/19948\/revisions\/20369"}],"wp:featuredmedia":[{"embeddable":true,"href":"https:\/\/olivia.es\/oliviaappsource\/wp-json\/wp\/v2\/media\/19949"}],"wp:attachment":[{"href":"https:\/\/olivia.es\/oliviaappsource\/wp-json\/wp\/v2\/media?parent=19948"}],"wp:term":[{"taxonomy":"product_brand","embeddable":true,"href":"https:\/\/olivia.es\/oliviaappsource\/wp-json\/wp\/v2\/product_brand?post=19948"},{"taxonomy":"product_cat","embeddable":true,"href":"https:\/\/olivia.es\/oliviaappsource\/wp-json\/wp\/v2\/product_cat?post=19948"},{"taxonomy":"product_tag","embeddable":true,"href":"https:\/\/olivia.es\/oliviaappsource\/wp-json\/wp\/v2\/product_tag?post=19948"}],"curies":[{"name":"wp","href":"https:\/\/api.w.org\/{rel}","templated":true}]}}